{"id":11,"date":"2021-06-18T12:43:19","date_gmt":"2021-06-18T12:43:19","guid":{"rendered":"http:\/\/estudioscriticosgeopolitica.net\/?page_id=11"},"modified":"2025-08-18T16:46:03","modified_gmt":"2025-08-18T22:46:03","slug":"about","status":"publish","type":"page","link":"https:\/\/estudioscriticosgeopolitica.net\/?page_id=11","title":{"rendered":"Acerca del seminario"},"content":{"rendered":"\n<div class=\"wp-block-cover alignfull\" style=\"min-height:305px;aspect-ratio:unset;\"><img loading=\"lazy\" decoding=\"async\" width=\"1080\" height=\"675\" class=\"wp-block-cover__image-background wp-image-1481\" alt=\"\" src=\"http:\/\/estudioscriticosgeopolitica.net\/wp-content\/uploads\/2021\/10\/71211259_1394549167362261_1105709248404258816_o-edited.jpg\" style=\"object-position:51% 29%\" data-object-fit=\"cover\" data-object-position=\"51% 29%\" srcset=\"https:\/\/estudioscriticosgeopolitica.net\/wp-content\/uploads\/2021\/10\/71211259_1394549167362261_1105709248404258816_o-edited.jpg 1080w, https:\/\/estudioscriticosgeopolitica.net\/wp-content\/uploads\/2021\/10\/71211259_1394549167362261_1105709248404258816_o-edited-300x188.jpg 300w, https:\/\/estudioscriticosgeopolitica.net\/wp-content\/uploads\/2021\/10\/71211259_1394549167362261_1105709248404258816_o-edited-1024x640.jpg 1024w, https:\/\/estudioscriticosgeopolitica.net\/wp-content\/uploads\/2021\/10\/71211259_1394549167362261_1105709248404258816_o-edited-768x480.jpg 768w\" sizes=\"auto, (max-width: 1080px) 100vw, 1080px\" \/><span aria-hidden=\"true\" class=\"wp-block-cover__background has-ast-global-color-7-background-color has-background-dim-80 has-background-dim\"><\/span><div class=\"wp-block-cover__inner-container is-layout-flow wp-block-cover-is-layout-flow\">\n<h1 class=\"wp-block-heading has-text-align-center has-text-color\" style=\"color:#ffffff\">Sobre el seminario<\/h1>\n<\/div><\/div>\n\n\n\n<div class=\"wp-block-group alignfull is-layout-flow wp-block-group-is-layout-flow\">\n<div class=\"wp-block-media-text alignwide is-stacked-on-mobile is-vertically-aligned-center\" style=\"grid-template-columns:51% auto\"><figure class=\"wp-block-media-text__media\"><img loading=\"lazy\" decoding=\"async\" width=\"720\" height=\"960\" src=\"http:\/\/estudioscriticosgeopolitica.net\/wp-content\/uploads\/2021\/10\/70661361_1384960944987750_5162890305740996608_n.jpg\" alt=\"\" class=\"wp-image-1544 size-full\" srcset=\"https:\/\/estudioscriticosgeopolitica.net\/wp-content\/uploads\/2021\/10\/70661361_1384960944987750_5162890305740996608_n.jpg 720w, https:\/\/estudioscriticosgeopolitica.net\/wp-content\/uploads\/2021\/10\/70661361_1384960944987750_5162890305740996608_n-225x300.jpg 225w\" sizes=\"auto, (max-width: 720px) 100vw, 720px\" \/><\/figure><div class=\"wp-block-media-text__content\">\n<div class=\"wp-block-group alignfull is-layout-flow wp-block-group-is-layout-flow\">\n<p class=\"has-ast-global-color-2-color has-text-color\"><strong>Sobre el seminario<\/strong><\/p>\n\n\n\n<p>En el 2015 el Seminario sobre Espacialidad, Dominaci\u00f3n y Violencia de la Facultad de Filosof\u00eda y Letras se consolid\u00f3 a partir de la convergencia de l\u00edneas, intereses y preocupaciones de investigaci\u00f3n que giraban en torno a la dominaci\u00f3n y a la violencia y sus formas de espacializaci\u00f3n en la actualidad.&nbsp;<\/p>\n\n\n\n<p>Desde su origen, el seminario busc\u00f3 poner en discusi\u00f3n a trav\u00e9s de la inter, multi y transdisciplinariedad as\u00ed como de la trans-escalaridad, el an\u00e1lisis de la espacialidad en el siglo XXI, especialmente aquella que directamente se vincula con formas, mecanismos y procesos de dominaci\u00f3n y violencia, que son caracter\u00edsticas de la globalidad imperante.&nbsp;<\/p>\n\n\n\n<p>Con el fin de tener una comprensi\u00f3n integral de estos procesos que ocurren en nuestra realidad y para dotar de elementos as\u00ed como de capacidades anal\u00edticas, el pensamiento cr\u00edtico y colectivo es uno de los ejes rectores del seminario, el cual ha permitido la confrontaci\u00f3n, el debate y el di\u00e1logo desde distintas perspectivas sobre la dominaci\u00f3n y la violencia del mundo actual, as\u00ed como sus formas de espacializaci\u00f3n y territorializaci\u00f3n. De la misma forma, en el seminario se ha buscado acercarse al estudio de las formas emancipatorias y de otras formas de vida que generan cortocircuitos con la realidad dominante y que buscan establecer nuevas posibilidades civilizatorias en este mundo que parece homog\u00e9neo y cerrado.<\/p>\n\n\n\n<p>Producto de estas discusiones que se han llevado a cabo en el seminario y de la mano de la geograf\u00eda cr\u00edtica, se han publicado trabajos en colectivo e individuales que han profundizado en el an\u00e1lisis de la producci\u00f3n del espacio, su relaci\u00f3n con los procesos de dominaci\u00f3n y sus manifestaciones de violencia, haciendo uso de diversas \u00e1reas del conocimiento de las cuales abreva la perspectiva cr\u00edtica para el desarrollo de un conocimiento multidisciplinario.&nbsp;<\/p>\n\n\n\n<p>La colaboraci\u00f3n con otros seminarios, especialistas y facultades ha sido fundamental para vincular visiones e intereses de las l\u00edneas de investigaci\u00f3n propias del seminario en funci\u00f3n de reflexionar nuestras realidades de una forma cr\u00edtica y colectiva. Por eso mismo, la formaci\u00f3n y la contribuci\u00f3n de las y los estudiantes que se han interesado en estas discusiones ha sido importante para reflexionar a partir de las inquietudes de todas y todos.&nbsp;<\/p>\n\n\n\n<hr class=\"wp-block-separator has-text-color has-u-002-du-002-dast-global-color-3-color has-css-opacity has-u-002-du-002-dast-global-color-3-background-color has-background alignfull has-ast-global-color-3-background-color has-ast-global-color-3-color is-style-wide\"\/>\n<\/div>\n\n\n\n<p><\/p>\n<\/div><\/div>\n<\/div>\n\n\n\n<div class=\"wp-block-columns is-layout-flex wp-container-core-columns-is-layout-28f84493 wp-block-columns-is-layout-flex\">\n<div class=\"wp-block-column is-layout-flow wp-block-column-is-layout-flow\">\n<h2 class=\"wp-block-heading\">Objetivo<\/h2>\n\n\n\n<p><\/p>\n\n\n\n<div class=\"wp-block-buttons is-layout-flex wp-block-buttons-is-layout-flex\"><\/div>\n<\/div>\n\n\n\n<div class=\"wp-block-column is-layout-flow wp-block-column-is-layout-flow\">\n<figure class=\"wp-block-embed is-type-video is-provider-youtube wp-block-embed-youtube wp-embed-aspect-4-3 wp-has-aspect-ratio\"><div class=\"wp-block-embed__wrapper\">\n<div class=\"ast-oembed-container \" style=\"height: 100%;\"><iframe loading=\"lazy\" title=\"SECG\" width=\"500\" height=\"281\" src=\"https:\/\/www.youtube.com\/embed\/TAoecTN50jk?feature=oembed\" frameborder=\"0\" allow=\"accelerometer; autoplay; clipboard-write; encrypted-media; gyroscope; picture-in-picture; web-share\" referrerpolicy=\"strict-origin-when-cross-origin\" allowfullscreen><\/iframe><\/div>\n<\/div><\/figure>\n<\/div>\n<\/div>\n\n\n\n<h2 class=\"wp-block-heading\">Integrantes<\/h2>\n\n\n\n<p><\/p>\n\n\n\n<div class=\"wp-block-columns is-layout-flex wp-container-core-columns-is-layout-28f84493 wp-block-columns-is-layout-flex\">\n<div class=\"wp-block-column is-layout-flow wp-block-column-is-layout-flow\">\n<p>MIEMBROS PERMANENTES<\/p>\n<\/div>\n<\/div>\n\n\n\n<div class=\"wp-block-columns is-layout-flex wp-container-core-columns-is-layout-28f84493 wp-block-columns-is-layout-flex\">\n<div class=\"wp-block-column is-layout-flow wp-block-column-is-layout-flow\">\n<div class=\"wp-block-media-text alignwide is-stacked-on-mobile has-ast-global-color-2-color has-text-color\" style=\"grid-template-columns:15% auto\"><figure class=\"wp-block-media-text__media\"><img loading=\"lazy\" decoding=\"async\" width=\"768\" height=\"1024\" src=\"https:\/\/estudioscriticosgeopolitica.net\/wp-content\/uploads\/2024\/03\/WhatsApp-Image-2024-03-12-at-20.32.52-1-768x1024.jpeg\" alt=\"\" class=\"wp-image-2033 size-full\" srcset=\"https:\/\/estudioscriticosgeopolitica.net\/wp-content\/uploads\/2024\/03\/WhatsApp-Image-2024-03-12-at-20.32.52-1-768x1024.jpeg 768w, https:\/\/estudioscriticosgeopolitica.net\/wp-content\/uploads\/2024\/03\/WhatsApp-Image-2024-03-12-at-20.32.52-1-225x300.jpeg 225w, https:\/\/estudioscriticosgeopolitica.net\/wp-content\/uploads\/2024\/03\/WhatsApp-Image-2024-03-12-at-20.32.52-1.jpeg 960w\" sizes=\"auto, (max-width: 768px) 100vw, 768px\" \/><\/figure><div class=\"wp-block-media-text__content\">\n<p class=\"has-medium-font-size\"><a href=\"https:\/\/estudioscriticosgeopolitica.net\/?page_id=1743\" target=\"_blank\" rel=\"noreferrer noopener\">David Herrera Santana<\/a><\/p>\n<\/div><\/div>\n\n\n\n<div class=\"wp-block-media-text alignwide is-stacked-on-mobile\" style=\"grid-template-columns:15% auto\"><figure class=\"wp-block-media-text__media\"><a href=\"https:\/\/estudioscriticosgeopolitica.net\/?page_id=1824\"><img loading=\"lazy\" decoding=\"async\" width=\"462\" height=\"404\" src=\"https:\/\/estudioscriticosgeopolitica.net\/wp-content\/uploads\/2021\/11\/Saracho-2-1.jpg\" alt=\"\" class=\"wp-image-1833 size-full\" srcset=\"https:\/\/estudioscriticosgeopolitica.net\/wp-content\/uploads\/2021\/11\/Saracho-2-1.jpg 462w, https:\/\/estudioscriticosgeopolitica.net\/wp-content\/uploads\/2021\/11\/Saracho-2-1-300x262.jpg 300w\" sizes=\"auto, (max-width: 462px) 100vw, 462px\" \/><\/a><\/figure><div class=\"wp-block-media-text__content\">\n<p class=\"has-medium-font-size\"><a href=\"https:\/\/estudioscriticosgeopolitica.net\/?page_id=1824\">Federico Saracho L\u00f3pez<\/a><\/p>\n<\/div><\/div>\n\n\n\n<div class=\"wp-block-media-text alignwide is-stacked-on-mobile\" style=\"grid-template-columns:15% auto\"><figure class=\"wp-block-media-text__media\"><img loading=\"lazy\" decoding=\"async\" width=\"526\" height=\"527\" src=\"https:\/\/estudioscriticosgeopolitica.net\/wp-content\/uploads\/2022\/01\/Foto-1-edited.jpg\" alt=\"\" class=\"wp-image-1887 size-full\" srcset=\"https:\/\/estudioscriticosgeopolitica.net\/wp-content\/uploads\/2022\/01\/Foto-1-edited.jpg 526w, https:\/\/estudioscriticosgeopolitica.net\/wp-content\/uploads\/2022\/01\/Foto-1-edited-300x300.jpg 300w, https:\/\/estudioscriticosgeopolitica.net\/wp-content\/uploads\/2022\/01\/Foto-1-edited-150x150.jpg 150w\" sizes=\"auto, (max-width: 526px) 100vw, 526px\" \/><\/figure><div class=\"wp-block-media-text__content\">\n<p class=\"has-ast-global-color-2-color has-text-color has-medium-font-size\"><a href=\"https:\/\/estudioscriticosgeopolitica.net\/?page_id=1881\" title=\"https:\/\/estudioscriticosgeopolitica.net\/?page_id=1881\">Daniela Rezago Flores<\/a><\/p>\n<\/div><\/div>\n\n\n\n<div class=\"wp-block-media-text alignwide is-stacked-on-mobile\" style=\"grid-template-columns:15% auto\"><figure class=\"wp-block-media-text__media\"><img loading=\"lazy\" decoding=\"async\" width=\"1024\" height=\"1024\" src=\"https:\/\/estudioscriticosgeopolitica.net\/wp-content\/uploads\/2023\/09\/Foto-itzam-1-1-1024x1024.jpg\" alt=\"\" class=\"wp-image-1945 size-full\" srcset=\"https:\/\/estudioscriticosgeopolitica.net\/wp-content\/uploads\/2023\/09\/Foto-itzam-1-1-1024x1024.jpg 1024w, https:\/\/estudioscriticosgeopolitica.net\/wp-content\/uploads\/2023\/09\/Foto-itzam-1-1-300x300.jpg 300w, https:\/\/estudioscriticosgeopolitica.net\/wp-content\/uploads\/2023\/09\/Foto-itzam-1-1-150x150.jpg 150w, https:\/\/estudioscriticosgeopolitica.net\/wp-content\/uploads\/2023\/09\/Foto-itzam-1-1-768x768.jpg 768w, https:\/\/estudioscriticosgeopolitica.net\/wp-content\/uploads\/2023\/09\/Foto-itzam-1-1.jpg 1200w\" sizes=\"auto, (max-width: 1024px) 100vw, 1024px\" \/><\/figure><div class=\"wp-block-media-text__content\">\n<p class=\"has-ast-global-color-2-color has-text-color has-medium-font-size\"><a href=\"https:\/\/estudioscriticosgeopolitica.net\/?page_id=1876\">Itzam  Tonalli  Mart\u00ednez  Mart\u00ednez<\/a><\/p>\n<\/div><\/div>\n\n\n\n<div class=\"wp-block-media-text alignwide is-stacked-on-mobile\" style=\"grid-template-columns:15% auto\"><figure class=\"wp-block-media-text__media\"><a href=\"https:\/\/estudioscriticosgeopolitica.net\/?page_id=1973\"><img loading=\"lazy\" decoding=\"async\" width=\"1024\" height=\"831\" src=\"http:\/\/estudioscriticosgeopolitica.net\/wp-content\/uploads\/2023\/09\/Foto-presentacion-1024x831.jpg\" alt=\"\" class=\"wp-image-1974 size-full\" srcset=\"https:\/\/estudioscriticosgeopolitica.net\/wp-content\/uploads\/2023\/09\/Foto-presentacion-1024x831.jpg 1024w, https:\/\/estudioscriticosgeopolitica.net\/wp-content\/uploads\/2023\/09\/Foto-presentacion-300x244.jpg 300w, https:\/\/estudioscriticosgeopolitica.net\/wp-content\/uploads\/2023\/09\/Foto-presentacion-768x623.jpg 768w, https:\/\/estudioscriticosgeopolitica.net\/wp-content\/uploads\/2023\/09\/Foto-presentacion-1536x1247.jpg 1536w, https:\/\/estudioscriticosgeopolitica.net\/wp-content\/uploads\/2023\/09\/Foto-presentacion-2048x1663.jpg 2048w\" sizes=\"auto, (max-width: 1024px) 100vw, 1024px\" \/><\/a><\/figure><div class=\"wp-block-media-text__content\">\n<p class=\"has-ast-global-color-2-color has-text-color has-medium-font-size\"><a href=\"https:\/\/estudioscriticosgeopolitica.net\/?page_id=1973(abre en una nueva pesta\u00f1a)\" title=\"Natalia Isabel Gil Grandett\">Natalia Isabel Gil Grandett<\/a><\/p>\n<\/div><\/div>\n\n\n\n<div class=\"wp-block-media-text alignwide is-stacked-on-mobile\" style=\"grid-template-columns:15% auto\"><figure class=\"wp-block-media-text__media\"><a href=\"https:\/\/estudioscriticosgeopolitica.net\/?page_id=1973\"><img loading=\"lazy\" decoding=\"async\" width=\"512\" height=\"408\" src=\"https:\/\/estudioscriticosgeopolitica.net\/wp-content\/uploads\/2023\/10\/Imagen-fer-1.png\" alt=\"\" class=\"wp-image-2011 size-full\" srcset=\"https:\/\/estudioscriticosgeopolitica.net\/wp-content\/uploads\/2023\/10\/Imagen-fer-1.png 512w, https:\/\/estudioscriticosgeopolitica.net\/wp-content\/uploads\/2023\/10\/Imagen-fer-1-300x239.png 300w\" sizes=\"auto, (max-width: 512px) 100vw, 512px\" \/><\/a><\/figure><div class=\"wp-block-media-text__content\">\n<p class=\"has-ast-global-color-2-color has-text-color has-medium-font-size\"><a href=\"https:\/\/estudioscriticosgeopolitica.net\/?page_id=2008\" title=\"Mar\u00eda Fernanda Correa Alejandri\">Mar\u00eda Fernanda Correa Alejandri<\/a><\/p>\n<\/div><\/div>\n<\/div>\n\n\n\n<div class=\"wp-block-column is-layout-flow wp-block-column-is-layout-flow\">\n<div class=\"wp-block-media-text alignwide is-stacked-on-mobile\" style=\"grid-template-columns:15% auto\"><figure class=\"wp-block-media-text__media\"><img loading=\"lazy\" decoding=\"async\" width=\"150\" height=\"150\" src=\"https:\/\/estudioscriticosgeopolitica.net\/wp-content\/uploads\/2021\/11\/P1000667-3-150x150.png\" alt=\"\" class=\"wp-image-1734 size-thumbnail\"\/><\/figure><div class=\"wp-block-media-text__content\">\n<p class=\"has-medium-font-size\"><a href=\"https:\/\/estudioscriticosgeopolitica.net\/?page_id=1751\" target=\"_blank\" rel=\"noreferrer noopener\">Fabi\u00e1n Gonz\u00e1lez Luna<\/a><\/p>\n<\/div><\/div>\n\n\n\n<div class=\"wp-block-media-text alignwide is-stacked-on-mobile\" style=\"grid-template-columns:15% auto\"><figure class=\"wp-block-media-text__media\"><img loading=\"lazy\" decoding=\"async\" width=\"1024\" height=\"1024\" src=\"https:\/\/estudioscriticosgeopolitica.net\/wp-content\/uploads\/2021\/11\/WhatsApp-Image-2021-10-26-at-7.59.17-PM-2-1024x1024.jpeg\" alt=\"\" class=\"wp-image-1741 size-medium\" srcset=\"https:\/\/estudioscriticosgeopolitica.net\/wp-content\/uploads\/2021\/11\/WhatsApp-Image-2021-10-26-at-7.59.17-PM-2-1024x1024.jpeg 1024w, https:\/\/estudioscriticosgeopolitica.net\/wp-content\/uploads\/2021\/11\/WhatsApp-Image-2021-10-26-at-7.59.17-PM-2-300x300.jpeg 300w, https:\/\/estudioscriticosgeopolitica.net\/wp-content\/uploads\/2021\/11\/WhatsApp-Image-2021-10-26-at-7.59.17-PM-2-150x150.jpeg 150w, https:\/\/estudioscriticosgeopolitica.net\/wp-content\/uploads\/2021\/11\/WhatsApp-Image-2021-10-26-at-7.59.17-PM-2-768x769.jpeg 768w, https:\/\/estudioscriticosgeopolitica.net\/wp-content\/uploads\/2021\/11\/WhatsApp-Image-2021-10-26-at-7.59.17-PM-2.jpeg 1314w\" sizes=\"auto, (max-width: 1024px) 100vw, 1024px\" \/><\/figure><div class=\"wp-block-media-text__content\">\n<p class=\"has-medium-font-size\"><a href=\"https:\/\/estudioscriticosgeopolitica.net\/?page_id=1758\" target=\"_blank\" rel=\"noreferrer noopener\">Cesari Irwing Rico Becerra<\/a><\/p>\n<\/div><\/div>\n\n\n\n<div class=\"wp-block-media-text alignwide is-stacked-on-mobile\" style=\"grid-template-columns:15% auto\"><figure class=\"wp-block-media-text__media\"><img loading=\"lazy\" decoding=\"async\" width=\"1024\" height=\"1024\" src=\"https:\/\/estudioscriticosgeopolitica.net\/wp-content\/uploads\/2025\/08\/6a820b0f-e5d0-478e-a9a3-42399f415220-1-1024x1024.jpg\" alt=\"\" class=\"wp-image-2071 size-full\" srcset=\"https:\/\/estudioscriticosgeopolitica.net\/wp-content\/uploads\/2025\/08\/6a820b0f-e5d0-478e-a9a3-42399f415220-1-1024x1024.jpg 1024w, https:\/\/estudioscriticosgeopolitica.net\/wp-content\/uploads\/2025\/08\/6a820b0f-e5d0-478e-a9a3-42399f415220-1-300x300.jpg 300w, https:\/\/estudioscriticosgeopolitica.net\/wp-content\/uploads\/2025\/08\/6a820b0f-e5d0-478e-a9a3-42399f415220-1-150x150.jpg 150w, https:\/\/estudioscriticosgeopolitica.net\/wp-content\/uploads\/2025\/08\/6a820b0f-e5d0-478e-a9a3-42399f415220-1-768x768.jpg 768w, https:\/\/estudioscriticosgeopolitica.net\/wp-content\/uploads\/2025\/08\/6a820b0f-e5d0-478e-a9a3-42399f415220-1-1536x1536.jpg 1536w, https:\/\/estudioscriticosgeopolitica.net\/wp-content\/uploads\/2025\/08\/6a820b0f-e5d0-478e-a9a3-42399f415220-1-2048x2048.jpg 2048w\" sizes=\"auto, (max-width: 1024px) 100vw, 1024px\" \/><\/figure><div class=\"wp-block-media-text__content\">\n<p class=\"has-medium-font-size\"><a href=\"https:\/\/estudioscriticosgeopolitica.net\/?page_id=1848\">Ira\u00eds Fuentes Arzate<\/a><\/p>\n<\/div><\/div>\n\n\n\n<div class=\"wp-block-media-text alignwide is-stacked-on-mobile\" style=\"grid-template-columns:15% auto\"><figure class=\"wp-block-media-text__media\"><img loading=\"lazy\" decoding=\"async\" width=\"822\" height=\"822\" src=\"http:\/\/estudioscriticosgeopolitica.net\/wp-content\/uploads\/2022\/01\/image-edited-1.png\" alt=\"\" class=\"wp-image-1870 size-full\" srcset=\"https:\/\/estudioscriticosgeopolitica.net\/wp-content\/uploads\/2022\/01\/image-edited-1.png 822w, https:\/\/estudioscriticosgeopolitica.net\/wp-content\/uploads\/2022\/01\/image-edited-1-300x300.png 300w, https:\/\/estudioscriticosgeopolitica.net\/wp-content\/uploads\/2022\/01\/image-edited-1-150x150.png 150w, https:\/\/estudioscriticosgeopolitica.net\/wp-content\/uploads\/2022\/01\/image-edited-1-768x768.png 768w\" sizes=\"auto, (max-width: 822px) 100vw, 822px\" \/><\/figure><div class=\"wp-block-media-text__content\">\n<p class=\"has-medium-font-size\"><a href=\"https:\/\/estudioscriticosgeopolitica.net\/?page_id=1867\">Fernanda Tejada Quintino<\/a><\/p>\n<\/div><\/div>\n\n\n\n<div class=\"wp-block-media-text alignwide is-stacked-on-mobile\" style=\"grid-template-columns:15% auto\"><figure class=\"wp-block-media-text__media\"><img loading=\"lazy\" decoding=\"async\" width=\"1024\" height=\"905\" src=\"https:\/\/estudioscriticosgeopolitica.net\/wp-content\/uploads\/2023\/09\/Captura-de-pantalla-2023-09-14-a-las-11.17.47-1024x905.png\" alt=\"\" class=\"wp-image-1916 size-full\" srcset=\"https:\/\/estudioscriticosgeopolitica.net\/wp-content\/uploads\/2023\/09\/Captura-de-pantalla-2023-09-14-a-las-11.17.47-1024x905.png 1024w, https:\/\/estudioscriticosgeopolitica.net\/wp-content\/uploads\/2023\/09\/Captura-de-pantalla-2023-09-14-a-las-11.17.47-300x265.png 300w, https:\/\/estudioscriticosgeopolitica.net\/wp-content\/uploads\/2023\/09\/Captura-de-pantalla-2023-09-14-a-las-11.17.47-768x678.png 768w, https:\/\/estudioscriticosgeopolitica.net\/wp-content\/uploads\/2023\/09\/Captura-de-pantalla-2023-09-14-a-las-11.17.47.png 1064w\" sizes=\"auto, (max-width: 1024px) 100vw, 1024px\" \/><\/figure><div class=\"wp-block-media-text__content\">\n<p class=\"has-medium-font-size\"><a href=\"https:\/\/estudioscriticosgeopolitica.net\/?page_id=1920\" target=\"_blank\" rel=\"noreferrer noopener\">Martha Guadalupe Trujillo Macario<\/a><\/p>\n<\/div><\/div>\n<\/div>\n<\/div>\n\n\n\n<p><\/p>\n\n\n\n<p>BECARIOS <\/p>\n\n\n\n<p><\/p>\n\n\n\n<p>MIEMBROS EXTERNOS<\/p>\n\n\n\n<div class=\"wp-block-columns is-layout-flex wp-container-core-columns-is-layout-28f84493 wp-block-columns-is-layout-flex\">\n<div class=\"wp-block-column is-layout-flow wp-block-column-is-layout-flow\">\n<div class=\"wp-block-media-text is-stacked-on-mobile\" style=\"grid-template-columns:16% auto\"><figure class=\"wp-block-media-text__media\"><img loading=\"lazy\" decoding=\"async\" width=\"714\" height=\"770\" src=\"https:\/\/estudioscriticosgeopolitica.net\/wp-content\/uploads\/2023\/09\/Foto-LFR-1.png\" alt=\"\" class=\"wp-image-1965 size-full\" srcset=\"https:\/\/estudioscriticosgeopolitica.net\/wp-content\/uploads\/2023\/09\/Foto-LFR-1.png 714w, https:\/\/estudioscriticosgeopolitica.net\/wp-content\/uploads\/2023\/09\/Foto-LFR-1-278x300.png 278w\" sizes=\"auto, (max-width: 714px) 100vw, 714px\" \/><\/figure><div class=\"wp-block-media-text__content\">\n<p class=\"has-medium-font-size\"><a href=\"https:\/\/estudioscriticosgeopolitica.net\/?page_id=1960\" title=\"Luisa Fernanda Rodr\u00edguez Cort\u00e9s\">Luisa Fernanda Rodr\u00edguez Cort\u00e9s<\/a><\/p>\n<\/div><\/div>\n<\/div>\n\n\n\n<div class=\"wp-block-column is-layout-flow wp-block-column-is-layout-flow\"><\/div>\n<\/div>\n","protected":false},"excerpt":{"rendered":"<p>Sobre el seminario En el 2015 el Seminario sobre Espacialidad, Dominaci\u00f3n y Violencia de la Facultad de Filosof\u00eda y Letras se consolid\u00f3 a partir de la convergencia de l\u00edneas, intereses y preocupaciones de investigaci\u00f3n que giraban en torno a la dominaci\u00f3n y a la violencia y sus formas de espacializaci\u00f3n en la actualidad.&nbsp; Desde su [&hellip;]<\/p>\n","protected":false},"author":1,"featured_media":0,"parent":0,"menu_order":0,"comment_status":"closed","ping_status":"closed","template":"","meta":{"_monsterinsights_skip_tracking":false,"_monsterinsights_sitenote_active":false,"_monsterinsights_sitenote_note":"","_monsterinsights_sitenote_category":0,"site-sidebar-layout":"no-sidebar","site-content-layout":"plain-container","ast-site-content-layout":"default","site-content-style":"default","site-sidebar-style":"default","ast-global-header-display":"","ast-banner-title-visibility":"","ast-main-header-display":"","ast-hfb-above-header-display":"","ast-hfb-below-header-display":"","ast-hfb-mobile-header-display":"","site-post-title":"disabled","ast-breadcrumbs-content":"","ast-featured-img":"disabled","footer-sml-layout":"","theme-transparent-header-meta":"enabled","adv-header-id-meta":"","stick-header-meta":"","header-above-stick-meta":"","header-main-stick-meta":"","header-below-stick-meta":"","astra-migrate-meta-layouts":"default","ast-page-background-enabled":"default","ast-page-background-meta":{"desktop":{"background-color":"","background-image":"","background-repeat":"repeat","background-position":"center center","background-size":"auto","background-attachment":"scroll","background-type":"","background-media":"","overlay-type":"","overlay-color":"","overlay-opacity":"","overlay-gradient":""},"tablet":{"background-color":"","background-image":"","background-repeat":"repeat","background-position":"center center","background-size":"auto","background-attachment":"scroll","background-type":"","background-media":"","overlay-type":"","overlay-color":"","overlay-opacity":"","overlay-gradient":""},"mobile":{"background-color":"","background-image":"","background-repeat":"repeat","background-position":"center center","background-size":"auto","background-attachment":"scroll","background-type":"","background-media":"","overlay-type":"","overlay-color":"","overlay-opacity":"","overlay-gradient":""}},"ast-content-background-meta":{"desktop":{"background-color":"var(--ast-global-color-5)","background-image":"","background-repeat":"repeat","background-position":"center center","background-size":"auto","background-attachment":"scroll","background-type":"","background-media":"","overlay-type":"","overlay-color":"","overlay-opacity":"","overlay-gradient":""},"tablet":{"background-color":"var(--ast-global-color-5)","background-image":"","background-repeat":"repeat","background-position":"center center","background-size":"auto","background-attachment":"scroll","background-type":"","background-media":"","overlay-type":"","overlay-color":"","overlay-opacity":"","overlay-gradient":""},"mobile":{"background-color":"var(--ast-global-color-5)","background-image":"","background-repeat":"repeat","background-position":"center center","background-size":"auto","background-attachment":"scroll","background-type":"","background-media":"","overlay-type":"","overlay-color":"","overlay-opacity":"","overlay-gradient":""}},"footnotes":""},"class_list":["post-11","page","type-page","status-publish","hentry"],"_links":{"self":[{"href":"https:\/\/estudioscriticosgeopolitica.net\/index.php?rest_route=\/wp\/v2\/pages\/11","targetHints":{"allow":["GET"]}}],"collection":[{"href":"https:\/\/estudioscriticosgeopolitica.net\/index.php?rest_route=\/wp\/v2\/pages"}],"about":[{"href":"https:\/\/estudioscriticosgeopolitica.net\/index.php?rest_route=\/wp\/v2\/types\/page"}],"author":[{"embeddable":true,"href":"https:\/\/estudioscriticosgeopolitica.net\/index.php?rest_route=\/wp\/v2\/users\/1"}],"replies":[{"embeddable":true,"href":"https:\/\/estudioscriticosgeopolitica.net\/index.php?rest_route=%2Fwp%2Fv2%2Fcomments&post=11"}],"version-history":[{"count":39,"href":"https:\/\/estudioscriticosgeopolitica.net\/index.php?rest_route=\/wp\/v2\/pages\/11\/revisions"}],"predecessor-version":[{"id":2073,"href":"https:\/\/estudioscriticosgeopolitica.net\/index.php?rest_route=\/wp\/v2\/pages\/11\/revisions\/2073"}],"wp:attachment":[{"href":"https:\/\/estudioscriticosgeopolitica.net\/index.php?rest_route=%2Fwp%2Fv2%2Fmedia&parent=11"}],"curies":[{"name":"wp","href":"https:\/\/api.w.org\/{rel}","templated":true}]}}