{"id":1743,"date":"2021-11-05T21:39:29","date_gmt":"2021-11-06T03:39:29","guid":{"rendered":"https:\/\/estudioscriticosgeopolitica.net\/?page_id=1743"},"modified":"2024-03-12T20:52:23","modified_gmt":"2024-03-13T02:52:23","slug":"dr-david-herrera-santana","status":"publish","type":"page","link":"https:\/\/estudioscriticosgeopolitica.net\/?page_id=1743","title":{"rendered":"David Herrera Santana"},"content":{"rendered":"\n<p><\/p>\n\n\n\n<figure class=\"wp-block-image size-full is-resized\"><img loading=\"lazy\" decoding=\"async\" width=\"960\" height=\"1280\" src=\"https:\/\/estudioscriticosgeopolitica.net\/wp-content\/uploads\/2024\/03\/WhatsApp-Image-2024-03-12-at-20.32.52.jpeg\" alt=\"\" class=\"wp-image-2031\" style=\"width:341px;height:329px\" srcset=\"https:\/\/estudioscriticosgeopolitica.net\/wp-content\/uploads\/2024\/03\/WhatsApp-Image-2024-03-12-at-20.32.52.jpeg 960w, https:\/\/estudioscriticosgeopolitica.net\/wp-content\/uploads\/2024\/03\/WhatsApp-Image-2024-03-12-at-20.32.52-225x300.jpeg 225w, https:\/\/estudioscriticosgeopolitica.net\/wp-content\/uploads\/2024\/03\/WhatsApp-Image-2024-03-12-at-20.32.52-768x1024.jpeg 768w\" sizes=\"auto, (max-width: 960px) 100vw, 960px\" \/><\/figure>\n\n\n\n<p><em>Profesor de Carrera de Tiempo Completo, Facultad de Filosof\u00eda y Letras (UNAM)<\/em><\/p>\n\n\n\n<p class=\"has-ast-global-color-2-color has-text-color\"><strong>Estudios<\/strong><\/p>\n\n\n\n<ul class=\"wp-block-list\">\n<li>Doctor en Ciencias Pol\u00edticas y Sociales (PPCPyS-UNAM)<\/li>\n\n\n\n<li>Maestro en Estudios en Relaciones Internacionales (PPCPyS-UNAM)<\/li>\n\n\n\n<li>Licenciado en Relaciones Internacionales (FCPyS, UNAM)<\/li>\n<\/ul>\n\n\n\n<p><\/p>\n\n\n\n<p class=\"has-ast-global-color-2-color has-text-color\"><strong>Informaci\u00f3n de contacto<\/strong><\/p>\n\n\n\n<ul class=\"wp-block-list\">\n<li><a href=\"mailto:davidherrera@filos.unam.mx\">davidherrera@filos.unam.mx<\/a><\/li>\n\n\n\n<li><a href=\"mailto:david.herrera@comunidad.unam.mx\">david.herrera@comunidad.unam.mx<\/a><\/li>\n<\/ul>\n\n\n\n<p><\/p>\n\n\n\n<p class=\"has-ast-global-color-2-color has-text-color\"><strong>L\u00edneas de investigaci\u00f3n<\/strong><\/p>\n\n\n\n<ul class=\"wp-block-list\">\n<li>Geopol\u00edtica (aspectos te\u00f3ricos y metodol\u00f3gicos)<\/li>\n\n\n\n<li>Aproximaciones al r\u00e9gimen biopol\u00edtico\/geopol\u00edtico<\/li>\n\n\n\n<li>Geopol\u00edtica y geoestrategia de Estados Unidos<\/li>\n\n\n\n<li>Hegemon\u00eda y orden geopol\u00edtico mundial<\/li>\n\n\n\n<li>Volumetr\u00eda, escala y espacios estrat\u00e9gicos<\/li>\n<\/ul>\n\n\n\n<p><\/p>\n\n\n\n<p class=\"has-ast-global-color-2-color has-text-color\"><strong>Cursos impartidos<\/strong><\/p>\n\n\n\n<ul class=\"wp-block-list\">\n<li>Geograf\u00eda Pol\u00edtica 1 y 2 (FFyL-UNAM)<\/li>\n\n\n\n<li>Temas Selectos de Geograf\u00eda Pol\u00edtica (FFyL-UNAM)<\/li>\n\n\n\n<li>Fundamentos de las Ciencias Sociales (FFyL-UNAM)<\/li>\n\n\n\n<li>Geograf\u00eda Pol\u00edtica de M\u00e9xico (FFyL-UNAM)<\/li>\n\n\n\n<li>Seminario de Investigaci\u00f3n en Geograf\u00eda Social 1 (Posgrado en Geograf\u00eda-UNAM)<\/li>\n<\/ul>\n\n\n\n<p><\/p>\n\n\n\n<p class=\"has-ast-global-color-2-color has-text-color\"><strong>Publicaciones<\/strong><\/p>\n\n\n\n<p><strong><em>Libros (autor\u00eda individual)<\/em><\/strong><\/p>\n\n\n\n<ul class=\"wp-block-list\">\n<li><em>El Siglo del Americanismo. Una interpretaci\u00f3n hist\u00f3rica y geoestrat\u00e9gica de la hegemon\u00eda de los E. U.<\/em> FFyL-UNAM \/ Ediciones Akal, M\u00e9xico, 2020, 390 pp.<\/li>\n\n\n\n<li><em>Hegemon\u00eda, Poder y Crisis. Bifurcaci\u00f3n, espacialidad estrat\u00e9gica y grandes transformaciones globales en el siglo XXI<\/em>. FFyL-UNAM \/ Ediciones Monos\u00edlabo, M\u00e9xico, 2017, 280 pp.<\/li>\n<\/ul>\n\n\n\n<p><\/p>\n\n\n\n<p><strong><em>Libros (co-autor\u00eda)<\/em><\/strong><\/p>\n\n\n\n<ul class=\"wp-block-list\">\n<li>Herrera Santana, David; Gonz\u00e1lez Luna, Fabi\u00e1n; Saracho L\u00f3pez Federico; y Rico Becerra, Irwing, <em>Espacios Negativos. Praxis y antipraxis<\/em>. FFyL \/ Ediciones Akal, M\u00e9xico, 2020, 140 pp.<\/li>\n<\/ul>\n\n\n\n<p><\/p>\n\n\n\n<p><strong><em>Libros (coordinados)<\/em><\/strong><\/p>\n\n\n\n<ul class=\"wp-block-list\">\n<li>Herrera Santana, David y Fabi\u00e1n Gonz\u00e1lez Luna (coords.),&nbsp;<em>Una geopol\u00edtica cr\u00edtica. Debates sobre el espacio, las escalas y el desarrollo desigual<\/em>. FFyL \/ Fides Ediciones, M\u00e9xico, 2021, 259 pp.<\/li>\n\n\n\n<li>Herrera Santana, David (coord.), <em>Geopol\u00edtica. Espacio, poder y resistencias en el siglo XXI<\/em>. FFyL \/ Trama Editorial, M\u00e9xico \/ Madrid, 2020, 234 pp.<\/li>\n\n\n\n<li>Herrera Santana, David; Gonz\u00e1lez Luna, Fabi\u00e1n y Saracho L\u00f3pez, Federico (coords.), <em>Espacios de la dominaci\u00f3n. Debates sobre la espacializaci\u00f3n de las relaciones de poder<\/em>. FFyL-UNAM \/ Ediciones Monos\u00edlabo, M\u00e9xico, 2018, 200 pp.<\/li>\n\n\n\n<li>Herrera Santana, David; Gonz\u00e1lez Luna, Fabi\u00e1n y Saracho L\u00f3pez Federico (coords.), <em>Apuntes te\u00f3rico-metodol\u00f3gicos para el estudio de la espacialidad: aproximaciones a la dominaci\u00f3n y la violencia. Una perspectiva multidisciplinaria<\/em>. FFyL-UNAM \/ Ediciones Monos\u00edlabo, M\u00e9xico, 2017, 206 pp.<\/li>\n<\/ul>\n\n\n\n<p><\/p>\n\n\n\n<p><strong><em>Art\u00edculos en Revistas especializadas<\/em><\/strong><\/p>\n\n\n\n<ul class=\"wp-block-list\">\n<li>Herrera, David, \u201cEl repliegue de tropas de Estados Unidos en el mundo: declive relativo, reajustes estrat\u00e9gicos y unilateralismo operacional en el siglo XXI\u201d,&nbsp;<em>Revista de Relaciones Internacionales, Estrategia y Seguridad<\/em>, vol. 16, No. 2, julio-diciembre de 2021, pp. 97-120. DOI:&nbsp;<a href=\"https:\/\/doi.org\/10.18359\/ries.4933\">https:\/\/doi.org\/10.18359\/ries.4933<\/a><\/li>\n\n\n\n<li>Gonz\u00e1lez Luna, Fabi\u00e1n y Herrera, David, \u201cCrisis y pandemia. Una mirada desde el capitalismo fragmentario y los sistemas vitales\u201d,&nbsp;<em>Pol\u00edtica y Cultura<\/em>, No. 56, julio-diciembre de 2021, pp. 65-86.&nbsp;URL:&nbsp;<a href=\"https:\/\/polcul.xoc.uam.mx\/index.php\/polcul\/article\/view\/1460\">https:\/\/polcul.xoc.uam.mx\/index.php\/polcul\/article\/view\/1460<\/a><\/li>\n\n\n\n<li>Herrera Santana, David y Gonz\u00e1lez Luna, Fabi\u00e1n, \u201cGeopol\u00edtica y volumetr\u00eda: reestructuraci\u00f3n urbana y gobernabilidad neoliberal. Apuntes para una aproximaci\u00f3n te\u00f3rico-metodol\u00f3gica para el estudio de la Ciudad de M\u00e9xico\u201d, <em>Encrucijadas. Revista Cr\u00edtica de Ciencias Sociales<\/em>, vol. 21, num. 1. URL: <a href=\"https:\/\/recyt.fecyt.es\/index.php\/encrucijadas\/article\/view\/83286?fbclid=IwAR1fK2r5CMFeKl-DwXxO6tp2yNQ9wgYgi7jM46oJJu2gEVCaLDpmS3CnkG0\">https:\/\/recyt.fecyt.es\/index.php\/encrucijadas\/article\/view\/83286?fbclid=IwAR1fK2r5CMFeKl-DwXxO6tp2yNQ9wgYgi7jM46oJJu2gEVCaLDpmS3CnkG0<\/a><\/li>\n\n\n\n<li>Herrera Santana, David, \u201cGeopol\u00edtica de la fragmentaci\u00f3n y poder infraestructural. El Proyecto <em>One Belt, One Road<\/em> y Am\u00e9rica Latina\u201d, <em>Revista Geopol\u00edtica(s)<\/em>, No. 1, Vol. 10, 2019, pp. 41-68. DOI: <a href=\"https:\/\/doi.org\/10.5209\/GEOP.58761\">https:\/\/doi.org\/10.5209\/GEOP.58761<\/a><\/li>\n\n\n\n<li>Herrera Santana, David y Gonz\u00e1lez Luna, Fabi\u00e1n, \u201cEl espacio dominante y el legado post-68 en M\u00e9xico y el mundo: militarizaci\u00f3n, seguritizaci\u00f3n y violencia\u201d, en <em>Revista Mexicana de Ciencias Pol\u00edticas y Sociales<\/em>, No. 234, Vol. 63, septiembre-diciembre de 2018, pp. 287-314. DOI: <a href=\"http:\/\/dx.doi.org\/10.22201\/fcpys.2448492xe.2018.234.65554\">http:\/\/dx.doi.org\/10.22201\/fcpys.2448492xe.2018.234.65554<\/a>&nbsp;<\/li>\n\n\n\n<li>Herrera Santana, David, \u201cHegemon\u00eda y Relaciones Internacionales \/ II. Aproximaciones te\u00f3ricas cr\u00edticas en el estudio de la hegemon\u00eda mundial\u201d, en <em>Revista de Relaciones Internacionales de la UNAM<\/em>, No. 128, FCPyS-UNAM, mayo-agosto de 2017, pp. 13-46.&nbsp; URL:&nbsp; <a href=\"http:\/\/www.revistas.unam.mx\/index.php\/rri\/article\/view\/62242\">http:\/\/www.revistas.unam.mx\/index.php\/rri\/article\/view\/62242<\/a><\/li>\n\n\n\n<li>Herrera Santana, David, \u201cHegemon\u00eda y Relaciones Internacionales \/ I. Un estado del arte\u201d, en <em>Revista de Relaciones Internacionales de la UNAM<\/em>, No. 127, FCPyS-UNAM, M\u00e9xico, enero-abril de 2017, pp. 11-47. URL: <a href=\"http:\/\/www.revistas.unam.mx\/index.php\/rri\/article\/view\/61145\">http:\/\/www.revistas.unam.mx\/index.php\/rri\/article\/view\/61145<\/a><\/li>\n\n\n\n<li>Herrera Santana, David, \u201cLa teor\u00eda, las relaciones internacionales y las grandes transformaciones mundiales en el siglo XXI. Apuntes para repensar el mundo y sus interpretaciones\u201d, en <em>Revista de Relaciones Internacionales de la UNAM<\/em>, No. 117, FCPyS-UNAM, M\u00e9xico, septiembre-diciembre de 2013, pp. 11-37. URL: <a href=\"http:\/\/www.revistas.unam.mx\/index.php\/rri\/article\/view\/49068\">http:\/\/www.revistas.unam.mx\/index.php\/rri\/article\/view\/49068<\/a><\/li>\n<\/ul>\n\n\n\n<p><\/p>\n\n\n\n<p><strong><em>Art\u00edculos de divulgaci\u00f3n<\/em><\/strong><\/p>\n\n\n\n<ul class=\"wp-block-list\">\n<li>Herrera Santana, David, \u201cLa huella clim\u00e1tica del Pent\u00e1gono\u201d,&nbsp;<em>Nexos<\/em>, diciembre de 2022.&nbsp;URL:&nbsp;<a href=\"https:\/\/medioambiente.nexos.com.mx\/la-huella-climatica-del-pentagono\/\">https:\/\/medioambiente.nexos.com.mx\/la-huella-climatica-del-pentagono\/<\/a><\/li>\n\n\n\n<li>Herrera Santana, David, \u201cMilitarizaci\u00f3n y cambio clim\u00e1tico. La geograf\u00eda mundial de ocupaci\u00f3n militar estadounidense y la huella ecol\u00f3gica del Pent\u00e1gono\u201d, en&nbsp;<em>Revista de la Facultad de Filosof\u00eda y Letras de la UNAM. Nueva \u00c9poca<\/em>, No. 7, julio de 2022. URL:&nbsp;<a href=\"http:\/\/revistafyl.filos.unam.mx\/militarizacion-y-cambio-climatico-la-geografia-mundial-de-ocupacion-militar-estadounidense-y-la-huella-ecologica-del-pentagono\/\">http:\/\/revistafyl.filos.unam.mx\/militarizacion-y-cambio-climatico-la-geografia-mundial-de-ocupacion-militar-estadounidense-y-la-huella-ecologica-del-pentagono\/<\/a><\/li>\n\n\n\n<li>Herrera Santana, David, \u201cRese\u00f1a de ANTIPODE EDITORIAL COLLECTIVE (EDS.)&nbsp;(2019). Keywords in Radical Geography: Antipode at 50. Hoboken: Willey Blackwell\u201d,&nbsp;<em>Tlalli.&nbsp;<\/em><em>Revista de Investigaci\u00f3n en Geograf\u00eda<\/em>, No. 3, 11 de agosto de 2020. URL:&nbsp;<a href=\"http:\/\/www.revistas.filos.unam.mx\/index.php\/tlalli\/article\/view\/1290\">http:\/\/www.revistas.filos.unam.mx\/index.php\/tlalli\/article\/view\/1290<\/a><\/li>\n\n\n\n<li>Herrera Santana, David, \u201cGeopol\u00edtica\u201d, en <em>Conceptos y Fen\u00f3menos Fundamentales de Nuestro Tiempo<\/em>, Instituto de Investigaciones Sociales &#8211; UNAM, enero de 2018, en <a href=\"http:\/\/conceptos.sociales.unam.mx\/conceptos_final\/645trabajo.pdf\">http:\/\/conceptos.sociales.unam.mx\/conceptos_final\/645trabajo.pdf<\/a><\/li>\n\n\n\n<li>Herrera Santana, David, \u201cBases para la comprensi\u00f3n de la Iniciativa M\u00e9rida (versi\u00f3n ampliada)\u201d, en <em>Escenarios XXI<\/em>, A\u00f1o 3, No. 15, febrero-marzo de 2013, en <a href=\"http:\/\/minerva.dcaa.unam.mx\/app\/webroot\/files\/753\/Bases_para_la_comprension_de_la_IM-Herrera.pdf\">http:\/\/minerva.dcaa.unam.mx\/app\/webroot\/files\/753\/Bases_para_la_comprension_de_la_IM-Herrera.pdf<\/a><\/li>\n\n\n\n<li>Herrera Santana, David, \u201cLa pol\u00edtica es la continuaci\u00f3n de la guerra por otros medios: hegemon\u00eda y poder en las relaciones internacionales del siglo XXI\u201d, en <em>Escenarios XXI<\/em>, A\u00f1o II, No. 13, marzo-abril de 2012, en <a href=\"http:\/\/www.paginaspersonales.unam.mx\/files\/753\/Publica_20120801193605.pdf\">http:\/\/www.paginaspersonales.unam.mx\/files\/753\/Publica_20120801193605.pdf<\/a><\/li>\n\n\n\n<li>Herrera Santana, David, \u201cLa pol\u00edtica exterior como pensamiento estrat\u00e9gico y la funcionalidad de las estrategias dentro de una concepci\u00f3n procesal\u201d, en <em>Escenarios XXI<\/em>, A\u00f1o II, No. 10, julio-agosto de 2011, en <a href=\"http:\/\/paginaspersonales.unam.mx\/app\/webroot\/files\/753\/Publica_20111122010156.pdf\">http:\/\/paginaspersonales.unam.mx\/app\/webroot\/files\/753\/Publica_20111122010156.pdf<\/a><\/li>\n\n\n\n<li>Herrera Santana, David, \u201cReforma constitucional en Turqu\u00eda: \u00bfRemediar el pasado para forjar el futuro?\u201d, en <em>Panorama Estrat\u00e9gico<\/em>, A\u00f1o 1, No. 2, octubre de 2010, pp. 24-27, en <a href=\"http:\/\/www.revistaencuentros.com\/wp-content\/uploads\/2010\/10\/Panorama-Estrategico-Septiembre-compress.pdf\">http:\/\/www.revistaencuentros.com\/wp-content\/uploads\/2010\/10\/Panorama-Estrat\u00e9gico-Septiembre-compress.pdf<\/a><\/li>\n\n\n\n<li>Herrera Santana, David, \u201cReflexiones en torno a la crisis en la Uni\u00f3n Europea\u201d, en <em>Escenarios XXI<\/em>, A\u00f1o I, No. 2, agosto de 2010, en <a href=\"http:\/\/paginaspersonales.unam.mx\/app\/webroot\/files\/753\/Publica_20111122011615.pdf\">http:\/\/paginaspersonales.unam.mx\/app\/webroot\/files\/753\/Publica_20111122011615.pdf<\/a><\/li>\n\n\n\n<li>Herrera Santana, David, \u201cA dos d\u00e9cadas del fin de la historia\u201d, en <em>Cuadrivio Hic et Vbiqve<\/em>, agosto de 2010, en <a href=\"http:\/\/cuadrivio.net\/2010\/08\/a-dos-decadas-del-fin-de-la-historia-2\/\">http:\/\/cuadrivio.net\/2010\/08\/a-dos-decadas-del-fin-de-la-historia-2\/<\/a><\/li>\n<\/ul>\n\n\n\n<p><\/p>\n\n\n\n<p><strong><em>Cap\u00edtulos<\/em><\/strong><\/p>\n\n\n\n<ul class=\"wp-block-list\">\n<li>Herrera Santana, David, \u201cLa regi\u00f3n en el pensamiento geoestrat\u00e9gico. Regionalizaci\u00f3n,&nbsp;<em>Area Studies<\/em>&nbsp;y Americanismo\u201d, en Nattie Golubov y Gonzalo Hatch (edit.),&nbsp;<em>Repensar la regi\u00f3n: convergencias y divergencias disciplinarias<\/em>, CISAN-UNAM, M\u00e9xico, 2022, pp. 35-74.<\/li>\n\n\n\n<li>Herrera Santana, David, \u201cEl espacio p\u00fablico y el espacio mundial: la (geo)pol\u00edtica de las escalas y la hegemon\u00eda del capital\u201d, en Fabi\u00e1n Gonz\u00e1lez, Carla Filipe y Federico Saracho (coords.),&nbsp;<em>Violencia e ilusiones urbanas. Estudios cr\u00edticos sobre el espacio p\u00fablico<\/em>, Facultad de Filosof\u00eda y Letras \/ Fides Ediciones, M\u00e9xico, 2022, pp. 183-197.<\/li>\n\n\n\n<li>Herrera Santana, David, \u201cLa crisis radical y el 2020: contradicciones sist\u00e9micas, reestructuraci\u00f3n capitalista y reparto desigual de los costos sociales en la escala mundial\u201d, en Carlos Ballesteros P\u00e9rez (coord.),&nbsp;<em>El gran desconcierto. Las regiones internacionales y las crisis de 2020<\/em>, Facultad de Ciencias Pol\u00edticas y Sociales UNAM, M\u00e9xico, 2022, pp. 37-57.<\/li>\n\n\n\n<li>Herrera Santana, David, \u201cMundo, complejidad y diferencia. El problema de la escala en la construcci\u00f3n te\u00f3rico-metodol\u00f3gica en el pensamiento internacional\u201d, en Carlos Ballesteros P\u00e9rez (coord.),&nbsp;<em>La complejidad de los procesos globales. Sociedad, sistema internacional y pol\u00edtica mundial<\/em>. Facultad de Ciencias Pol\u00edticas y Sociales UNAM, M\u00e9xico, 2021, pp. 53-72.<\/li>\n\n\n\n<li>Herrera Santana, David, \u201c\u00abEl hombre que anda con las piernas\u00bb. Aproximaciones a la filosof\u00eda de la praxis y al concepto de hegemon\u00eda de Antonio Gramsci\u201d, en Saracho L\u00f3pez, Federico y Gonz\u00e1lez Guti\u00e9rrez, Alejandro (coords.), <em>La vor\u00e1gine de la revoluci\u00f3n. Un acercamiento al pensamiento marxista (siglos: XIX y XX)<\/em>. Tomo I. FFyL-UNAM \/ Ediciones Monos\u00edlabo, 2020, pp. 237-257.<\/li>\n\n\n\n<li>Herrera Santana, David, \u201cEl espacio pulverizado. La producci\u00f3n fragmentaria del espacio y del sujeto\u201d en Herrera Santana, David, Gonz\u00e1lez Luna, Fabi\u00e1n y Saracho L\u00f3pez Federico (coords.), <em>Espacios de la dominaci\u00f3n. Debates sobre la espacializaci\u00f3n de las relaciones de poder<\/em>. FFyL-UNAM \/ Ediciones Monos\u00edlabo, M\u00e9xico, 2018, pp. 39-64.<\/li>\n\n\n\n<li>Herrera Santana, David, \u201cProducci\u00f3n estrat\u00e9gica del espacio y hegemon\u00eda mundial. La confluencia en el estudio de la geograf\u00eda pol\u00edtica y la geopol\u00edtica\u201d en Efra\u00edn Le\u00f3n (coord.), <em>Praxis espacial en Am\u00e9rica Latina. Lo geopol\u00edtico puesto en cuesti\u00f3n<\/em>. \u00cdtaca \/ UNAM, M\u00e9xico, 2017, pp. 129-151.<\/li>\n\n\n\n<li>Herrera Santana, David, \u201cSeguridad tradicional, riesgos globales y militarizaci\u00f3n del espacio en el siglo XXI\u201d, en Edmundo Hern\u00e1ndez-Vela y Sandra Kanety Zavaleta Hern\u00e1ndez (coord.), <em>Pol\u00edtica Internacional. Temas de An\u00e1lisis 5<\/em>. FCPyS-UNAM \/ Ediciones del Lirio, M\u00e9xico, 2017, pp. 25-42.<\/li>\n\n\n\n<li>Herrera Santana, David, \u201cEspacios estrat\u00e9gicos y hegemon\u00eda mundial: dominaci\u00f3n de espectro completo, espacios comunes y supremac\u00eda geoestrat\u00e9gica estadounidense\u201d, en Patricia G\u00f3mez Rey y Fabi\u00e1n Gonz\u00e1lez Luna (coords.), <em>Discusiones desde la Geograf\u00eda<\/em>. FFyL-UNAM \/ E\u00f3n, M\u00e9xico, 2017, pp. 21-51.<\/li>\n\n\n\n<li>Herrera Santana, David, \u201cViolencia, hegemon\u00eda y transformaci\u00f3n social: los despliegues estrat\u00e9gicos de la dominaci\u00f3n y las posibilidades de la emancipaci\u00f3n\u201d, en Herrera Santana, David, <em>et. al.<\/em> (coord.), <em>Apuntes te\u00f3rico-metodol\u00f3gicos para el estudio de la espacialidad: aproximaciones a la dominaci\u00f3n y la violencia. Una perspectiva multidisciplinaria<\/em>. FFyL-UNAM \/ Ediciones Monos\u00edlabo, M\u00e9xico, 2017, pp. 133-157.<\/li>\n\n\n\n<li>Herrera Santana, David, \u201cHegemon\u00eda mundial y recursos geoestrat\u00e9gicos: despliegues espacial\/territoriales y fundamentos de la dominaci\u00f3n global\u201d, en Patricia G\u00f3mez Rey y Fabi\u00e1n Gonzalez Luna (coords.), <em>Acercamientos y reflexiones en torno a la Geograf\u00eda<\/em>. FFyL-UNAM, M\u00e9xico, 2016, pp. 145-179.<\/li>\n\n\n\n<li>Herrera Santana, David, \u201cCrisis, bifurcaciones y transformaciones en el sistema mundial: \u00bfQu\u00e9 es lo que est\u00e1 cambiando en el mundo?\u201d, en Edmundo Hern\u00e1ndez-Vela (edit.) Sandra Kanety Zavaleta (coord.), <em>Paz y Seguridad y Desarrollo Tomo VI<\/em>, UNAM, M\u00e9xico, 2016, pp. 13-33.<\/li>\n\n\n\n<li>Herrera Santana, David, \u201cRecursos geoestrat\u00e9gicos y despliegue global de Estados Unidos: una prioridad estrat\u00e9gica para el siglo XXI\u201d, en Edmundo Hern\u00e1ndez-Vela (edit.) Sandra Kanety Zavaleta (coord.), <em>Pol\u00edtica Internacional. Temas de An\u00e1lisis 3<\/em>. UNAM, M\u00e9xico, 2016, pp. 431-457.<\/li>\n\n\n\n<li>Herrera Santana, David, \u201cM\u00e9xico en Am\u00e9rica del Norte: seguridad y subordinaci\u00f3n en la relaci\u00f3n bilateral\u201d, en Edmundo Hern\u00e1ndez-Vela (edit.) Sandra Kanety Zavaleta (coord.), <em>Pol\u00edtica Internacional. Temas de An\u00e1lisis 3<\/em>. UNAM, M\u00e9xico, 2016, pp. 177-201.<\/li>\n\n\n\n<li>Herrera Santana, David, \u201cImmanuel Wallerstein y el futuro del sistema-mundo: crisis del capitalismo hist\u00f3rico y bifurcaci\u00f3n sist\u00e9mica\u201d, en V\u00edctor Batta Fonseca (coord.), <em>Utop\u00edas y distop\u00edas globales. Los pensadores que dise\u00f1an el futuro<\/em>. FCPyS-UNAM, M\u00e9xico, 2015, pp. 33-45.<\/li>\n\n\n\n<li>Herrera Santana, David, \u201cLos nuevos enfoques de la escuela de geopol\u00edtica anglosajona\u201d, en <em>Fundamentos de Geopol\u00edtica. Visi\u00f3n y An\u00e1lisis<\/em>. CESNAV \/ UNAM, M\u00e9xico, 2012, pp. 99-124.<\/li>\n<\/ul>\n\n\n\n<p><\/p>\n\n\n\n<p class=\"has-ast-global-color-2-color has-text-color\"><strong>Proyectos de investigaci\u00f3n<\/strong><\/p>\n\n\n\n<p><strong><em>&nbsp;Responsable<\/em><\/strong><\/p>\n\n\n\n<ul class=\"wp-block-list\">\n<li><em>Responsable<\/em> del Proyecto PAPIIT \u201cUna geopol\u00edtica cr\u00edtica. Por una teor\u00eda y una praxis espacial negativa y emancipatoria\u201d IN303218, 2018-2020.<\/li>\n\n\n\n<li><em>Responsable<\/em> del Proyecto PAPIME \u201cUna geopol\u00edtica cr\u00edtica para la ense\u00f1anza en Geograf\u00eda pol\u00edtica\u201d PE301718, 2018-2020.<\/li>\n\n\n\n<li><em>Responsable<\/em> del Proyecto PAPIME \u201cNuevas perspectivas te\u00f3rico-metodol\u00f3gicas en el estudio de la espacialidad desde una visi\u00f3n cr\u00edtica: acercamientos a los fen\u00f3menos de dominaci\u00f3n y violencia\u201d PE302116, 2016-2017.<\/li>\n<\/ul>\n\n\n\n<p><em>Colaborador<\/em><\/p>\n\n\n\n<ul class=\"wp-block-list\">\n<li>Participante en el Proyecto PAPIIT \u201cDesarrollo geogr\u00e1fico desigual y violencia: un an\u00e1lisis a partir de la tematizaci\u00f3n del espacio p\u00fablico y las rentas de segregaci\u00f3n\u201d IN305518, 2018-2020.<\/li>\n\n\n\n<li><em>Participante<\/em> en el Proyecto PAPIIT \u201cEspacialidades cr\u00edticas: aproximaciones a la dominaci\u00f3n y la violencia\u201d IA301516, 2016-2017.<\/li>\n<\/ul>\n","protected":false},"excerpt":{"rendered":"<p>Profesor de Carrera de Tiempo Completo, Facultad de Filosof\u00eda y Letras (UNAM) Estudios Informaci\u00f3n de contacto L\u00edneas de investigaci\u00f3n Cursos impartidos Publicaciones Libros (autor\u00eda individual) Libros (co-autor\u00eda) Libros (coordinados) Art\u00edculos en Revistas especializadas Art\u00edculos de divulgaci\u00f3n Cap\u00edtulos Proyectos de investigaci\u00f3n &nbsp;Responsable Colaborador<\/p>\n","protected":false},"author":1,"featured_media":0,"parent":0,"menu_order":0,"comment_status":"closed","ping_status":"closed","template":"","meta":{"_monsterinsights_skip_tracking":false,"_monsterinsights_sitenote_active":false,"_monsterinsights_sitenote_note":"","_monsterinsights_sitenote_category":0,"site-sidebar-layout":"default","site-content-layout":"default","ast-site-content-layout":"default","site-content-style":"default","site-sidebar-style":"default","ast-global-header-display":"","ast-banner-title-visibility":"","ast-main-header-display":"","ast-hfb-above-header-display":"","ast-hfb-below-header-display":"","ast-hfb-mobile-header-display":"","site-post-title":"","ast-breadcrumbs-content":"","ast-featured-img":"","footer-sml-layout":"","theme-transparent-header-meta":"default","adv-header-id-meta":"","stick-header-meta":"","header-above-stick-meta":"","header-main-stick-meta":"","header-below-stick-meta":"","astra-migrate-meta-layouts":"default","ast-page-background-enabled":"default","ast-page-background-meta":{"desktop":{"background-color":"","background-image":"","background-repeat":"repeat","background-position":"center center","background-size":"auto","background-attachment":"scroll","background-type":"","background-media":"","overlay-type":"","overlay-color":"","overlay-opacity":"","overlay-gradient":""},"tablet":{"background-color":"","background-image":"","background-repeat":"repeat","background-position":"center center","background-size":"auto","background-attachment":"scroll","background-type":"","background-media":"","overlay-type":"","overlay-color":"","overlay-opacity":"","overlay-gradient":""},"mobile":{"background-color":"","background-image":"","background-repeat":"repeat","background-position":"center center","background-size":"auto","background-attachment":"scroll","background-type":"","background-media":"","overlay-type":"","overlay-color":"","overlay-opacity":"","overlay-gradient":""}},"ast-content-background-meta":{"desktop":{"background-color":"var(--ast-global-color-5)","background-image":"","background-repeat":"repeat","background-position":"center center","background-size":"auto","background-attachment":"scroll","background-type":"","background-media":"","overlay-type":"","overlay-color":"","overlay-opacity":"","overlay-gradient":""},"tablet":{"background-color":"var(--ast-global-color-5)","background-image":"","background-repeat":"repeat","background-position":"center center","background-size":"auto","background-attachment":"scroll","background-type":"","background-media":"","overlay-type":"","overlay-color":"","overlay-opacity":"","overlay-gradient":""},"mobile":{"background-color":"var(--ast-global-color-5)","background-image":"","background-repeat":"repeat","background-position":"center center","background-size":"auto","background-attachment":"scroll","background-type":"","background-media":"","overlay-type":"","overlay-color":"","overlay-opacity":"","overlay-gradient":""}},"footnotes":""},"class_list":["post-1743","page","type-page","status-publish","hentry"],"_links":{"self":[{"href":"https:\/\/estudioscriticosgeopolitica.net\/index.php?rest_route=\/wp\/v2\/pages\/1743","targetHints":{"allow":["GET"]}}],"collection":[{"href":"https:\/\/estudioscriticosgeopolitica.net\/index.php?rest_route=\/wp\/v2\/pages"}],"about":[{"href":"https:\/\/estudioscriticosgeopolitica.net\/index.php?rest_route=\/wp\/v2\/types\/page"}],"author":[{"embeddable":true,"href":"https:\/\/estudioscriticosgeopolitica.net\/index.php?rest_route=\/wp\/v2\/users\/1"}],"replies":[{"embeddable":true,"href":"https:\/\/estudioscriticosgeopolitica.net\/index.php?rest_route=%2Fwp%2Fv2%2Fcomments&post=1743"}],"version-history":[{"count":8,"href":"https:\/\/estudioscriticosgeopolitica.net\/index.php?rest_route=\/wp\/v2\/pages\/1743\/revisions"}],"predecessor-version":[{"id":2032,"href":"https:\/\/estudioscriticosgeopolitica.net\/index.php?rest_route=\/wp\/v2\/pages\/1743\/revisions\/2032"}],"wp:attachment":[{"href":"https:\/\/estudioscriticosgeopolitica.net\/index.php?rest_route=%2Fwp%2Fv2%2Fmedia&parent=1743"}],"curies":[{"name":"wp","href":"https:\/\/api.w.org\/{rel}","templated":true}]}}