{"id":1751,"date":"2021-11-05T21:53:17","date_gmt":"2021-11-06T03:53:17","guid":{"rendered":"https:\/\/estudioscriticosgeopolitica.net\/?page_id=1751"},"modified":"2023-09-30T16:44:26","modified_gmt":"2023-09-30T22:44:26","slug":"dr-fabian-gonzalez-luna","status":"publish","type":"page","link":"https:\/\/estudioscriticosgeopolitica.net\/?page_id=1751","title":{"rendered":"Fabi\u00e1n Gonz\u00e1lez Luna"},"content":{"rendered":"\n<div class=\"wp-block-columns is-layout-flex wp-container-core-columns-is-layout-28f84493 wp-block-columns-is-layout-flex\">\n<div class=\"wp-block-column is-layout-flow wp-block-column-is-layout-flow\" style=\"flex-basis:33.33%\">\n<figure class=\"wp-block-image size-full is-style-default\"><img loading=\"lazy\" decoding=\"async\" width=\"800\" height=\"833\" src=\"https:\/\/estudioscriticosgeopolitica.net\/wp-content\/uploads\/2021\/11\/P1000667-4.png\" alt=\"\" class=\"wp-image-1770\" srcset=\"https:\/\/estudioscriticosgeopolitica.net\/wp-content\/uploads\/2021\/11\/P1000667-4.png 800w, https:\/\/estudioscriticosgeopolitica.net\/wp-content\/uploads\/2021\/11\/P1000667-4-288x300.png 288w, https:\/\/estudioscriticosgeopolitica.net\/wp-content\/uploads\/2021\/11\/P1000667-4-768x800.png 768w\" sizes=\"auto, (max-width: 800px) 100vw, 800px\" \/><\/figure>\n<\/div>\n\n\n\n<div class=\"wp-block-column is-layout-flow wp-block-column-is-layout-flow\" style=\"flex-basis:66.66%\"><\/div>\n<\/div>\n\n\n\n<p class=\"has-ast-global-color-2-color has-text-color\"><strong>Estudios<\/strong><\/p>\n\n\n\n<p>Doctor en Geograf\u00eda, Facultad de Filosof\u00eda y Letras, UNAM<\/p>\n\n\n\n<p>Maestro en Estudios Pol\u00edticos y Sociales, Facultad de Ciencias Pol\u00edticas y Sociales, UNAM<\/p>\n\n\n\n<p>Licenciado en Geograf\u00eda, Facultad de Filosof\u00eda y Letras, UNAM<\/p>\n\n\n\n<p><\/p>\n\n\n\n<p class=\"has-ast-global-color-2-color has-text-color\"><strong>Informaci\u00f3n de contacto<\/strong><\/p>\n\n\n\n<p><a href=\"mailto:fabiangonzalez@filos.unam.mx\">fabiangonzalez@filos.unam.mx<\/a><\/p>\n\n\n\n<p><\/p>\n\n\n\n<p class=\"has-ast-global-color-2-color has-text-color\"><strong>L\u00edneas de investigaci\u00f3n<\/strong><\/p>\n\n\n\n<ul class=\"wp-block-list\">\n<li>Desarrollo geogr\u00e1fico desigual<\/li>\n\n\n\n<li>Espacio y violencia<\/li>\n\n\n\n<li>Desarrollo del pensamiento geogr\u00e1fico<\/li>\n<\/ul>\n\n\n\n<p><\/p>\n\n\n\n<p class=\"has-ast-global-color-2-color has-text-color\"><strong>Cursos impartidos<\/strong><\/p>\n\n\n\n<p><em>Profesor en el Colegio de Geograf\u00eda, Facultad de Filosof\u00eda y Letras, UNAM.<\/em><\/p>\n\n\n\n<ul class=\"wp-block-list\">\n<li>Pensamiento Geogr\u00e1fico<\/li>\n\n\n\n<li>Historia de la Geograf\u00eda 2<\/li>\n\n\n\n<li>Espacio Geogr\u00e1fico<\/li>\n\n\n\n<li>Geograf\u00eda Pol\u00edtica 1 y 2<\/li>\n\n\n\n<li>Geograf\u00eda Rural<\/li>\n\n\n\n<li>Teor\u00edas y M\u00e9todos en Geograf\u00eda Humana<\/li>\n\n\n\n<li>Seminario de Geograf\u00eda Humana<\/li>\n<\/ul>\n\n\n\n<p><em>Profesor y tutor en el Posgrado en Geograf\u00eda, UNAM<\/em><\/p>\n\n\n\n<ul class=\"wp-block-list\">\n<li>Seminario de Investigaci\u00f3n en Geograf\u00eda Social<\/li>\n<\/ul>\n\n\n\n<p><em>Profesor y tutor en MADEMS Geograf\u00eda, UNAM<\/em><\/p>\n\n\n\n<ul class=\"wp-block-list\">\n<li>Debates Contempor\u00e1neos en Geograf\u00eda<\/li>\n<\/ul>\n\n\n\n<p> <\/p>\n\n\n\n<p class=\"has-ast-global-color-2-color has-text-color\"><strong>Publicaciones <\/strong><\/p>\n\n\n\n<p><em>Libro<\/em><\/p>\n\n\n\n<p>Gonz\u00e1lez, Fabi\u00e1n. (2018). <em>Geograf\u00eda y violencia. Una aproximaci\u00f3n conceptual al fundamento de la violencia estructural<\/em>, M\u00e9xico: Facultad de Filosof\u00eda y Letras y Ediciones Monos\u00edlabo.<\/p>\n\n\n\n<p><em>Art\u00edculos<\/em><\/p>\n\n\n\n<ul class=\"wp-block-list\">\n<li>Herrera, David y Fabi\u00e1n Gonz\u00e1lez. (2021) \u201cGeopol\u00edtica y volumetr\u00eda: reestructuraci\u00f3n urbana y gobernabilidad neoliberal. Apuntes para una aproximaci\u00f3n te\u00f3rica y metodol\u00f3gica para el estudio de la Ciudad de M\u00e9xico\u201d <em>Encrucijadas<\/em> Vol. 21 (1): a2017, 23 pp.<\/li>\n\n\n\n<li>Gonz\u00e1lez, Fabi\u00e1n, (2020) \u201cEspacio y violencia: elementos para un esquema comprensivo\u201d <em>Tlalli Revista de Investigaci\u00f3n Geogr\u00e1fica<\/em> A\u00f1o 2. (4), pp. 53-71.<\/li>\n\n\n\n<li>Saracho, Federico y Fabi\u00e1n Gonz\u00e1lez. (2020). \u201cEspacio, Desastre y Renta: La (re)producci\u00f3n de Coapa como destrucci\u00f3n creativa\u201d, <em>Revista Academia XXII<\/em>. Vol. 11 No. 21. Revista Semestral de Investigaci\u00f3n, pp. 64-82.<\/li>\n\n\n\n<li>Rodr\u00edguez, Luisa y Fabi\u00e1n Gonz\u00e1lez (2019) \u201cLos que se quedan\u00bb. La renovaci\u00f3n urbana como manifestaci\u00f3n de la espacializaci\u00f3n de violencia en la Ciudad de M\u00e9xico\u201d,<em> URBS. Revista de Estudios Urbanos y Ciencias Sociales<\/em>, 9(2), pp. 9-23.<\/li>\n\n\n\n<li>Herrera, David y Fabi\u00e1n Gonz\u00e1lez, (2018) \u201cEl espacio dominante y el legado post-68 en M\u00e9xico y el mundo: militarizaci\u00f3n, seguritizaci\u00f3n y violencia\u201d <em>Revista Mexicana de Ciencias Pol\u00edticas y Sociales Nueva \u00c9poca<\/em>. A\u00f1o LXIII, N\u00fam. 234, septiembre \u2013 diciembre 2018, pp. 287 \u2013 313.<\/li>\n\n\n\n<li>Gonz\u00e1lez, Fabi\u00e1n, (2018) \u201cNotas para una mirada geopol\u00edtica a la representaci\u00f3n del espacio y los espacios de representaci\u00f3n: 3 ejes argumentativos de aproximaci\u00f3n\u201d <em>Revista Academia XXII<\/em>. Vol. 9 No. 17. Revista Semestral de Investigaci\u00f3n, pp. 45-64.&nbsp;<\/li>\n<\/ul>\n\n\n\n<p><\/p>\n\n\n\n<p class=\"has-ast-global-color-2-color has-text-color\"><strong>Cap\u00edtulos<\/strong><\/p>\n\n\n\n<ul class=\"wp-block-list\">\n<li>Gonz\u00e1lez Fabi\u00e1n. (2020). \u201cLa renovaci\u00f3n urbana desde el desarrollo espacial desigual: principios de aproximaci\u00f3n investigativa\u201d. En de la Torre, Francisco y Blanca Ram\u00edrez (coord.). <em>Ciudad en disputa. Pol\u00edtica urbana, movilizaci\u00f3n ciudadana y nuevas desigualdades urbanas<\/em>. M\u00e9xico, UAM, pp. 31-50.<\/li>\n\n\n\n<li>Gonz\u00e1lez Fabi\u00e1n. (2020). \u201cLa ciudad neoliberal fragmentada: una mirada desde Mixcoac\u201d. En Valverde, Carmen, Liliana L\u00f3pez y Carla Narciso (coord.). <em>Multiterritorialidades en la ciudad neoliberal<\/em>. M\u00e9xico, Juan Pablos Editorial, pp. 101-132.<\/li>\n\n\n\n<li>Gonz\u00e1lez Fabi\u00e1n. (2020). \u201cViolencia, espacios homog\u00e9neos vac\u00edos y antipraxis\u201d. En Herrera David <em>et al<\/em>. <em>Espacio negativos. Praxis y antipraxis<\/em>. M\u00e9xico, Akal, pp. 43-70.<\/li>\n\n\n\n<li>Gonz\u00e1lez Fabi\u00e1n. (2020). \u201cEl desarrollo espacial desigual como herramienta metodol\u00f3gica\u201d.En Herrera David (coord.). <em>Geopol\u00edtica, espacio, poder y resistencias en el siglo XXI<\/em>. Madrid, Trama pp. 43-65.<\/li>\n\n\n\n<li>Gonz\u00e1lez, Fabi\u00e1n. (2019) \u201cEspacio y seguridad apuntes para un an\u00e1lisis desde el desarrollo desigual\u201d. En Salinas, Luis (coordinador), <em>Gesti\u00f3n urbana y pol\u00edtica de vivienda. Espacio p\u00fablico, (in)seguridad y conflicto urbano<\/em>, M\u00e9xico, Instituto de Geograf\u00eda y Ediciones Monos\u00edlabo, pp. 105-131.<\/li>\n\n\n\n<li>Gonz\u00e1lez, Fabi\u00e1n. (2018) \u201cEl concepto de espacio como eje te\u00f3rico: Algunas claves de aproximaci\u00f3n\u201d. En Gonz\u00e1lez Alejandra (coord.). <em>Pensar el tiempo y el espacio. Reflexiones desde la docencia universitaria en ciencias sociales<\/em>, M\u00e9xico: Facultad de Ciencias Pol\u00edticas y Sociales, pp. 69-83.<\/li>\n<\/ul>\n\n\n\n<p><\/p>\n\n\n\n<p class=\"has-ast-global-color-2-color has-text-color\"><strong>Proyectos de investigaci\u00f3n<\/strong><\/p>\n\n\n\n<ul class=\"wp-block-list\">\n<li>Responsable del Proyecto PAPIIT Clave: IN305518 \u201cDesarrollo geogr\u00e1fico desigual y violencia: un an\u00e1lisis a partir de la tematizaci\u00f3n del espacio p\u00fablico y las rentas de segregaci\u00f3n\u201d, financiamiento de DGAPA\/UNAM, duraci\u00f3n de enero de 2018 a diciembre de 2020.<\/li>\n\n\n\n<li>Responsable del Proyecto PAPIME Clave: PE310619 \u201cEl espacio como clave epistemol\u00f3gica dentro del pensamiento geogr\u00e1fico\u201d financiamiento de DGAPA\/UNAM, duraci\u00f3n de enero a diciembre de 2019.<\/li>\n\n\n\n<li>Responsable del Proyecto PAPIIT Clave: IA301516 \u201cEspacialidades cr\u00edticas: aproximaciones a la dominaci\u00f3n y a la violencia\u201d, financiamiento de DGAPA\/UNAM, duraci\u00f3n de enero de 2016 a diciembre de 2017.<\/li>\n\n\n\n<li>Responsable del Proyecto PIFFyL Clave: 2015 031 \u201cEspacialidad y violencia: una aproximaci\u00f3n desde el desarrollo geogr\u00e1fico desigual\u201d, Facultad de Filosof\u00eda y Letras, duraci\u00f3n de junio de 2015 a mayo de 2017<\/li>\n<\/ul>\n","protected":false},"excerpt":{"rendered":"<p>Estudios Doctor en Geograf\u00eda, Facultad de Filosof\u00eda y Letras, UNAM Maestro en Estudios Pol\u00edticos y Sociales, Facultad de Ciencias Pol\u00edticas y Sociales, UNAM Licenciado en Geograf\u00eda, Facultad de Filosof\u00eda y Letras, UNAM Informaci\u00f3n de contacto fabiangonzalez@filos.unam.mx L\u00edneas de investigaci\u00f3n Cursos impartidos Profesor en el Colegio de Geograf\u00eda, Facultad de Filosof\u00eda y Letras, UNAM. Profesor y [&hellip;]<\/p>\n","protected":false},"author":1,"featured_media":0,"parent":0,"menu_order":0,"comment_status":"closed","ping_status":"closed","template":"","meta":{"_monsterinsights_skip_tracking":false,"_monsterinsights_sitenote_active":false,"_monsterinsights_sitenote_note":"","_monsterinsights_sitenote_category":0,"site-sidebar-layout":"default","site-content-layout":"default","ast-site-content-layout":"default","site-content-style":"default","site-sidebar-style":"default","ast-global-header-display":"","ast-banner-title-visibility":"","ast-main-header-display":"","ast-hfb-above-header-display":"","ast-hfb-below-header-display":"","ast-hfb-mobile-header-display":"","site-post-title":"","ast-breadcrumbs-content":"","ast-featured-img":"","footer-sml-layout":"","theme-transparent-header-meta":"default","adv-header-id-meta":"","stick-header-meta":"","header-above-stick-meta":"","header-main-stick-meta":"","header-below-stick-meta":"","astra-migrate-meta-layouts":"default","ast-page-background-enabled":"default","ast-page-background-meta":{"desktop":{"background-color":"","background-image":"","background-repeat":"repeat","background-position":"center center","background-size":"auto","background-attachment":"scroll","background-type":"","background-media":"","overlay-type":"","overlay-color":"","overlay-opacity":"","overlay-gradient":""},"tablet":{"background-color":"","background-image":"","background-repeat":"repeat","background-position":"center center","background-size":"auto","background-attachment":"scroll","background-type":"","background-media":"","overlay-type":"","overlay-color":"","overlay-opacity":"","overlay-gradient":""},"mobile":{"background-color":"","background-image":"","background-repeat":"repeat","background-position":"center center","background-size":"auto","background-attachment":"scroll","background-type":"","background-media":"","overlay-type":"","overlay-color":"","overlay-opacity":"","overlay-gradient":""}},"ast-content-background-meta":{"desktop":{"background-color":"var(--ast-global-color-5)","background-image":"","background-repeat":"repeat","background-position":"center center","background-size":"auto","background-attachment":"scroll","background-type":"","background-media":"","overlay-type":"","overlay-color":"","overlay-opacity":"","overlay-gradient":""},"tablet":{"background-color":"var(--ast-global-color-5)","background-image":"","background-repeat":"repeat","background-position":"center center","background-size":"auto","background-attachment":"scroll","background-type":"","background-media":"","overlay-type":"","overlay-color":"","overlay-opacity":"","overlay-gradient":""},"mobile":{"background-color":"var(--ast-global-color-5)","background-image":"","background-repeat":"repeat","background-position":"center center","background-size":"auto","background-attachment":"scroll","background-type":"","background-media":"","overlay-type":"","overlay-color":"","overlay-opacity":"","overlay-gradient":""}},"footnotes":""},"class_list":["post-1751","page","type-page","status-publish","hentry"],"_links":{"self":[{"href":"https:\/\/estudioscriticosgeopolitica.net\/index.php?rest_route=\/wp\/v2\/pages\/1751","targetHints":{"allow":["GET"]}}],"collection":[{"href":"https:\/\/estudioscriticosgeopolitica.net\/index.php?rest_route=\/wp\/v2\/pages"}],"about":[{"href":"https:\/\/estudioscriticosgeopolitica.net\/index.php?rest_route=\/wp\/v2\/types\/page"}],"author":[{"embeddable":true,"href":"https:\/\/estudioscriticosgeopolitica.net\/index.php?rest_route=\/wp\/v2\/users\/1"}],"replies":[{"embeddable":true,"href":"https:\/\/estudioscriticosgeopolitica.net\/index.php?rest_route=%2Fwp%2Fv2%2Fcomments&post=1751"}],"version-history":[{"count":3,"href":"https:\/\/estudioscriticosgeopolitica.net\/index.php?rest_route=\/wp\/v2\/pages\/1751\/revisions"}],"predecessor-version":[{"id":1981,"href":"https:\/\/estudioscriticosgeopolitica.net\/index.php?rest_route=\/wp\/v2\/pages\/1751\/revisions\/1981"}],"wp:attachment":[{"href":"https:\/\/estudioscriticosgeopolitica.net\/index.php?rest_route=%2Fwp%2Fv2%2Fmedia&parent=1751"}],"curies":[{"name":"wp","href":"https:\/\/api.w.org\/{rel}","templated":true}]}}