{"id":1815,"date":"2021-11-06T12:23:09","date_gmt":"2021-11-06T18:23:09","guid":{"rendered":"https:\/\/estudioscriticosgeopolitica.net\/?page_id=1815"},"modified":"2021-11-06T12:48:31","modified_gmt":"2021-11-06T18:48:31","slug":"seminario-internacional-sobre-geopolitica-critica","status":"publish","type":"page","link":"https:\/\/estudioscriticosgeopolitica.net\/?page_id=1815","title":{"rendered":"Seminario Internacional sobre Geopol\u00edtica Cr\u00edtica"},"content":{"rendered":"\n<div class=\"wp-block-columns is-layout-flex wp-container-core-columns-is-layout-28f84493 wp-block-columns-is-layout-flex\">\n<div class=\"wp-block-column is-layout-flow wp-block-column-is-layout-flow\" style=\"flex-basis:33.33%\">\n<figure class=\"wp-block-image size-full is-style-default\"><img loading=\"lazy\" decoding=\"async\" width=\"720\" height=\"960\" src=\"https:\/\/estudioscriticosgeopolitica.net\/wp-content\/uploads\/2021\/11\/70661361_1384960944987750_5162890305740996608_n-1.jpg\" alt=\"\" class=\"wp-image-1816\" srcset=\"https:\/\/estudioscriticosgeopolitica.net\/wp-content\/uploads\/2021\/11\/70661361_1384960944987750_5162890305740996608_n-1.jpg 720w, https:\/\/estudioscriticosgeopolitica.net\/wp-content\/uploads\/2021\/11\/70661361_1384960944987750_5162890305740996608_n-1-225x300.jpg 225w\" sizes=\"auto, (max-width: 720px) 100vw, 720px\" \/><\/figure>\n<\/div>\n\n\n\n<div class=\"wp-block-column is-layout-flow wp-block-column-is-layout-flow\" style=\"flex-basis:66.66%\">\n<p><strong>DEL 25 AL 27 DE SEPTIEMBRE DE 2019<\/strong><\/p>\n\n\n\n<p><\/p>\n\n\n\n<p>Los ejes de discusi\u00f3n del seminario fueron:<\/p>\n\n\n\n<p>a) Geopol\u00edtica: Teor\u00eda, metodolog\u00eda y praxis espacial<\/p>\n\n\n\n<p>b) Escalas y desarrollo desigual<\/p>\n\n\n\n<p>c) Espacio p\u00fablico<\/p>\n\n\n\n<p>d) Geopol\u00edtica Mundial<\/p>\n\n\n\n<p>e) Nuevas territorialidades y formas de subjetivaci\u00f3n pol\u00edtica<\/p>\n<\/div>\n<\/div>\n\n\n\n<div class=\"wp-block-columns is-layout-flex wp-container-core-columns-is-layout-28f84493 wp-block-columns-is-layout-flex\">\n<div class=\"wp-block-column is-layout-flow wp-block-column-is-layout-flow\">\n<figure class=\"wp-block-video\"><video controls src=\"https:\/\/www.facebook.com\/EspacialidadDominacionViolencia\/videos\/453357492189629\"><\/video><\/figure>\n\n\n\n<p>Inauguraci\u00f3n<\/p>\n<\/div>\n\n\n\n<div class=\"wp-block-column is-layout-flow wp-block-column-is-layout-flow\">\n<figure class=\"wp-block-video\"><video controls src=\"https:\/\/www.facebook.com\/EspacialidadDominacionViolencia\/videos\/427488014599210\"><\/video><figcaption>Conferencia Magistral Ana Esther Cece\u00f1a<\/figcaption><\/figure>\n<\/div>\n\n\n\n<div class=\"wp-block-column is-layout-flow wp-block-column-is-layout-flow\">\n<figure class=\"wp-block-video\"><video controls src=\"https:\/\/www.facebook.com\/EspacialidadDominacionViolencia\/videos\/2525237850829699\"><\/video><\/figure>\n\n\n\n<p>Mesa 1 &#8220;Geopol\u00edtica: teor\u00eda, metdolog\u00eda y praxis espacial&#8221;<\/p>\n<\/div>\n<\/div>\n\n\n\n<div class=\"wp-block-columns is-layout-flex wp-container-core-columns-is-layout-28f84493 wp-block-columns-is-layout-flex\">\n<div class=\"wp-block-column is-layout-flow wp-block-column-is-layout-flow\">\n<figure class=\"wp-block-video\"><video controls src=\"https:\/\/www.facebook.com\/EspacialidadDominacionViolencia\/videos\/542186523195009\"><\/video><\/figure>\n\n\n\n<p>Mesa 2 &#8220;Escalas y desarrollo desigual&#8221;<\/p>\n<\/div>\n\n\n\n<div class=\"wp-block-column is-layout-flow wp-block-column-is-layout-flow\">\n<figure class=\"wp-block-video\"><video controls src=\"https:\/\/www.facebook.com\/EspacialidadDominacionViolencia\/videos\/465627737498639\"><\/video><figcaption>Mesa 3 &#8220;El espacio p\u00fablico&#8221;<\/figcaption><\/figure>\n<\/div>\n\n\n\n<div class=\"wp-block-column is-layout-flow wp-block-column-is-layout-flow\">\n<figure class=\"wp-block-video\"><video controls src=\"https:\/\/www.facebook.com\/watch\/live\/?ref=watch_permalink&amp;v=770254810107820\"><\/video><figcaption>Conferencia Magistral Deborah Cowen<\/figcaption><\/figure>\n<\/div>\n<\/div>\n\n\n\n<div class=\"wp-block-columns is-layout-flex wp-container-core-columns-is-layout-28f84493 wp-block-columns-is-layout-flex\"><\/div>\n\n\n\n<p><\/p>\n","protected":false},"excerpt":{"rendered":"<p>DEL 25 AL 27 DE SEPTIEMBRE DE 2019 Los ejes de discusi\u00f3n del seminario fueron: a) Geopol\u00edtica: Teor\u00eda, metodolog\u00eda y praxis espacial b) Escalas y desarrollo desigual c) Espacio p\u00fablico d) Geopol\u00edtica Mundial e) Nuevas territorialidades y formas de subjetivaci\u00f3n pol\u00edtica Inauguraci\u00f3n Mesa 1 &#8220;Geopol\u00edtica: teor\u00eda, metdolog\u00eda y praxis espacial&#8221; Mesa 2 &#8220;Escalas y desarrollo [&hellip;]<\/p>\n","protected":false},"author":1,"featured_media":0,"parent":0,"menu_order":0,"comment_status":"closed","ping_status":"closed","template":"","meta":{"_monsterinsights_skip_tracking":false,"_monsterinsights_sitenote_active":false,"_monsterinsights_sitenote_note":"","_monsterinsights_sitenote_category":0,"site-sidebar-layout":"default","site-content-layout":"default","ast-site-content-layout":"default","site-content-style":"default","site-sidebar-style":"default","ast-global-header-display":"","ast-banner-title-visibility":"","ast-main-header-display":"","ast-hfb-above-header-display":"","ast-hfb-below-header-display":"","ast-hfb-mobile-header-display":"","site-post-title":"","ast-breadcrumbs-content":"","ast-featured-img":"","footer-sml-layout":"","theme-transparent-header-meta":"default","adv-header-id-meta":"","stick-header-meta":"","header-above-stick-meta":"","header-main-stick-meta":"","header-below-stick-meta":"","astra-migrate-meta-layouts":"default","ast-page-background-enabled":"default","ast-page-background-meta":{"desktop":{"background-color":"","background-image":"","background-repeat":"repeat","background-position":"center center","background-size":"auto","background-attachment":"scroll","background-type":"","background-media":"","overlay-type":"","overlay-color":"","overlay-opacity":"","overlay-gradient":""},"tablet":{"background-color":"","background-image":"","background-repeat":"repeat","background-position":"center center","background-size":"auto","background-attachment":"scroll","background-type":"","background-media":"","overlay-type":"","overlay-color":"","overlay-opacity":"","overlay-gradient":""},"mobile":{"background-color":"","background-image":"","background-repeat":"repeat","background-position":"center center","background-size":"auto","background-attachment":"scroll","background-type":"","background-media":"","overlay-type":"","overlay-color":"","overlay-opacity":"","overlay-gradient":""}},"ast-content-background-meta":{"desktop":{"background-color":"var(--ast-global-color-5)","background-image":"","background-repeat":"repeat","background-position":"center center","background-size":"auto","background-attachment":"scroll","background-type":"","background-media":"","overlay-type":"","overlay-color":"","overlay-opacity":"","overlay-gradient":""},"tablet":{"background-color":"var(--ast-global-color-5)","background-image":"","background-repeat":"repeat","background-position":"center center","background-size":"auto","background-attachment":"scroll","background-type":"","background-media":"","overlay-type":"","overlay-color":"","overlay-opacity":"","overlay-gradient":""},"mobile":{"background-color":"var(--ast-global-color-5)","background-image":"","background-repeat":"repeat","background-position":"center center","background-size":"auto","background-attachment":"scroll","background-type":"","background-media":"","overlay-type":"","overlay-color":"","overlay-opacity":"","overlay-gradient":""}},"footnotes":""},"class_list":["post-1815","page","type-page","status-publish","hentry"],"_links":{"self":[{"href":"https:\/\/estudioscriticosgeopolitica.net\/index.php?rest_route=\/wp\/v2\/pages\/1815","targetHints":{"allow":["GET"]}}],"collection":[{"href":"https:\/\/estudioscriticosgeopolitica.net\/index.php?rest_route=\/wp\/v2\/pages"}],"about":[{"href":"https:\/\/estudioscriticosgeopolitica.net\/index.php?rest_route=\/wp\/v2\/types\/page"}],"author":[{"embeddable":true,"href":"https:\/\/estudioscriticosgeopolitica.net\/index.php?rest_route=\/wp\/v2\/users\/1"}],"replies":[{"embeddable":true,"href":"https:\/\/estudioscriticosgeopolitica.net\/index.php?rest_route=%2Fwp%2Fv2%2Fcomments&post=1815"}],"version-history":[{"count":2,"href":"https:\/\/estudioscriticosgeopolitica.net\/index.php?rest_route=\/wp\/v2\/pages\/1815\/revisions"}],"predecessor-version":[{"id":1823,"href":"https:\/\/estudioscriticosgeopolitica.net\/index.php?rest_route=\/wp\/v2\/pages\/1815\/revisions\/1823"}],"wp:attachment":[{"href":"https:\/\/estudioscriticosgeopolitica.net\/index.php?rest_route=%2Fwp%2Fv2%2Fmedia&parent=1815"}],"curies":[{"name":"wp","href":"https:\/\/api.w.org\/{rel}","templated":true}]}}