{"id":1848,"date":"2021-11-08T18:32:57","date_gmt":"2021-11-09T00:32:57","guid":{"rendered":"https:\/\/estudioscriticosgeopolitica.net\/?page_id=1848"},"modified":"2025-08-18T16:48:51","modified_gmt":"2025-08-18T22:48:51","slug":"mtra-irais-fuentes-arzate","status":"publish","type":"page","link":"https:\/\/estudioscriticosgeopolitica.net\/?page_id=1848","title":{"rendered":"Irais Fuentes Arzate"},"content":{"rendered":"\n<div class=\"wp-block-columns is-layout-flex wp-container-core-columns-is-layout-28f84493 wp-block-columns-is-layout-flex\">\n<div class=\"wp-block-column is-layout-flow wp-block-column-is-layout-flow\">\n<figure class=\"wp-block-image size-full is-resized is-style-default\"><img loading=\"lazy\" decoding=\"async\" width=\"1681\" height=\"2560\" src=\"https:\/\/estudioscriticosgeopolitica.net\/wp-content\/uploads\/2025\/08\/6a820b0f-e5d0-478e-a9a3-42399f415220-scaled.jpg\" alt=\"\" class=\"wp-image-2064\" style=\"width:183px;height:auto\" srcset=\"https:\/\/estudioscriticosgeopolitica.net\/wp-content\/uploads\/2025\/08\/6a820b0f-e5d0-478e-a9a3-42399f415220-scaled.jpg 1681w, https:\/\/estudioscriticosgeopolitica.net\/wp-content\/uploads\/2025\/08\/6a820b0f-e5d0-478e-a9a3-42399f415220-197x300.jpg 197w, https:\/\/estudioscriticosgeopolitica.net\/wp-content\/uploads\/2025\/08\/6a820b0f-e5d0-478e-a9a3-42399f415220-672x1024.jpg 672w, https:\/\/estudioscriticosgeopolitica.net\/wp-content\/uploads\/2025\/08\/6a820b0f-e5d0-478e-a9a3-42399f415220-768x1170.jpg 768w, https:\/\/estudioscriticosgeopolitica.net\/wp-content\/uploads\/2025\/08\/6a820b0f-e5d0-478e-a9a3-42399f415220-1009x1536.jpg 1009w, https:\/\/estudioscriticosgeopolitica.net\/wp-content\/uploads\/2025\/08\/6a820b0f-e5d0-478e-a9a3-42399f415220-1345x2048.jpg 1345w\" sizes=\"auto, (max-width: 1681px) 100vw, 1681px\" \/><\/figure>\n<\/div>\n\n\n\n<div class=\"wp-block-column is-layout-flow wp-block-column-is-layout-flow\"><\/div>\n<\/div>\n\n\n\n<p class=\"has-ast-global-color-2-color has-text-color\"><strong>Estudios<\/strong><\/p>\n\n\n\n<p>Licenciatura en Geograf\u00eda por la Facultad de Filosof\u00eda y Letras (UNAM)<\/p>\n\n\n\n<p>Maestr\u00eda en Relaciones Internacionales, en Universidad Aut\u00f3noma Metropolitana unidad Xochimilco<\/p>\n\n\n\n<p>Estancia de investigaci\u00f3n en Universidad Ferdowsi de Mashhad, Ir\u00e1n<\/p>\n\n\n\n<p>Estancia acad\u00e9mica en el Centro de Estudios de Asia y \u00c1frica de El Colegio de M\u00e9xico<\/p>\n\n\n\n<p>Doctoranda en Estudios Feministas en la Universidad Aut\u00f3noma Metropolitana<\/p>\n\n\n\n<p class=\"has-ast-global-color-2-color has-text-color\"><strong>Informaci\u00f3n de contacto<\/strong><\/p>\n\n\n\n<p>iraisfuentes@filos.unam.mx<\/p>\n\n\n\n<p class=\"has-ast-global-color-2-color has-text-color\"><strong>L\u00edneas de investigaci\u00f3n<\/strong><\/p>\n\n\n\n<ul class=\"wp-block-list\">\n<li>Geopol\u00edtica del Medio Oriente<\/li>\n<\/ul>\n\n\n\n<ul class=\"wp-block-list\">\n<li>Estructura pol\u00edtica de Ir\u00e1n<\/li>\n<\/ul>\n\n\n\n<ul class=\"wp-block-list\">\n<li>Mujeres trabajadoras en Ir\u00e1n<\/li>\n<\/ul>\n\n\n\n<ul class=\"wp-block-list\">\n<li>Movimientos de mujeres en Medio Oriente<\/li>\n\n\n\n<li>Feminismos isl\u00e1micos<\/li>\n\n\n\n<li>Violencias contra las mujeres<\/li>\n<\/ul>\n\n\n\n<p class=\"has-ast-global-color-2-color has-text-color\"><strong>Cursos impartidos<\/strong><\/p>\n\n\n\n<ul class=\"wp-block-list\">\n<li>\u201cGeograf\u00eda\u201d, FCPYS-UNAM.<\/li>\n\n\n\n<li>\u00a0\u201cGeograf\u00eda del g\u00e9nero\u201d, FFyL-UNAM<\/li>\n\n\n\n<li>\u00a0\u201cGeograf\u00eda Humana II\u201d, FFyL-UNAM<\/li>\n\n\n\n<li>\u00a0\u201cGeograf\u00eda pol\u00edtica I\u201d, FFyL-UNAM<\/li>\n\n\n\n<li>\u00a0\u201cGeograf\u00eda pol\u00edtica de M\u00e9xico\u201d, FFyL-UNAM<\/li>\n\n\n\n<li>\u00a0\u201cGeopol\u00edtica cr\u00edtica: teor\u00eda y casos de Medio Oriente\u201d, CEAA, Colmex.<\/li>\n\n\n\n<li>\u00a0\u201cGeopol\u00edtica del Medio Oriente desde una perspectiva de g\u00e9nero\u201d, FCPYS-UNAM.<\/li>\n\n\n\n<li>\u00a0\u201cHistoria y geograf\u00eda econ\u00f3micas mundiales\u201d, Instituto Superior de Int\u00e9rpretes y Traductores (ISIT)<\/li>\n\n\n\n<li>\u00a0\u201cMedio Oriente\u201d, FCPYS-UNAM.<\/li>\n\n\n\n<li>\u00a0\u201cPerspectivas de g\u00e9nero en las Relaciones Internacionales\u201d, FCPYS-UNAM.<\/li>\n\n\n\n<li>\u00a0\u201cPol\u00edtica exterior de M\u00e9xico, Instituto Superior de Int\u00e9rpretes y Traductores (ISIT).<\/li>\n\n\n\n<li>\u00a0Producci\u00f3n de la &#8216;conflictividad&#8217; en Medio Oriente\u201d, Programa de Actualizaci\u00f3n y Superaci\u00f3n Docente (PASD), FFyL-UNAM.<\/li>\n\n\n\n<li>\u00a0\u201cViolencias contra las mujeres\u201d, FCPYS-UNAM<\/li>\n<\/ul>\n\n\n\n<p class=\"has-ast-global-color-2-color has-text-color\"><strong>Publicaciones <\/strong><\/p>\n\n\n\n<p><em>Cap\u00edtulos<\/em> <em>de libro<\/em><\/p>\n\n\n\n<ul class=\"wp-block-list\">\n<li>Fuentes Arzate, I. (2025). Una mirada feminista al trabajo de las mujeres en el Ir\u00e1n neoliberal. En Araceli Cort\u00e9s, Susana Rosalesy Gilberto Conde (Coords.), G\u00e9nero, violencias y resistencias en Medio Oriente. Miradas desde Am\u00e9rica Latina (pp. 65-108). M\u00e9xico: El Colegio de M\u00e9xico.<\/li>\n\n\n\n<li>Fuentes Arzate, I. (2023). Mujeres afganas frente a la pol\u00edtica de segregaci\u00f3n sexual de los Talib\u00e1n, una aproximaci\u00f3n a un a\u00f1o de gobierno. En Red Universitaria de G\u00e9neros, Equidad y Diversidad Sexual de la Uni\u00f3n de Universidades de Am\u00e9rica Latina y el Caribe (Coord.), Afganas entre talibanes (pp. 36\u201357). M\u00e9xico: UDUALC, Cuadernos de Universidades, (21).<\/li>\n\n\n\n<li>Fuentes Arzate, I. (2022). Conflictos y desigualdades socioecon\u00f3micas en el proceso de vacunaci\u00f3n contra la CoViD-19: el caso de Medio Oriente. En B. N. P\u00e9rez Rodr\u00edguez y A. T. Guti\u00e9rrez del Cid (Coords.), Cooperaci\u00f3n internacional y conflicto ante la crisis del Covid-19. M\u00e9xico: Universidad Nacional Aut\u00f3noma Metropolitana.<\/li>\n\n\n\n<li>Fuentes Arzate, I. (2022). Geopol\u00edtica cr\u00edtica: reflexiones te\u00f3ricas sobre la espacialidad de la dominaci\u00f3n. En G. Guerrero &amp; J. C. Valerazo (Eds.), Geopol\u00edtica, territorio y gobernanza multinivel. XVII Encuentro de Ge\u00f3grafos de Am\u00e9rica Latina (pp. 107\u2013130). Quito: PUCE.<\/li>\n\n\n\n<li>Fuentes Arzate, I. (2022). A una d\u00e9cada del Movimiento Verde en Ir\u00e1n: una constante lucha por parte de la sociedad y el reforzamiento de los dispositivos de seguridad del r\u00e9gimen. En M. Gardu\u00f1o (Coord.), Justicia social, sectarizaci\u00f3n y el papel del orden mundial en Norte de \u00c1frica y Medio Oriente a diez a\u00f1os de las protestas populares \u00e1rabes (pp. 353\u2013368). Ciudad de M\u00e9xico: FCPyS, UNAM.<\/li>\n\n\n\n<li>Fuentes Arzate, I. (2020). La \u2018desterritorializaci\u00f3n\u2019 como estrategia en la geopol\u00edtica de la guerra contra Iraq. En D. Herrera (Coord.), Geopol\u00edtica. Espacio, poder y resistencias en el siglo XXI (pp. 197\u2013214). Ciudad de M\u00e9xico: Trama Editorial.<\/li>\n<\/ul>\n\n\n\n<p><em>Art\u00edculos de investigaci\u00f3n<\/em><\/p>\n\n\n\n<ul class=\"wp-block-list\">\n<li>Fuentes Arzate, I. (2025). Producci\u00f3n de la conflictividad en Medio Oriente para la geopol\u00edtica global. An\u00e1lisis Plural, (9). <a href=\"https:\/\/doi.org\/10.31391\/adphsa02\">https:\/\/doi.org\/10.31391\/adphsa02<\/a><\/li>\n\n\n\n<li>Fuentes Arzate, I. (2025). Tejer desde la infancia: ni\u00f1as trabajadoras y agencia pol\u00edtica en la producci\u00f3n de alfombras en Ir\u00e1n. Claroscuro (24)1.<\/li>\n\n\n\n<li>Fuentes Arzate, I. (2023). Espacios de segregaci\u00f3n por g\u00e9nero en Ir\u00e1n contempor\u00e1neo. URBS. Revista de Estudios Urbanos y Ciencias Sociales, 23(1), 61\u201375. <a href=\"https:\/\/urbs.xoc.uam.mx\/index.php\/urbs\/article\/view\/38\">https:\/\/urbs.xoc.uam.mx\/index.php\/urbs\/article\/view\/38<\/a><\/li>\n\n\n\n<li>Fuentes Arzate, I. (2021). Una aproximaci\u00f3n a la situaci\u00f3n de las mujeres en el Ir\u00e1n contempor\u00e1neo: perspectivas locales y globales. Muuch\u2019 X\u00edimbal. Caminemos juntos, (13), 159\u2013187. <a href=\"https:\/\/doi.org\/10.26457\/mxcj.v0i13.2975\">https:\/\/doi.org\/10.26457\/mxcj.v0i13.2975<\/a><\/li>\n<\/ul>\n\n\n\n<p><em>Art\u00edculos de divulgaci\u00f3n<\/em><\/p>\n\n\n\n<ul class=\"wp-block-list\">\n<li>\u201cIr\u00e1n, el <em>andarun\u00ed<\/em> persistente: espacios de segregaci\u00f3n por g\u00e9nero\u201d, <em>Grupo de Estudios sobre Eurasia <\/em>(17 de marzo de 2021) disponible en: <a href=\"https:\/\/euroasiaticos.blogspot.com\/2021\/03\/iran-el-andaruni-persistente-espacios.html\">https:\/\/euroasiaticos.blogspot.com\/2021\/03\/iran-el-andaruni-persistente-espacios.html<\/a><\/li>\n<\/ul>\n\n\n\n<ul class=\"wp-block-list\"><\/ul>\n\n\n\n<ul class=\"wp-block-list\"><\/ul>\n\n\n\n<ul class=\"wp-block-list\"><\/ul>\n\n\n\n<p><em>Rese\u00f1as de libro<\/em><\/p>\n\n\n\n<ul class=\"wp-block-list\">\n<li>\u201cEspacios negativos. Praxis y antipraxis\u201d por David Herrera, <em>et. al. <\/em>(autor), M\u00e9xico, Akal, 2020, <em>Revista propulsi\u00f3n. Interdisciplina en Ciencias Sociales y Humanidades 2<\/em>, n\u00fam. 1 (2021), pp. 82-85. <a href=\"http:\/\/ojs.revpropulsion.cl\/index.php\/revpropulsion\/issue\/view\/4\/19\">http:\/\/ojs.revpropulsion.cl\/index.php\/revpropulsion\/issue\/view\/4\/19<\/a><\/li>\n<\/ul>\n\n\n\n<p class=\"has-ast-global-color-2-color has-text-color\"><strong>Proyectos de investigaci\u00f3n<\/strong><\/p>\n\n\n\n<ul class=\"wp-block-list\">\n<li>Grupo de Estudios sobre Eurasia (GESE).<\/li>\n\n\n\n<li>PAPIME PE301718 \u201cUna geopol\u00edtica cr\u00edtica para la ense\u00f1anza en Geograf\u00eda Pol\u00edtica\u201d que estuvo vigente de enero de 2018 a diciembre de 2020.<\/li>\n\n\n\n<li>PAPIME PE305824. La geopol\u00edtica como metodolog\u00eda para la ense\u00f1anza y aprendizaje de din\u00e1micas en Macro Regiones: teor\u00eda y pr\u00e1ctica a partir del an\u00e1lisis casu\u00edstico. Enero de 2024 a marzo de 2025.<\/li>\n\n\n\n<li>PAPIME PE310619: El espacio como clave epistemol\u00f3gica dentro del pensamiento geogr\u00e1fico.<\/li>\n\n\n\n<li>PAPIIT IN308625 \u201cTransformaciones e impactos de las tensiones b\u00e9licas, financiero-extractivas y log\u00edsticas en el orden geopol\u00edtico mundial\u201d con vigencia de enero de 2025 a diciembre de 2027.<\/li>\n\n\n\n<li>PAPIIT &#8220;Paz y Seguridad y Desarrollo VII&#8221;<\/li>\n\n\n\n<li>PIFFYL 2016 32: Seminario Sobre Espacialidad, Dominaci\u00f3n y Violencia. Agosto del 2016 a agosto del 2019.<\/li>\n\n\n\n<li>PROINV 23_2. Nuevos horizontes te\u00f3rico-metodol\u00f3gicos para el estudio de la geopol\u00edtica regional. Marzo de 2023 a marzo de 2025<\/li>\n\n\n\n<li>PROINV_25_23. Geopol\u00edtica regional desde el materialismo: Dimensiones tiempo\/espacio y transescalaridad. Marzo 2025- a la fecha<\/li>\n\n\n\n<li>Seminario de Estudios Cr\u00edticos en Geopol\u00edtica de la Facultad de Filosof\u00eda y Letras de la UNAM, desde enero de 2021 a la fecha.<\/li>\n<\/ul>\n","protected":false},"excerpt":{"rendered":"<p>Estudios Licenciatura en Geograf\u00eda por la Facultad de Filosof\u00eda y Letras (UNAM) Maestr\u00eda en Relaciones Internacionales, en Universidad Aut\u00f3noma Metropolitana unidad Xochimilco Estancia de investigaci\u00f3n en Universidad Ferdowsi de Mashhad, Ir\u00e1n Estancia acad\u00e9mica en el Centro de Estudios de Asia y \u00c1frica de El Colegio de M\u00e9xico Doctoranda en Estudios Feministas en la Universidad Aut\u00f3noma [&hellip;]<\/p>\n","protected":false},"author":1,"featured_media":0,"parent":0,"menu_order":0,"comment_status":"closed","ping_status":"closed","template":"","meta":{"_monsterinsights_skip_tracking":false,"_monsterinsights_sitenote_active":false,"_monsterinsights_sitenote_note":"","_monsterinsights_sitenote_category":0,"site-sidebar-layout":"default","site-content-layout":"default","ast-site-content-layout":"default","site-content-style":"default","site-sidebar-style":"default","ast-global-header-display":"","ast-banner-title-visibility":"","ast-main-header-display":"","ast-hfb-above-header-display":"","ast-hfb-below-header-display":"","ast-hfb-mobile-header-display":"","site-post-title":"","ast-breadcrumbs-content":"","ast-featured-img":"","footer-sml-layout":"","theme-transparent-header-meta":"default","adv-header-id-meta":"","stick-header-meta":"","header-above-stick-meta":"","header-main-stick-meta":"","header-below-stick-meta":"","astra-migrate-meta-layouts":"default","ast-page-background-enabled":"default","ast-page-background-meta":{"desktop":{"background-color":"","background-image":"","background-repeat":"repeat","background-position":"center center","background-size":"auto","background-attachment":"scroll","background-type":"","background-media":"","overlay-type":"","overlay-color":"","overlay-opacity":"","overlay-gradient":""},"tablet":{"background-color":"","background-image":"","background-repeat":"repeat","background-position":"center center","background-size":"auto","background-attachment":"scroll","background-type":"","background-media":"","overlay-type":"","overlay-color":"","overlay-opacity":"","overlay-gradient":""},"mobile":{"background-color":"","background-image":"","background-repeat":"repeat","background-position":"center center","background-size":"auto","background-attachment":"scroll","background-type":"","background-media":"","overlay-type":"","overlay-color":"","overlay-opacity":"","overlay-gradient":""}},"ast-content-background-meta":{"desktop":{"background-color":"var(--ast-global-color-5)","background-image":"","background-repeat":"repeat","background-position":"center center","background-size":"auto","background-attachment":"scroll","background-type":"","background-media":"","overlay-type":"","overlay-color":"","overlay-opacity":"","overlay-gradient":""},"tablet":{"background-color":"var(--ast-global-color-5)","background-image":"","background-repeat":"repeat","background-position":"center center","background-size":"auto","background-attachment":"scroll","background-type":"","background-media":"","overlay-type":"","overlay-color":"","overlay-opacity":"","overlay-gradient":""},"mobile":{"background-color":"var(--ast-global-color-5)","background-image":"","background-repeat":"repeat","background-position":"center center","background-size":"auto","background-attachment":"scroll","background-type":"","background-media":"","overlay-type":"","overlay-color":"","overlay-opacity":"","overlay-gradient":""}},"footnotes":""},"class_list":["post-1848","page","type-page","status-publish","hentry"],"_links":{"self":[{"href":"https:\/\/estudioscriticosgeopolitica.net\/index.php?rest_route=\/wp\/v2\/pages\/1848","targetHints":{"allow":["GET"]}}],"collection":[{"href":"https:\/\/estudioscriticosgeopolitica.net\/index.php?rest_route=\/wp\/v2\/pages"}],"about":[{"href":"https:\/\/estudioscriticosgeopolitica.net\/index.php?rest_route=\/wp\/v2\/types\/page"}],"author":[{"embeddable":true,"href":"https:\/\/estudioscriticosgeopolitica.net\/index.php?rest_route=\/wp\/v2\/users\/1"}],"replies":[{"embeddable":true,"href":"https:\/\/estudioscriticosgeopolitica.net\/index.php?rest_route=%2Fwp%2Fv2%2Fcomments&post=1848"}],"version-history":[{"count":7,"href":"https:\/\/estudioscriticosgeopolitica.net\/index.php?rest_route=\/wp\/v2\/pages\/1848\/revisions"}],"predecessor-version":[{"id":2076,"href":"https:\/\/estudioscriticosgeopolitica.net\/index.php?rest_route=\/wp\/v2\/pages\/1848\/revisions\/2076"}],"wp:attachment":[{"href":"https:\/\/estudioscriticosgeopolitica.net\/index.php?rest_route=%2Fwp%2Fv2%2Fmedia&parent=1848"}],"curies":[{"name":"wp","href":"https:\/\/api.w.org\/{rel}","templated":true}]}}