{"id":1867,"date":"2022-01-11T17:21:24","date_gmt":"2022-01-11T23:21:24","guid":{"rendered":"https:\/\/estudioscriticosgeopolitica.net\/?page_id=1867"},"modified":"2023-12-12T13:38:09","modified_gmt":"2023-12-12T19:38:09","slug":"m-fernanda-tejada-quintino","status":"publish","type":"page","link":"https:\/\/estudioscriticosgeopolitica.net\/?page_id=1867","title":{"rendered":"M. Fernanda Tejada Quintino"},"content":{"rendered":"\n<figure class=\"wp-block-image size-large is-resized\"><img loading=\"lazy\" decoding=\"async\" width=\"822\" height=\"822\" src=\"https:\/\/estudioscriticosgeopolitica.net\/wp-content\/uploads\/2022\/01\/image-edited-1.png\" alt=\"\" class=\"wp-image-1870\" style=\"width:348px\" srcset=\"https:\/\/estudioscriticosgeopolitica.net\/wp-content\/uploads\/2022\/01\/image-edited-1.png 822w, https:\/\/estudioscriticosgeopolitica.net\/wp-content\/uploads\/2022\/01\/image-edited-1-300x300.png 300w, https:\/\/estudioscriticosgeopolitica.net\/wp-content\/uploads\/2022\/01\/image-edited-1-150x150.png 150w, https:\/\/estudioscriticosgeopolitica.net\/wp-content\/uploads\/2022\/01\/image-edited-1-768x768.png 768w\" sizes=\"auto, (max-width: 822px) 100vw, 822px\" \/><\/figure>\n\n\n\n<p><\/p>\n\n\n\n<p><strong><span class=\"has-inline-color has-ast-global-color-2-color\">Estudios<\/span><\/strong><\/p>\n\n\n\n<p>Maestrante en Estudios en Relaciones Internacionales, Facultad de Ciencias Pol\u00edticas y Sociales, UNAM<\/p>\n\n\n\n<p>Licenciada en Relaciones Internacionales, Facultad de Ciencias Pol\u00edticas y Sociales, UNAM<\/p>\n\n\n\n<p><strong><span class=\"has-inline-color has-ast-global-color-2-color\">Informaci\u00f3n de contacto<\/span><\/strong><\/p>\n\n\n\n<p><a href=\"mailto:fabiangonzalez@filos.unam.mx\"><a href=\"mailto:fernandatejada@politicas.unam.mx\">fernandatejada@politicas.unam.mx<\/a><\/a><\/p>\n\n\n\n<p><strong><span class=\"has-inline-color has-ast-global-color-2-color\">L\u00edneas de investigaci\u00f3n<\/span><\/strong><\/p>\n\n\n\n<p><strong><span class=\"has-inline-color has-ast-global-color-2-color\">Cursos impartidos<\/span><\/strong><\/p>\n\n\n\n<ul class=\"wp-block-list\">\n<li>Geopol\u00edtica cr\u00edtica<\/li>\n\n\n\n<li>Hegemon\u00eda<\/li>\n\n\n\n<li>Ciudades <\/li>\n<\/ul>\n\n\n\n<p><\/p>\n\n\n\n<p><em>Facultad de Ciencias Pol\u00edticas y Sociales<\/em><\/p>\n\n\n\n<ul class=\"wp-block-list\">\n<li>Relaciones Internacionales 1815-1945<\/li>\n\n\n\n<li>Lenguaje, Cultura y Poder<\/li>\n<\/ul>\n\n\n\n<p><strong><span class=\"has-inline-color has-ast-global-color-2-color\">Publicaciones<\/span><\/strong><\/p>\n\n\n\n<p><em>Art\u00edculos<\/em><\/p>\n\n\n\n<p>Luisa Rodr\u00edguez y Mar\u00eda Fernanda Tejada \u201cEstrategias de la gubernamentalidad en la gesti\u00f3n del espacio p\u00fablico y la identidad ind\u00edgena en la Ciudad de M\u00e9xico\u201d (en proceso de revisi\u00f3n)<\/p>\n\n\n\n<p><em>Cuadernillos<\/em><\/p>\n\n\n\n<p>Ana Esther Cece\u00f1a (et.al.); El Istmo de Tehuantepec en riesgo, Observatorio Latinoamericano&nbsp;&nbsp;&nbsp;&nbsp;&nbsp;&nbsp;&nbsp;&nbsp;&nbsp;&nbsp;&nbsp; de&nbsp;&nbsp;&nbsp;&nbsp;&nbsp;&nbsp;&nbsp;&nbsp;&nbsp; Geopol\u00edtica, UNAM, febrero 2021, 98 pp. Disponible en <a href=\"http:\/\/geopolitica.iiec.unam.mx\/sites\/default\/files\/2021-03\/Istmo%20en%20riesgo.pdf\">http:\/\/geopolitica.iiec.unam.mx\/sites\/de fault\/files\/2021- 03\/Istmo%20en%20riesgo.pdf<\/a><\/p>\n\n\n\n<p><span style=\"background-color:rgba(0, 0, 0, 0)\" class=\"has-inline-color has-ast-global-color-2-color\"><strong>Participaci\u00f3n en proyectos de investigaci\u00f3n<\/strong><\/span><\/p>\n\n\n\n<ul class=\"wp-block-list\">\n<li>&#8220;Una Geopol\u00edtica cr\u00edtica. Por una teor\u00eda y una praxis negativa y emancipatoria&#8221; a cargo del Dr. David Herrera en la Facultad de Filosof\u00eda y Letras (UNAM)<\/li>\n\n\n\n<li>&#8220;De ciudad diversa a ciudad adversa. An\u00e1lisis de los procesos de exclusi\u00f3n social de poblaciones ind\u00edgenas habitantes de la Ciudad de M\u00e9xico&#8221; a cargo de la Dra. Luisa Rodr\u00edguez Cort\u00e9s, en el Instituto Dr. Jos\u00e9 Mar\u00eda Luis Mora<\/li>\n<\/ul>\n","protected":false},"excerpt":{"rendered":"<p>Estudios Maestrante en Estudios en Relaciones Internacionales, Facultad de Ciencias Pol\u00edticas y Sociales, UNAM Licenciada en Relaciones Internacionales, Facultad de Ciencias Pol\u00edticas y Sociales, UNAM Informaci\u00f3n de contacto fernandatejada@politicas.unam.mx L\u00edneas de investigaci\u00f3n Cursos impartidos Facultad de Ciencias Pol\u00edticas y Sociales Publicaciones Art\u00edculos Luisa Rodr\u00edguez y Mar\u00eda Fernanda Tejada \u201cEstrategias de la gubernamentalidad en la gesti\u00f3n [&hellip;]<\/p>\n","protected":false},"author":1,"featured_media":0,"parent":0,"menu_order":0,"comment_status":"closed","ping_status":"closed","template":"","meta":{"_monsterinsights_skip_tracking":false,"_monsterinsights_sitenote_active":false,"_monsterinsights_sitenote_note":"","_monsterinsights_sitenote_category":0,"site-sidebar-layout":"default","site-content-layout":"default","ast-site-content-layout":"default","site-content-style":"default","site-sidebar-style":"default","ast-global-header-display":"","ast-banner-title-visibility":"","ast-main-header-display":"","ast-hfb-above-header-display":"","ast-hfb-below-header-display":"","ast-hfb-mobile-header-display":"","site-post-title":"","ast-breadcrumbs-content":"","ast-featured-img":"","footer-sml-layout":"","theme-transparent-header-meta":"default","adv-header-id-meta":"","stick-header-meta":"","header-above-stick-meta":"","header-main-stick-meta":"","header-below-stick-meta":"","astra-migrate-meta-layouts":"default","ast-page-background-enabled":"default","ast-page-background-meta":{"desktop":{"background-color":"","background-image":"","background-repeat":"repeat","background-position":"center center","background-size":"auto","background-attachment":"scroll","background-type":"","background-media":"","overlay-type":"","overlay-color":"","overlay-opacity":"","overlay-gradient":""},"tablet":{"background-color":"","background-image":"","background-repeat":"repeat","background-position":"center center","background-size":"auto","background-attachment":"scroll","background-type":"","background-media":"","overlay-type":"","overlay-color":"","overlay-opacity":"","overlay-gradient":""},"mobile":{"background-color":"","background-image":"","background-repeat":"repeat","background-position":"center center","background-size":"auto","background-attachment":"scroll","background-type":"","background-media":"","overlay-type":"","overlay-color":"","overlay-opacity":"","overlay-gradient":""}},"ast-content-background-meta":{"desktop":{"background-color":"var(--ast-global-color-5)","background-image":"","background-repeat":"repeat","background-position":"center center","background-size":"auto","background-attachment":"scroll","background-type":"","background-media":"","overlay-type":"","overlay-color":"","overlay-opacity":"","overlay-gradient":""},"tablet":{"background-color":"var(--ast-global-color-5)","background-image":"","background-repeat":"repeat","background-position":"center center","background-size":"auto","background-attachment":"scroll","background-type":"","background-media":"","overlay-type":"","overlay-color":"","overlay-opacity":"","overlay-gradient":""},"mobile":{"background-color":"var(--ast-global-color-5)","background-image":"","background-repeat":"repeat","background-position":"center center","background-size":"auto","background-attachment":"scroll","background-type":"","background-media":"","overlay-type":"","overlay-color":"","overlay-opacity":"","overlay-gradient":""}},"footnotes":""},"class_list":["post-1867","page","type-page","status-publish","hentry"],"_links":{"self":[{"href":"https:\/\/estudioscriticosgeopolitica.net\/index.php?rest_route=\/wp\/v2\/pages\/1867","targetHints":{"allow":["GET"]}}],"collection":[{"href":"https:\/\/estudioscriticosgeopolitica.net\/index.php?rest_route=\/wp\/v2\/pages"}],"about":[{"href":"https:\/\/estudioscriticosgeopolitica.net\/index.php?rest_route=\/wp\/v2\/types\/page"}],"author":[{"embeddable":true,"href":"https:\/\/estudioscriticosgeopolitica.net\/index.php?rest_route=\/wp\/v2\/users\/1"}],"replies":[{"embeddable":true,"href":"https:\/\/estudioscriticosgeopolitica.net\/index.php?rest_route=%2Fwp%2Fv2%2Fcomments&post=1867"}],"version-history":[{"count":4,"href":"https:\/\/estudioscriticosgeopolitica.net\/index.php?rest_route=\/wp\/v2\/pages\/1867\/revisions"}],"predecessor-version":[{"id":2030,"href":"https:\/\/estudioscriticosgeopolitica.net\/index.php?rest_route=\/wp\/v2\/pages\/1867\/revisions\/2030"}],"wp:attachment":[{"href":"https:\/\/estudioscriticosgeopolitica.net\/index.php?rest_route=%2Fwp%2Fv2%2Fmedia&parent=1867"}],"curies":[{"name":"wp","href":"https:\/\/api.w.org\/{rel}","templated":true}]}}