{"id":1876,"date":"2022-01-11T17:49:04","date_gmt":"2022-01-11T23:49:04","guid":{"rendered":"https:\/\/estudioscriticosgeopolitica.net\/?page_id=1876"},"modified":"2024-05-31T17:39:01","modified_gmt":"2024-05-31T23:39:01","slug":"itzam-tonalli-martinez-martinez","status":"publish","type":"page","link":"https:\/\/estudioscriticosgeopolitica.net\/?page_id=1876","title":{"rendered":"Itzam Tonalli Mart\u00ednez Mart\u00ednez"},"content":{"rendered":"\n<figure class=\"wp-block-image size-large is-resized\"><img loading=\"lazy\" decoding=\"async\" width=\"1024\" height=\"1024\" src=\"http:\/\/estudioscriticosgeopolitica.net\/wp-content\/uploads\/2023\/09\/Foto-itzam-1-1-1024x1024.jpg\" alt=\"\" class=\"wp-image-1945\" style=\"width:230px;height:230px\" srcset=\"https:\/\/estudioscriticosgeopolitica.net\/wp-content\/uploads\/2023\/09\/Foto-itzam-1-1-1024x1024.jpg 1024w, https:\/\/estudioscriticosgeopolitica.net\/wp-content\/uploads\/2023\/09\/Foto-itzam-1-1-300x300.jpg 300w, https:\/\/estudioscriticosgeopolitica.net\/wp-content\/uploads\/2023\/09\/Foto-itzam-1-1-150x150.jpg 150w, https:\/\/estudioscriticosgeopolitica.net\/wp-content\/uploads\/2023\/09\/Foto-itzam-1-1-768x768.jpg 768w, https:\/\/estudioscriticosgeopolitica.net\/wp-content\/uploads\/2023\/09\/Foto-itzam-1-1.jpg 1200w\" sizes=\"auto, (max-width: 1024px) 100vw, 1024px\" \/><\/figure>\n\n\n\n<p><\/p>\n\n\n\n<p><strong><span class=\"has-inline-color has-ast-global-color-2-color\">Estudios<\/span><\/strong><\/p>\n\n\n\n<p>Maestrante en  Geograf\u00eda en la Facultad de Filosof\u00eda y Letras, UNAM<\/p>\n\n\n\n<p>Licenciatura en Geograf\u00eda, Facultad de Filosof\u00eda y Letras, UNAM<\/p>\n\n\n\n<p><strong><span class=\"has-inline-color has-ast-global-color-2-color\">Informaci\u00f3n de contacto<\/span><\/strong><\/p>\n\n\n\n<p>itzam@comunidad.unam.mx<\/p>\n\n\n\n<p><strong><span class=\"has-inline-color has-ast-global-color-2-color\">L\u00edneas de investigaci\u00f3n<\/span><\/strong><\/p>\n\n\n\n<ul class=\"wp-block-list\">\n<li>Espacio y violencia<\/li>\n\n\n\n<li>Desarrollo geogr\u00e1fico desigual<\/li>\n\n\n\n<li>Re-escalamiento urbano<\/li>\n<\/ul>\n\n\n\n<p><strong><span class=\"has-inline-color has-ast-global-color-2-color\">Cursos impartidos<\/span><\/strong><\/p>\n\n\n\n<p><em>Profesor adjunt<\/em>o<\/p>\n\n\n\n<p><em>Colegio de Geograf\u00eda, Facultad de Filosof\u00eda y Letras, UNAM.<\/em><\/p>\n\n\n\n<ul class=\"wp-block-list\">\n<li>Pensamiento geogr\u00e1fico<\/li>\n\n\n\n<li>Espacio geogr\u00e1fico<\/li>\n<\/ul>\n\n\n\n<p> <em>Colegio de Estudios Latinoamericanos, Facultad de Filosof\u00eda y Letras, UNAM.<\/em><\/p>\n\n\n\n<ul class=\"wp-block-list\">\n<li>Geograf\u00eda de Am\u00e9rica Latina y el Caribe 1 <\/li>\n\n\n\n<li>Geograf\u00eda de Am\u00e9rica Latina y el Caribe 2<\/li>\n<\/ul>\n\n\n\n<p><strong><span class=\"has-inline-color has-ast-global-color-2-color\">Publicaciones<\/span><\/strong><\/p>\n\n\n\n<p><em>Elaboraci\u00f3n cartogr\u00e1fica en art\u00edculos<\/em><\/p>\n\n\n\n<ul class=\"wp-block-list\">\n<li>Aracely Burgos-AyalaORCID Icon,Amanda Jim\u00e9nez-Aceituno ORCID Icon,Aura Marcela Torres-TorresORCID Icon,Daniel Rozas-V\u00e1squezORCID Icon &amp;David P. M. (2020) Indigenous and local knowledge in environmental management for human-nature connectedness: a leverage points perspective. LamORCID Icon. Pages 290-303 | Received 27 Dec 2019, Accepted 25 Aug 2020, Published online: 01 Dec 2020<\/li>\n\n\n\n<li>Aracely Burgos-Ayala, Amanda Jim\u00e9nez-Aceituno, Daniel Rozas-V\u00e1squez (2020) Integrating Ecosystem Services in Nature Conservation for Colombia. Environmental Management (2020) 66:149\u2013161 <a href=\"https:\/\/doi.org\/10.1007\/s00267-020-01301-9\">https:\/\/doi.org\/10.1007\/s00267-020-01301-9<\/a><\/li>\n<\/ul>\n\n\n\n<p><em>Participaci\u00f3n en cap\u00edtulos<\/em><\/p>\n\n\n\n<p>&#8211; Autores, Varios. (2022) <em>Espacios de confianza en Ciudad Universitaria.<\/em> Informe acad\u00e9mico, Ciudad de M\u00e9xico: SUISC &#8211; UNAM, .<\/p>\n\n\n\n<p>&#8211; Saracho, Federico, Claudia Ort\u00edz, e Itzam Mart\u00ednez. \u00abHistoria de dos ciudades: el surgimiento de la espacialidad de Ciudad Universitaria y los conflictos sociales en la Ciudad de M\u00e9xico.\u00bb En Espacios de confianza: alternativas en construcci\u00f3n. Trayectorias divergentes en torno a la seguridad y la violencia en Ciudad Universitaria, de Claudia Ortiz y Julie-Anne (Coord.) Boudreau. Ciudad de M\u00e9xico: UNAM.<\/p>\n\n\n\n<p>&#8211; Saracho, Federico, Claudia Ort\u00edz, e Itzam Mart\u00ednez. \u00abLos pedregales: la dinamizaci\u00f3n del mercado inmobiliario a partir de la construcci\u00f3n de la CU.\u00bb En Espacios de confianza: alternativas en construcci\u00f3n. Trayectorias divergentes en torno a la seguridad y la violencia en Ciudad Universitaria, de Claudia Ortiz y Julie-Anne (Coord.) Boudreau. Ciudad de M\u00e9xico: UNAM.<\/p>\n\n\n\n<p>&#8211; Tejada, Fernanda e Itzam Mart\u00ednez. \u00abLas ciudades sostenibles y sus contradicciones espaciales.\u00bb En L\u00e9xico de la crisis ambiental y el desarrollo sostenible. UNAM.<\/p>\n\n\n\n<p><span style=\"background-color:rgba(0, 0, 0, 0)\" class=\"has-inline-color has-ast-global-color-2-color\"><strong>Participaci\u00f3n en proyectos de investigaci\u00f3n<\/strong><\/span><\/p>\n\n\n\n<ul class=\"wp-block-list\">\n<li>Proyecto PAPIME PE301718 \u201cUna geopol\u00edtica critica para la ense\u00f1anza en geograf\u00eda pol\u00edtica\u201d a cargo del Dr. David Herrera en la Facultad de Filosof\u00eda y Letras (UNAM)<\/li>\n\n\n\n<li>Integrante Del Seminario Universitario Interdiciplinario Sobre Seguridad Ciudadana del Instituto de Investigaciones Juridicas (UNAM)<\/li>\n<\/ul>\n\n\n\n<p><\/p>\n","protected":false},"excerpt":{"rendered":"<p>Estudios Maestrante en Geograf\u00eda en la Facultad de Filosof\u00eda y Letras, UNAM Licenciatura en Geograf\u00eda, Facultad de Filosof\u00eda y Letras, UNAM Informaci\u00f3n de contacto itzam@comunidad.unam.mx L\u00edneas de investigaci\u00f3n Cursos impartidos Profesor adjunto Colegio de Geograf\u00eda, Facultad de Filosof\u00eda y Letras, UNAM. Colegio de Estudios Latinoamericanos, Facultad de Filosof\u00eda y Letras, UNAM. Publicaciones Elaboraci\u00f3n cartogr\u00e1fica en [&hellip;]<\/p>\n","protected":false},"author":1,"featured_media":0,"parent":0,"menu_order":0,"comment_status":"closed","ping_status":"closed","template":"","meta":{"_monsterinsights_skip_tracking":false,"_monsterinsights_sitenote_active":false,"_monsterinsights_sitenote_note":"","_monsterinsights_sitenote_category":0,"site-sidebar-layout":"default","site-content-layout":"default","ast-site-content-layout":"default","site-content-style":"default","site-sidebar-style":"default","ast-global-header-display":"","ast-banner-title-visibility":"","ast-main-header-display":"","ast-hfb-above-header-display":"","ast-hfb-below-header-display":"","ast-hfb-mobile-header-display":"","site-post-title":"","ast-breadcrumbs-content":"","ast-featured-img":"","footer-sml-layout":"","theme-transparent-header-meta":"default","adv-header-id-meta":"","stick-header-meta":"","header-above-stick-meta":"","header-main-stick-meta":"","header-below-stick-meta":"","astra-migrate-meta-layouts":"default","ast-page-background-enabled":"default","ast-page-background-meta":{"desktop":{"background-color":"","background-image":"","background-repeat":"repeat","background-position":"center center","background-size":"auto","background-attachment":"scroll","background-type":"","background-media":"","overlay-type":"","overlay-color":"","overlay-opacity":"","overlay-gradient":""},"tablet":{"background-color":"","background-image":"","background-repeat":"repeat","background-position":"center center","background-size":"auto","background-attachment":"scroll","background-type":"","background-media":"","overlay-type":"","overlay-color":"","overlay-opacity":"","overlay-gradient":""},"mobile":{"background-color":"","background-image":"","background-repeat":"repeat","background-position":"center center","background-size":"auto","background-attachment":"scroll","background-type":"","background-media":"","overlay-type":"","overlay-color":"","overlay-opacity":"","overlay-gradient":""}},"ast-content-background-meta":{"desktop":{"background-color":"var(--ast-global-color-5)","background-image":"","background-repeat":"repeat","background-position":"center center","background-size":"auto","background-attachment":"scroll","background-type":"","background-media":"","overlay-type":"","overlay-color":"","overlay-opacity":"","overlay-gradient":""},"tablet":{"background-color":"var(--ast-global-color-5)","background-image":"","background-repeat":"repeat","background-position":"center center","background-size":"auto","background-attachment":"scroll","background-type":"","background-media":"","overlay-type":"","overlay-color":"","overlay-opacity":"","overlay-gradient":""},"mobile":{"background-color":"var(--ast-global-color-5)","background-image":"","background-repeat":"repeat","background-position":"center center","background-size":"auto","background-attachment":"scroll","background-type":"","background-media":"","overlay-type":"","overlay-color":"","overlay-opacity":"","overlay-gradient":""}},"footnotes":""},"class_list":["post-1876","page","type-page","status-publish","hentry"],"_links":{"self":[{"href":"https:\/\/estudioscriticosgeopolitica.net\/index.php?rest_route=\/wp\/v2\/pages\/1876","targetHints":{"allow":["GET"]}}],"collection":[{"href":"https:\/\/estudioscriticosgeopolitica.net\/index.php?rest_route=\/wp\/v2\/pages"}],"about":[{"href":"https:\/\/estudioscriticosgeopolitica.net\/index.php?rest_route=\/wp\/v2\/types\/page"}],"author":[{"embeddable":true,"href":"https:\/\/estudioscriticosgeopolitica.net\/index.php?rest_route=\/wp\/v2\/users\/1"}],"replies":[{"embeddable":true,"href":"https:\/\/estudioscriticosgeopolitica.net\/index.php?rest_route=%2Fwp%2Fv2%2Fcomments&post=1876"}],"version-history":[{"count":8,"href":"https:\/\/estudioscriticosgeopolitica.net\/index.php?rest_route=\/wp\/v2\/pages\/1876\/revisions"}],"predecessor-version":[{"id":2063,"href":"https:\/\/estudioscriticosgeopolitica.net\/index.php?rest_route=\/wp\/v2\/pages\/1876\/revisions\/2063"}],"wp:attachment":[{"href":"https:\/\/estudioscriticosgeopolitica.net\/index.php?rest_route=%2Fwp%2Fv2%2Fmedia&parent=1876"}],"curies":[{"name":"wp","href":"https:\/\/api.w.org\/{rel}","templated":true}]}}