{"id":1881,"date":"2022-01-18T18:08:17","date_gmt":"2022-01-19T00:08:17","guid":{"rendered":"https:\/\/estudioscriticosgeopolitica.net\/?page_id=1881"},"modified":"2023-10-01T21:36:20","modified_gmt":"2023-10-02T03:36:20","slug":"mtra-daniela-rezago-flores","status":"publish","type":"page","link":"https:\/\/estudioscriticosgeopolitica.net\/?page_id=1881","title":{"rendered":"Daniela Rezago Flores"},"content":{"rendered":"\n<figure class=\"wp-block-image size-full is-resized\"><img loading=\"lazy\" decoding=\"async\" src=\"https:\/\/estudioscriticosgeopolitica.net\/wp-content\/uploads\/2022\/01\/Foto-edited.jpg\" alt=\"\" class=\"wp-image-1883\" style=\"width:354px;height:354px\" width=\"354\" height=\"354\" srcset=\"https:\/\/estudioscriticosgeopolitica.net\/wp-content\/uploads\/2022\/01\/Foto-edited.jpg 526w, https:\/\/estudioscriticosgeopolitica.net\/wp-content\/uploads\/2022\/01\/Foto-edited-300x300.jpg 300w, https:\/\/estudioscriticosgeopolitica.net\/wp-content\/uploads\/2022\/01\/Foto-edited-150x150.jpg 150w\" sizes=\"auto, (max-width: 354px) 100vw, 354px\" \/><\/figure>\n\n\n\n<p><strong><span class=\"has-inline-color has-ast-global-color-2-color\">Estudios<\/span><\/strong><\/p>\n\n\n\n<p>Doctorante del Programa de Posgrado en Ciencias Pol\u00edticas y Sociales (UNAM)<\/p>\n\n\n\n<p>Maestra en Estudios en Relaciones Internacionales con Menci\u00f3n Honor\u00edfica (Posgrado en Ciencias Pol\u00edticas y Sociales, UNAM).  <\/p>\n\n\n\n<p>Licenciada en Geograf\u00eda, con menci\u00f3n honor\u00edfica y obtenci\u00f3n de Medalla Gabino Barreda (Facultad de Filosof\u00eda y Letras, UNAM). <\/p>\n\n\n\n<p><\/p>\n\n\n\n<p><strong><span style=\"background-color:rgba(0, 0, 0, 0)\" class=\"has-inline-color has-ast-global-color-2-color\">Informaci\u00f3n de contacto<\/span><\/strong><\/p>\n\n\n\n<p><a href=\"mailto:daniela.b16@comunidad.unam.mx\">daniela.b16@comunidad.unam.mx<\/a><\/p>\n\n\n\n<p><span style=\"background-color:rgba(0, 0, 0, 0)\" class=\"has-inline-color has-ast-global-color-2-color\">danreflo@politicas.unam.mx<\/span><\/p>\n\n\n\n<p><\/p>\n\n\n\n<p><strong><span style=\"background-color:rgba(0, 0, 0, 0)\" class=\"has-inline-color has-ast-global-color-2-color\">L\u00edneas de investigaci\u00f3n<\/span><\/strong><\/p>\n\n\n\n<ul class=\"wp-block-list\">\n<li>Geopol\u00edtica (aproximaciones te\u00f3rico-metodol\u00f3gicas)<\/li>\n\n\n\n<li>Conflictividad y competencia en el sistema mundial<\/li>\n\n\n\n<li>Hegemon\u00eda, poder y geoestrategia de Estados Unidos en Am\u00e9rica Latina<\/li>\n\n\n\n<li>Geopol\u00edtica de recursos estrat\u00e9gicos<\/li>\n\n\n\n<li>Espacio, sociedad y naturaleza<\/li>\n\n\n\n<li>Espacios de Excepci\u00f3n y Zonas Econ\u00f3micas Especiales<\/li>\n<\/ul>\n\n\n\n<p><\/p>\n\n\n\n<p><strong><span class=\"has-inline-color has-ast-global-color-2-color\">Cursos impartidos<\/span><\/strong><\/p>\n\n\n\n<p><em>Profesora de Asignatura en el Centro de Relaciones Internacionales, FCPyS-UNAM<\/em><\/p>\n\n\n\n<ul class=\"wp-block-list\">\n<li>Geograf\u00eda (ordinario-semestral)<\/li>\n\n\n\n<li>Geograf\u00eda (ordinario-intersemestral)<\/li>\n\n\n\n<li>Pol\u00edtica Exterior de M\u00e9xico I (ordinario-intersemestral),&nbsp;<\/li>\n\n\n\n<li>M\u00f3dulo de cartograf\u00eda geopol\u00edtica del Diplomado \u201cInducci\u00f3n a la Investigaci\u00f3n Geopol\u00edtica: una perspectiva cr\u00edtica\u201d<\/li>\n<\/ul>\n\n\n\n<p><\/p>\n\n\n\n<p><em>Colegio de Geograf\u00eda, Facultad de Filosof\u00eda y Letras, UNAM\u00a0<\/em><\/p>\n\n\n\n<ul class=\"wp-block-list\">\n<li>Historia de la Geograf\u00eda 2 (ordinario-semestral)<\/li>\n\n\n\n<li>Taller \u201cExploraci\u00f3n bibliom\u00e9trica como herramienta de an\u00e1lisis en la construcci\u00f3n del estado del arte\u201d, FFyL-UNAM\u00a0<\/li>\n<\/ul>\n\n\n\n<p><\/p>\n\n\n\n<p><em>Programa de Posgrado en Ciencias Pol\u00edticas y Sociales, UNAM<\/em><\/p>\n\n\n\n<ul class=\"wp-block-list\">\n<li>Introducci\u00f3n a la cartograf\u00eda tem\u00e1tica en Ciencias Sociales con Sistemas de Informaci\u00f3n Geogr\u00e1fica (SIG) (curso intersemestral)&nbsp;<\/li>\n<\/ul>\n\n\n\n<p><\/p>\n\n\n\n<p><\/p>\n\n\n\n<p><strong><span class=\"has-inline-color has-ast-global-color-2-color\">Publicaciones<\/span><\/strong><\/p>\n\n\n\n<ul class=\"wp-block-list\">\n<li>Rezago Flores, Blanca Daniela. \u201cLos recursos estrat\u00e9gicos como sustento de la reproducci\u00f3n material global: Una aproximaci\u00f3n te\u00f3rico-metodol\u00f3gica\u201d. En David Herrera Santana (coord.), <em>Geopol\u00edtica. Espacio, Poder y Resistencias en el siglo XXI<\/em>, M\u00e9xico: TRAMA, 2020. pp. 83-102. ISBN: 978-607-30- 3390-9.<\/li>\n<\/ul>\n\n\n\n<ul class=\"wp-block-list\">\n<li>Escamilla Herrera, Irma y Blanca Daniela Rezago Flores. \u201cRegi\u00f3n Centro de M\u00e9xico: Condici\u00f3n de pobreza del adulto mayor empleado en el sector informal\u201d. En Mario Mart\u00ednez y Tel\u00e9sforo Ram\u00edrez (coords.), <em>Vejez y envejecimiento. Migraci\u00f3n, condiciones de vida e interdependencia. M\u00e9xico<\/em>: SUEIV CIIVE. M\u00e9xico: UNAM, 2020, pp. 87-103. ISBN 978-607-30-3937-6.<\/li>\n<\/ul>\n\n\n\n<ul class=\"wp-block-list\">\n<li>Escamilla Herrera, Irma, Lourdes God\u00ednez Calder\u00f3n y Blanca Daniela Rezago Flores. &#8220;Ge\u00f3grafas rompiendo el techo de cristal en la Sociedad Mexicana de Geograf\u00eda y Estad\u00edstica&#8221;. En <em>Avances de las mujeres en las ciencias, las humanidades y todas las disciplinas Vol. III. Libro de semblanzas, rese\u00f1as y divulgaci\u00f3n<\/em>. M\u00e9xico: UAM, 2019, pp. 59-71. ISBN: 978-607- 28-1763-0.<\/li>\n<\/ul>\n\n\n\n<ul class=\"wp-block-list\">\n<li>Escamilla Herrera, Irma, Christopher Muci\u00f1o L\u00f3pez y Blanca Daniela Rezago Flores. \u201cFeminizaci\u00f3n y masculinizaci\u00f3n de los mercados laborales: precarizaci\u00f3n, desigualdad e inequidad\u201d. En Omar Moncada y \u00c1lvaro L\u00f3pez (coords.), <em>Geograf\u00eda de M\u00e9xico. Una reflexi\u00f3n espacial contempor\u00e1nea- Tomo II<\/em>, M\u00e9xico: CONACYT-INEGI-IGG (UNAM), 2016, pp. 527-545. ISBN: 978-607-02-8276-8.<\/li>\n<\/ul>\n\n\n\n<ul class=\"wp-block-list\">\n<li>Escamilla Herrera Irma, Clemencia Santos Cerquera y Blanca Daniela Rezago Flores. \u201cMercado Laboral en la Regi\u00f3n Centro de M\u00e9xico: \u00bfavances o retrocesos en la poblaci\u00f3n trabajadora en los \u00faltimos a\u00f1os?\u201d. En <em>Pasado, Presente y Futuro de las Regiones de M\u00e9xico y su estudio<\/em> (Libro electr\u00f3nico). M\u00e9xico: AMECIDER-CRIM (UNAM), 2015, pp. 25. ISBN: 978-607-96649-1-6.<\/li>\n<\/ul>\n\n\n\n<ul class=\"wp-block-list\">\n<li>Elaboraci\u00f3n de cartograf\u00eda tem\u00e1tica para publicaciones especializadas:<\/li>\n<\/ul>\n\n\n\n<p>-Art\u00edculo: Gonz\u00e1lez, Fabi\u00e1n y Herrera, David. \u201cGeopol\u00edtica y volumetr\u00eda: restructuraci\u00f3n urbana y gobernabilidad neoliberal. Apuntes para una aproximaci\u00f3n te\u00f3rica y metodol\u00f3gica para el estudio de la Ciudad de M\u00e9xico\u201d. <em>Encrucijadas. Revista cr\u00edtica de Ciencias Sociales<\/em>12, no.1, 2021: pp. 1-23. https:\/\/recyt.fecyt.es\/index.php\/encrucijadas\/article\/view\/83286?fbclid=IwAR1fK2r5CMFeKl-DwXxO6tp2yNQ9wgYgi7jM46oJJu2gEVCaLDpmS3CnkG0<\/p>\n\n\n\n<p>-Libro: Herrera, David, <em>El siglo del americanismo. Una interpretaci\u00f3n hist\u00f3rica y geoestrat\u00e9gica de la hegemon\u00eda de los E.U.<\/em>, M\u00e9xico: Akad\u00e9mica, 2020, pp. 387.<\/p>\n\n\n\n<p>-Art\u00edculo: Herrera, David. \u201cGeopol\u00edtica de la fragmentaci\u00f3n y poder infraestructural. El Proyecto One Belt, One Road y Am\u00e9rica Latina\u201d, Geopol\u00edtica(s). <em>Revista de estudios sobre espacio y poder<\/em> 10, no. 1, 2019: pp. 41-67. https:\/\/doi.org\/10.5209\/GEOP.58761<\/p>\n\n\n\n<p><\/p>\n\n\n\n<p><strong><span style=\"background-color:rgba(0, 0, 0, 0)\" class=\"has-inline-color has-ast-global-color-2-color\">Proyectos de investigaci\u00f3n<\/span><\/strong><\/p>\n\n\n\n<p>&#8211; Participante en la IV edici\u00f3n del Laboratorio Latinoamericano de Pol\u00edticas P\u00fablicas en Ciencia y Tecnolog\u00eda de la UNESCO<\/p>\n\n\n\n<p>&#8211; Miembro del Seminario de Estudios Cr\u00edticos en Geopol\u00edtica (FFyL, UNAM).<\/p>\n\n\n\n<p>-Participante del Proyecto L\u00e9xico de la Crisis ambiental y el Desarrollo Sostenible (FCPys, UNAM).<\/p>\n\n\n\n<p>-Participante del Proyecto PAPIME PE302116, \u201cNuevas perspectivas te\u00f3rico-metodol\u00f3gicas en el estudio de la espacialidad desde una visi\u00f3n cr\u00edtica\u201d (UNAM, febrero, 2016-diciembre, 2017).<\/p>\n\n\n\n<p>-Participante del Proyecto 2016-12\/52-4993, \u201cTransporte, riesgos e inseguridad vial\u201d (Departamento de Geograf\u00eda Econ\u00f3mica del Instituto de Geograf\u00eda, UNAM, abril 2016 &#8211; octubre de 2016).<\/p>\n\n\n\n<p>-Participante del Programa \u201cIniciaci\u00f3n a la Investigaci\u00f3n\u201d (Departamento Geograf\u00eda Social, Instituto de Geograf\u00eda, enero 2014 &#8211; febrero 2016). Proyecto principal: \u201cGeograf\u00eda de M\u00e9xico: Una reflexi\u00f3n contempor\u00e1nea\u201d, CONACYT-INEGI-IGG.<\/p>\n","protected":false},"excerpt":{"rendered":"<p>Estudios Doctorante del Programa de Posgrado en Ciencias Pol\u00edticas y Sociales (UNAM) Maestra en Estudios en Relaciones Internacionales con Menci\u00f3n Honor\u00edfica (Posgrado en Ciencias Pol\u00edticas y Sociales, UNAM). Licenciada en Geograf\u00eda, con menci\u00f3n honor\u00edfica y obtenci\u00f3n de Medalla Gabino Barreda (Facultad de Filosof\u00eda y Letras, UNAM). Informaci\u00f3n de contacto daniela.b16@comunidad.unam.mx danreflo@politicas.unam.mx L\u00edneas de investigaci\u00f3n Cursos [&hellip;]<\/p>\n","protected":false},"author":1,"featured_media":0,"parent":0,"menu_order":0,"comment_status":"closed","ping_status":"closed","template":"","meta":{"_monsterinsights_skip_tracking":false,"_monsterinsights_sitenote_active":false,"_monsterinsights_sitenote_note":"","_monsterinsights_sitenote_category":0,"site-sidebar-layout":"default","site-content-layout":"default","ast-site-content-layout":"default","site-content-style":"default","site-sidebar-style":"default","ast-global-header-display":"","ast-banner-title-visibility":"","ast-main-header-display":"","ast-hfb-above-header-display":"","ast-hfb-below-header-display":"","ast-hfb-mobile-header-display":"","site-post-title":"","ast-breadcrumbs-content":"","ast-featured-img":"","footer-sml-layout":"","theme-transparent-header-meta":"default","adv-header-id-meta":"","stick-header-meta":"","header-above-stick-meta":"","header-main-stick-meta":"","header-below-stick-meta":"","astra-migrate-meta-layouts":"default","ast-page-background-enabled":"default","ast-page-background-meta":{"desktop":{"background-color":"","background-image":"","background-repeat":"repeat","background-position":"center center","background-size":"auto","background-attachment":"scroll","background-type":"","background-media":"","overlay-type":"","overlay-color":"","overlay-opacity":"","overlay-gradient":""},"tablet":{"background-color":"","background-image":"","background-repeat":"repeat","background-position":"center center","background-size":"auto","background-attachment":"scroll","background-type":"","background-media":"","overlay-type":"","overlay-color":"","overlay-opacity":"","overlay-gradient":""},"mobile":{"background-color":"","background-image":"","background-repeat":"repeat","background-position":"center center","background-size":"auto","background-attachment":"scroll","background-type":"","background-media":"","overlay-type":"","overlay-color":"","overlay-opacity":"","overlay-gradient":""}},"ast-content-background-meta":{"desktop":{"background-color":"var(--ast-global-color-5)","background-image":"","background-repeat":"repeat","background-position":"center center","background-size":"auto","background-attachment":"scroll","background-type":"","background-media":"","overlay-type":"","overlay-color":"","overlay-opacity":"","overlay-gradient":""},"tablet":{"background-color":"var(--ast-global-color-5)","background-image":"","background-repeat":"repeat","background-position":"center center","background-size":"auto","background-attachment":"scroll","background-type":"","background-media":"","overlay-type":"","overlay-color":"","overlay-opacity":"","overlay-gradient":""},"mobile":{"background-color":"var(--ast-global-color-5)","background-image":"","background-repeat":"repeat","background-position":"center center","background-size":"auto","background-attachment":"scroll","background-type":"","background-media":"","overlay-type":"","overlay-color":"","overlay-opacity":"","overlay-gradient":""}},"footnotes":""},"class_list":["post-1881","page","type-page","status-publish","hentry"],"_links":{"self":[{"href":"https:\/\/estudioscriticosgeopolitica.net\/index.php?rest_route=\/wp\/v2\/pages\/1881","targetHints":{"allow":["GET"]}}],"collection":[{"href":"https:\/\/estudioscriticosgeopolitica.net\/index.php?rest_route=\/wp\/v2\/pages"}],"about":[{"href":"https:\/\/estudioscriticosgeopolitica.net\/index.php?rest_route=\/wp\/v2\/types\/page"}],"author":[{"embeddable":true,"href":"https:\/\/estudioscriticosgeopolitica.net\/index.php?rest_route=\/wp\/v2\/users\/1"}],"replies":[{"embeddable":true,"href":"https:\/\/estudioscriticosgeopolitica.net\/index.php?rest_route=%2Fwp%2Fv2%2Fcomments&post=1881"}],"version-history":[{"count":5,"href":"https:\/\/estudioscriticosgeopolitica.net\/index.php?rest_route=\/wp\/v2\/pages\/1881\/revisions"}],"predecessor-version":[{"id":1990,"href":"https:\/\/estudioscriticosgeopolitica.net\/index.php?rest_route=\/wp\/v2\/pages\/1881\/revisions\/1990"}],"wp:attachment":[{"href":"https:\/\/estudioscriticosgeopolitica.net\/index.php?rest_route=%2Fwp%2Fv2%2Fmedia&parent=1881"}],"curies":[{"name":"wp","href":"https:\/\/api.w.org\/{rel}","templated":true}]}}