{"id":1920,"date":"2023-09-14T11:56:55","date_gmt":"2023-09-14T17:56:55","guid":{"rendered":"https:\/\/estudioscriticosgeopolitica.net\/?page_id=1920"},"modified":"2023-09-14T12:43:35","modified_gmt":"2023-09-14T18:43:35","slug":"martha-guadalupe-trujillo-macario","status":"publish","type":"page","link":"https:\/\/estudioscriticosgeopolitica.net\/?page_id=1920","title":{"rendered":"Martha Guadalupe Trujillo Macario"},"content":{"rendered":"\n<div class=\"wp-block-media-text is-stacked-on-mobile\" style=\"grid-template-columns:22% auto\"><figure class=\"wp-block-media-text__media\"><img loading=\"lazy\" decoding=\"async\" width=\"1024\" height=\"905\" src=\"https:\/\/estudioscriticosgeopolitica.net\/wp-content\/uploads\/2023\/09\/Captura-de-pantalla-2023-09-14-a-las-11.17.47-1-1024x905.png\" alt=\"\" class=\"wp-image-1921 size-full\" srcset=\"https:\/\/estudioscriticosgeopolitica.net\/wp-content\/uploads\/2023\/09\/Captura-de-pantalla-2023-09-14-a-las-11.17.47-1-1024x905.png 1024w, https:\/\/estudioscriticosgeopolitica.net\/wp-content\/uploads\/2023\/09\/Captura-de-pantalla-2023-09-14-a-las-11.17.47-1-300x265.png 300w, https:\/\/estudioscriticosgeopolitica.net\/wp-content\/uploads\/2023\/09\/Captura-de-pantalla-2023-09-14-a-las-11.17.47-1-768x678.png 768w, https:\/\/estudioscriticosgeopolitica.net\/wp-content\/uploads\/2023\/09\/Captura-de-pantalla-2023-09-14-a-las-11.17.47-1.png 1064w\" sizes=\"auto, (max-width: 1024px) 100vw, 1024px\" \/><\/figure><div class=\"wp-block-media-text__content\">\n<p class=\"has-x-large-font-size\"><\/p>\n<\/div><\/div>\n\n\n\n<p class=\"has-black-color has-text-color\"><strong>Estudios<\/strong><\/p>\n\n\n\n<p class=\"has-ast-global-color-3-color has-text-color\" id=\"MarthaGuadalupeTrujilloMacario\"><strong><br><\/strong>Licenciatura en Geograf\u00eda, FFyL UNAM<br>Maestr\u00eda en Urbanismo, Facultad de Arquitectura UNAM<br>Doctorado en Geograf\u00eda, UNAM (en proceso)<\/p>\n\n\n\n<p class=\"has-ast-global-color-3-color has-text-color\"><strong>Contacto<\/strong><\/p>\n\n\n\n<p>geo.marthatrujillo@gmail.com<\/p>\n\n\n\n<p><br><strong>L\u00edneas de investigaci\u00f3n<\/strong><\/p>\n\n\n\n<ul class=\"wp-block-list\">\n<li>migraci\u00f3n internacional<\/li>\n\n\n\n<li>ciudades fronterizas<\/li>\n\n\n\n<li>espacios periurbanos<\/li>\n\n\n\n<li>planeaci\u00f3n y ordenamiento territorial<\/li>\n<\/ul>\n\n\n\n<p><br><strong>Cursos impartidos<\/strong><\/p>\n\n\n\n<ul class=\"wp-block-list\">\n<li>Adjunt\u00eda<br>&#8211; Geograf\u00eda de la Poblaci\u00f3n, Licenciatura en Geograf\u00eda UNAM<br>&#8211; Seminario de Trabajo de campo (t\u00f3picos selectos de investigaci\u00f3n cualitativa, aproximaciones al m\u00e9todo etnogr\u00e1fico y la historia oral, Posgrado en Geograf\u00eda UNAM<\/li>\n\n\n\n<li>Titular<br>&#8211; Licenciatura en Gesti\u00f3n Territorial SEP<br>&#8211; Fundamentos de Investigaci\u00f3n<br>&#8211; Capital Natural<br>&#8211; Modelizaci\u00f3n de Datos Geoespaciales<br>&#8211; Capital Social y Cultural<\/li>\n<\/ul>\n\n\n\n<p><strong>Publicaciones<\/strong><\/p>\n\n\n\n<p><em>Art\u00edculos<\/em><\/p>\n\n\n\n<p>&#8211; Trujillo, M. (2017). &#8220;Migraci\u00f3n calificada de colombianos en M\u00e9xico&#8221;. <em>Horizontes<br>Revista del Colegio de Estudios Latinoamericanos<\/em>, Facultad de Filosof\u00eda y Letras, UNAM. enero-<br>julio 2017, 2(4), pp. 82-93.<\/p>\n\n\n\n<p><em>Cap\u00edtulos de libro <\/em><\/p>\n\n\n\n<p>&#8211; Trujillo, M. (2023). Ciudades fronterizas del Norte de M\u00e9xico como dispositivos de<br>contenci\u00f3n migratoria de personas migrantes solicitantes de asilo hacia los Estados Unidos. En<br>Castillo, G., y Trujillo M. Procesos migratorios y din\u00e1micas de exclusi\u00f3n en la frontera M\u00e9xico<br>Estados Unidos en contextos de pandemia (2020-2022). Instituto de Geograf\u00eda, UNAM. (en<br>proceso de revisi\u00f3n).<\/p>\n\n\n\n<p><strong>Participaci\u00f3n en proyectos de investigaci\u00f3n<\/strong><\/p>\n\n\n\n<ul class=\"wp-block-list\">\n<li>PAPIIT &#8211; &#8220;Gobiernos metropolitanos y pol\u00edtica de vivienda en periferias urbanas.<br>El caso de ZMVM&#8221;<\/li>\n\n\n\n<li>Seminario Permanente Perspectivas Cr\u00edticas del Desarrollo Urbano \u2013 Territorial<\/li>\n<\/ul>\n","protected":false},"excerpt":{"rendered":"<p>Estudios Licenciatura en Geograf\u00eda, FFyL UNAMMaestr\u00eda en Urbanismo, Facultad de Arquitectura UNAMDoctorado en Geograf\u00eda, UNAM (en proceso) Contacto geo.marthatrujillo@gmail.com L\u00edneas de investigaci\u00f3n Cursos impartidos Publicaciones Art\u00edculos &#8211; Trujillo, M. (2017). &#8220;Migraci\u00f3n calificada de colombianos en M\u00e9xico&#8221;. HorizontesRevista del Colegio de Estudios Latinoamericanos, Facultad de Filosof\u00eda y Letras, UNAM. enero-julio 2017, 2(4), pp. 82-93. Cap\u00edtulos de [&hellip;]<\/p>\n","protected":false},"author":1,"featured_media":0,"parent":0,"menu_order":0,"comment_status":"closed","ping_status":"closed","template":"","meta":{"_monsterinsights_skip_tracking":false,"_monsterinsights_sitenote_active":false,"_monsterinsights_sitenote_note":"","_monsterinsights_sitenote_category":0,"site-sidebar-layout":"default","site-content-layout":"default","ast-site-content-layout":"default","site-content-style":"default","site-sidebar-style":"default","ast-global-header-display":"","ast-banner-title-visibility":"","ast-main-header-display":"","ast-hfb-above-header-display":"","ast-hfb-below-header-display":"","ast-hfb-mobile-header-display":"","site-post-title":"","ast-breadcrumbs-content":"","ast-featured-img":"","footer-sml-layout":"","theme-transparent-header-meta":"default","adv-header-id-meta":"","stick-header-meta":"","header-above-stick-meta":"","header-main-stick-meta":"","header-below-stick-meta":"","astra-migrate-meta-layouts":"default","ast-page-background-enabled":"default","ast-page-background-meta":{"desktop":{"background-color":"","background-image":"","background-repeat":"repeat","background-position":"center center","background-size":"auto","background-attachment":"scroll","background-type":"","background-media":"","overlay-type":"","overlay-color":"","overlay-opacity":"","overlay-gradient":""},"tablet":{"background-color":"","background-image":"","background-repeat":"repeat","background-position":"center center","background-size":"auto","background-attachment":"scroll","background-type":"","background-media":"","overlay-type":"","overlay-color":"","overlay-opacity":"","overlay-gradient":""},"mobile":{"background-color":"","background-image":"","background-repeat":"repeat","background-position":"center center","background-size":"auto","background-attachment":"scroll","background-type":"","background-media":"","overlay-type":"","overlay-color":"","overlay-opacity":"","overlay-gradient":""}},"ast-content-background-meta":{"desktop":{"background-color":"var(--ast-global-color-5)","background-image":"","background-repeat":"repeat","background-position":"center center","background-size":"auto","background-attachment":"scroll","background-type":"","background-media":"","overlay-type":"","overlay-color":"","overlay-opacity":"","overlay-gradient":""},"tablet":{"background-color":"var(--ast-global-color-5)","background-image":"","background-repeat":"repeat","background-position":"center center","background-size":"auto","background-attachment":"scroll","background-type":"","background-media":"","overlay-type":"","overlay-color":"","overlay-opacity":"","overlay-gradient":""},"mobile":{"background-color":"var(--ast-global-color-5)","background-image":"","background-repeat":"repeat","background-position":"center center","background-size":"auto","background-attachment":"scroll","background-type":"","background-media":"","overlay-type":"","overlay-color":"","overlay-opacity":"","overlay-gradient":""}},"footnotes":""},"class_list":["post-1920","page","type-page","status-publish","hentry"],"_links":{"self":[{"href":"https:\/\/estudioscriticosgeopolitica.net\/index.php?rest_route=\/wp\/v2\/pages\/1920","targetHints":{"allow":["GET"]}}],"collection":[{"href":"https:\/\/estudioscriticosgeopolitica.net\/index.php?rest_route=\/wp\/v2\/pages"}],"about":[{"href":"https:\/\/estudioscriticosgeopolitica.net\/index.php?rest_route=\/wp\/v2\/types\/page"}],"author":[{"embeddable":true,"href":"https:\/\/estudioscriticosgeopolitica.net\/index.php?rest_route=\/wp\/v2\/users\/1"}],"replies":[{"embeddable":true,"href":"https:\/\/estudioscriticosgeopolitica.net\/index.php?rest_route=%2Fwp%2Fv2%2Fcomments&post=1920"}],"version-history":[{"count":11,"href":"https:\/\/estudioscriticosgeopolitica.net\/index.php?rest_route=\/wp\/v2\/pages\/1920\/revisions"}],"predecessor-version":[{"id":1958,"href":"https:\/\/estudioscriticosgeopolitica.net\/index.php?rest_route=\/wp\/v2\/pages\/1920\/revisions\/1958"}],"wp:attachment":[{"href":"https:\/\/estudioscriticosgeopolitica.net\/index.php?rest_route=%2Fwp%2Fv2%2Fmedia&parent=1920"}],"curies":[{"name":"wp","href":"https:\/\/api.w.org\/{rel}","templated":true}]}}