{"id":1960,"date":"2023-09-22T12:24:14","date_gmt":"2023-09-22T18:24:14","guid":{"rendered":"https:\/\/estudioscriticosgeopolitica.net\/?page_id=1960"},"modified":"2023-09-22T16:00:32","modified_gmt":"2023-09-22T22:00:32","slug":"luisa-fernanda-rodriguez-cortes","status":"publish","type":"page","link":"https:\/\/estudioscriticosgeopolitica.net\/?page_id=1960","title":{"rendered":"Luisa Fernanda Rodr\u00edguez Cort\u00e9s"},"content":{"rendered":"\n<figure class=\"wp-block-image size-full is-resized\"><img loading=\"lazy\" decoding=\"async\" src=\"https:\/\/estudioscriticosgeopolitica.net\/wp-content\/uploads\/2023\/09\/Foto-LFR.png\" alt=\"\" class=\"wp-image-1961\" style=\"width:335px;height:361px\" width=\"335\" height=\"361\" srcset=\"https:\/\/estudioscriticosgeopolitica.net\/wp-content\/uploads\/2023\/09\/Foto-LFR.png 714w, https:\/\/estudioscriticosgeopolitica.net\/wp-content\/uploads\/2023\/09\/Foto-LFR-278x300.png 278w\" sizes=\"auto, (max-width: 335px) 100vw, 335px\" \/><\/figure>\n\n\n\n<p><strong><mark style=\"background-color:rgba(0, 0, 0, 0);color:#000000\" class=\"has-inline-color\">Estudios<\/mark><\/strong><\/p>\n\n\n\n<p>Doctora en Antropolog\u00eda, CIESAS<\/p>\n\n\n\n<p>Maestra en Estudios Pol\u00edticos y Sociales, UNAM<\/p>\n\n\n\n<p>Licenciada en Ciencia Pol\u00edtica, Universidad de los Andes, Bogot\u00e1, Colombia<\/p>\n\n\n\n<p><\/p>\n\n\n\n<p><strong><mark style=\"background-color:rgba(0, 0, 0, 0)\" class=\"has-inline-color has-ast-global-color-2-color\">Informaci\u00f3n de contacto<\/mark><\/strong><\/p>\n\n\n\n<p><a href=\"mailto:lrodriguez@institutomora.edu.mx\" target=\"_blank\" rel=\"noreferrer noopener\">lrodriguez@institutomora.edu.mx<\/a> <\/p>\n\n\n\n<p><mark style=\"background-color:rgba(0, 0, 0, 0)\" class=\"has-inline-color has-ast-global-color-2-color\"><strong>L\u00edneas de investigaci\u00f3n<\/strong><\/mark><\/p>\n\n\n\n<ul class=\"wp-block-list\">\n<li>Procesos de exclusi\u00f3n social, pobreza y segregaci\u00f3n urbana<\/li>\n\n\n\n<li>Ciudadan\u00eda, sociabilidad y espacio p\u00fablico<\/li>\n\n\n\n<li>Etnicidad y ciudad.<\/li>\n<\/ul>\n\n\n\n<p><\/p>\n\n\n\n<p><strong><mark style=\"background-color:rgba(0, 0, 0, 0)\" class=\"has-inline-color has-ast-global-color-2-color\">Cursos impartidos<\/mark><\/strong><\/p>\n\n\n\n<p><em>&nbsp;Instituto de Investigaciones Doctor Jos\u00e9 Mar\u00eda Luis Mora<\/em>.<\/p>\n\n\n\n<ul class=\"wp-block-list\">\n<li>Profesora en el Doctorado en Estudios del Desarrollo. <\/li>\n\n\n\n<li>Problemas y Perspectivas Latinoamericanas<\/li>\n\n\n\n<li>Maestr\u00eda en Estudios Regionales<\/li>\n\n\n\n<li>Sociolog\u00eda Pol\u00edtica <\/li>\n<\/ul>\n\n\n\n<p><strong><mark style=\"background-color:rgba(0, 0, 0, 0)\" class=\"has-inline-color has-ast-global-color-2-color\">Publicaciones<\/mark><\/strong><\/p>\n\n\n\n<p><em>Libro<\/em><\/p>\n\n\n\n<p>Orihuela, I.; Rodr\u00edguez, L.: Becerril, C.; Solano, H. y Tello, C. (2015)&nbsp;<em>Estudios Metropolitanos. Actualidad y Retos,&nbsp;<\/em>M\u00e9xico, Instituto de Investigaciones Dr. Jos\u00e9 Mar\u00eda Luis Mora, ISBN: 978-607-9475-10-9.<\/p>\n\n\n\n<p><em>Art\u00edculos<\/em><\/p>\n\n\n\n<ul class=\"wp-block-list\">\n<li>Rodr\u00edguez Cort\u00e9s, L. (2023) \u201cUrban segregation on a micro scale: the consequences for the low-income residents of a socioeconomically mixed neighborhood in Mexico city\u201d,&nbsp;<em>Housing and Society,<\/em>&nbsp;<a href=\"https:\/\/doi.org\/10.1080\/08882746.2023.2201116\" target=\"_blank\" rel=\"noreferrer noopener\">https:\/\/doi.org\/10.1080\/08882746.2023.2201116<\/a><\/li>\n\n\n\n<li>Osorio Franco, L., y Rodr\u00edguez Cort\u00e9s, L. (2023) \u201cLa configuraci\u00f3n socio-hist\u00f3rica de las desigualdades urbanas en Quer\u00e9taro, M\u00e9xico. El adentro y afuera de la patrimonializaci\u00f3n y el desarrollo tur\u00edstico\u201d,&nbsp;<em>Revista Cuesti\u00f3n Urbana<\/em>, (6),12, pp. 143-157.<\/li>\n\n\n\n<li>Rodr\u00edguez Cort\u00e9s, L.&nbsp;(2022) \u201cGubernamentalidad de lo ind\u00edgena urbano: una revisi\u00f3n de los marcos discursivos en la Ciudad de M\u00e9xico en el periodo 1997-2018\u201d,&nbsp;<em>Revista Mexicana de Ciencias Pol\u00edticas y Sociales<\/em>, vol. 67, n\u00fam. 245, pp. 265-297. DOI:&nbsp;<a href=\"http:\/\/dx.doi.org\/10.22201\/fcpys.2448492xe.2022.245.77972\" target=\"_blank\" rel=\"noreferrer noopener\">http:\/\/dx.doi.org\/10.22201\/fcpys.2448492xe.2022.245.77972<\/a><\/li>\n\n\n\n<li>Becerril Miranda, H.; Rodr\u00edguez Cort\u00e9s, L. y Ya\u00f1ez Soria, K. (2021) &#8220;Gobernanza de ciudades intermedias. Aprendiendo de acciones post-desastre en la zona metropolitana de Acapulco, M\u00e9xico&#8221;,<em>&nbsp;Revista Urbano<\/em>, n\u00fam. 44, noviembre, 2021, Chile, pp. 46-57, ISSN: 0717 &#8211; 3997.<\/li>\n\n\n\n<li>Rodr\u00edguez Cort\u00e9s, L. y&nbsp;Gonzalez, F. (2019) &#8220;Los que se quedan&#8221;. La renovaci\u00f3n urbana como manifestaci\u00f3n de la espacializaci\u00f3n de la violencia en la Ciudad de M\u00e9xico&#8221;,&nbsp;<em>URBS. Revista de Estudios Urbanos y Ciencias Sociales<\/em>, vol. 9, n\u00fam. 2, pp. 9-23.<\/li>\n\n\n\n<li>Rodr\u00edguez Cort\u00e9s, L. (2017)&nbsp;&#8220;Building Citizenship. The Struggle for Housing in Eastern Mexico City&#8221;,&nbsp;<em>Latin American Perspectives,<\/em>&nbsp;Issue 214, vol. 44, n\u00fam. 3, mayo, pp. 176\u2013190.&nbsp;<a href=\"https:\/\/doi.org\/10.1177\/0094582X16682779\" target=\"_blank\" rel=\"noreferrer noopener\">https:\/\/doi.org\/10.1177\/0094582X16682779<\/a><\/li>\n<\/ul>\n\n\n\n<p><em>Cap\u00edtulos o partes de libros<\/em><\/p>\n\n\n\n<ul class=\"wp-block-list\">\n<li>Rodr\u00edguez Cort\u00e9s, L. y Tejada, M. F. (2021) &#8220;Estrategias de la gubernamentalidad en la gesti\u00f3n del espacio p\u00fablico y la identidad ind\u00edgena en la Ciudad de M\u00e9xico&#8221;, en<em>&nbsp;Una geopol\u00edtica cr\u00edtica. Debates sobre el espacio, las escalas y el desarrollo desigual<\/em>, M\u00e9xico, Facultad de Filosof\u00eda y Letras\/Universidad Nacional Aut\u00f3noma de M\u00e9xico, pp. 133-160, ISBN: 978-607-30-5561-1.<\/li>\n\n\n\n<li>Rodr\u00edguez Cort\u00e9s, L. (2018) &#8220;Espacios perif\u00e9ricos e integraciones parciales en la Ciudad de M\u00e9xico&#8221;, en Gonz\u00e1lez, F., Herrera, D. y Saracho, F. (coords),&nbsp;<em>Espacios de la dominaci\u00f3n. Debates sobre la espacializaci\u00f3n de las relaciones de poder<\/em>, M\u00e9xico, Facultad de Filosof\u00eda y Letras, UNAM\/ Ediciones Monos\u00edlabo,, pp. 183-200, ISBN: 978-607-30-0721-4.<\/li>\n\n\n\n<li>Rodr\u00edguez Cort\u00e9s, L. (20179 &#8220;Elementos para un diagn\u00f3stico de la inclusi\u00f3n social en las grandes ciudades y zonas metropolitanas de M\u00e9xico&#8221;, en Becerril, C., Orihuela, I., Rodr\u00edguez Cort\u00e9s, L., Solano, H., Tello, C. (coords.),&nbsp;<em>Desaf\u00edos urbanos y metropolitanos en M\u00e9xico y el Mundo<\/em>, M\u00e9xico, Instituto de Investigaciones Dr. Jos\u00e9 Mar\u00eda Luis Mora\/CONACYT, pp. 19-47, ISBN: 978-607-947-58-1.<\/li>\n\n\n\n<li>Rodr\u00edguez Cort\u00e9s, L. (2017) &#8220;Revisitando la ciudadan\u00eda desde lo urbano: elementos para una discusi\u00f3n te\u00f3rica&#8221;, en Ram\u00edrez Kuri, P. (coord.),&nbsp;<em>La erosi\u00f3n del espacio p\u00fablico en la ciudad neoliberal<\/em>, M\u00e9xico, Instituto de Investigaciones Sociales, UNAM, &nbsp;pp. 565-596, ISBN: 978-607-02-9923-0.<\/li>\n<\/ul>\n\n\n\n<p><strong><mark style=\"background-color:rgba(0, 0, 0, 0)\" class=\"has-inline-color has-ast-global-color-2-color\">Proyectos de investigaci\u00f3n<\/mark><\/strong><\/p>\n\n\n\n<ul class=\"wp-block-list\">\n<li>\u201cDe ciudad diversa a ciudad adversa. An\u00e1lisis de los procesos de exclusi\u00f3n social de poblaciones ind\u00edgenas habitantes de la Ciudad de M\u00e9xico\u201d.<\/li>\n\n\n\n<li>Investigadora externa en el proyecto \u201cEducaci\u00f3n para la ciudadan\u00eda; Cogeneraci\u00f3n de conocimientos y saberes con ni\u00f1os\/as y j\u00f3venes sobre la construcci\u00f3n de paz y el cuidado colectivo, en barrios considerados peligrosos\u201d, PRONACES-CONACYT.<\/li>\n<\/ul>\n","protected":false},"excerpt":{"rendered":"<p>Estudios Doctora en Antropolog\u00eda, CIESAS Maestra en Estudios Pol\u00edticos y Sociales, UNAM Licenciada en Ciencia Pol\u00edtica, Universidad de los Andes, Bogot\u00e1, Colombia Informaci\u00f3n de contacto lrodriguez@institutomora.edu.mx L\u00edneas de investigaci\u00f3n Cursos impartidos &nbsp;Instituto de Investigaciones Doctor Jos\u00e9 Mar\u00eda Luis Mora. Publicaciones Libro Orihuela, I.; Rodr\u00edguez, L.: Becerril, C.; Solano, H. y Tello, C. (2015)&nbsp;Estudios Metropolitanos. Actualidad [&hellip;]<\/p>\n","protected":false},"author":1,"featured_media":0,"parent":0,"menu_order":0,"comment_status":"closed","ping_status":"closed","template":"","meta":{"_monsterinsights_skip_tracking":false,"_monsterinsights_sitenote_active":false,"_monsterinsights_sitenote_note":"","_monsterinsights_sitenote_category":0,"site-sidebar-layout":"default","site-content-layout":"default","ast-site-content-layout":"default","site-content-style":"default","site-sidebar-style":"default","ast-global-header-display":"","ast-banner-title-visibility":"","ast-main-header-display":"","ast-hfb-above-header-display":"","ast-hfb-below-header-display":"","ast-hfb-mobile-header-display":"","site-post-title":"","ast-breadcrumbs-content":"","ast-featured-img":"","footer-sml-layout":"","theme-transparent-header-meta":"default","adv-header-id-meta":"","stick-header-meta":"","header-above-stick-meta":"","header-main-stick-meta":"","header-below-stick-meta":"","astra-migrate-meta-layouts":"default","ast-page-background-enabled":"default","ast-page-background-meta":{"desktop":{"background-color":"","background-image":"","background-repeat":"repeat","background-position":"center center","background-size":"auto","background-attachment":"scroll","background-type":"","background-media":"","overlay-type":"","overlay-color":"","overlay-opacity":"","overlay-gradient":""},"tablet":{"background-color":"","background-image":"","background-repeat":"repeat","background-position":"center center","background-size":"auto","background-attachment":"scroll","background-type":"","background-media":"","overlay-type":"","overlay-color":"","overlay-opacity":"","overlay-gradient":""},"mobile":{"background-color":"","background-image":"","background-repeat":"repeat","background-position":"center center","background-size":"auto","background-attachment":"scroll","background-type":"","background-media":"","overlay-type":"","overlay-color":"","overlay-opacity":"","overlay-gradient":""}},"ast-content-background-meta":{"desktop":{"background-color":"var(--ast-global-color-5)","background-image":"","background-repeat":"repeat","background-position":"center center","background-size":"auto","background-attachment":"scroll","background-type":"","background-media":"","overlay-type":"","overlay-color":"","overlay-opacity":"","overlay-gradient":""},"tablet":{"background-color":"var(--ast-global-color-5)","background-image":"","background-repeat":"repeat","background-position":"center center","background-size":"auto","background-attachment":"scroll","background-type":"","background-media":"","overlay-type":"","overlay-color":"","overlay-opacity":"","overlay-gradient":""},"mobile":{"background-color":"var(--ast-global-color-5)","background-image":"","background-repeat":"repeat","background-position":"center center","background-size":"auto","background-attachment":"scroll","background-type":"","background-media":"","overlay-type":"","overlay-color":"","overlay-opacity":"","overlay-gradient":""}},"footnotes":""},"class_list":["post-1960","page","type-page","status-publish","hentry"],"_links":{"self":[{"href":"https:\/\/estudioscriticosgeopolitica.net\/index.php?rest_route=\/wp\/v2\/pages\/1960","targetHints":{"allow":["GET"]}}],"collection":[{"href":"https:\/\/estudioscriticosgeopolitica.net\/index.php?rest_route=\/wp\/v2\/pages"}],"about":[{"href":"https:\/\/estudioscriticosgeopolitica.net\/index.php?rest_route=\/wp\/v2\/types\/page"}],"author":[{"embeddable":true,"href":"https:\/\/estudioscriticosgeopolitica.net\/index.php?rest_route=\/wp\/v2\/users\/1"}],"replies":[{"embeddable":true,"href":"https:\/\/estudioscriticosgeopolitica.net\/index.php?rest_route=%2Fwp%2Fv2%2Fcomments&post=1960"}],"version-history":[{"count":2,"href":"https:\/\/estudioscriticosgeopolitica.net\/index.php?rest_route=\/wp\/v2\/pages\/1960\/revisions"}],"predecessor-version":[{"id":1970,"href":"https:\/\/estudioscriticosgeopolitica.net\/index.php?rest_route=\/wp\/v2\/pages\/1960\/revisions\/1970"}],"wp:attachment":[{"href":"https:\/\/estudioscriticosgeopolitica.net\/index.php?rest_route=%2Fwp%2Fv2%2Fmedia&parent=1960"}],"curies":[{"name":"wp","href":"https:\/\/api.w.org\/{rel}","templated":true}]}}