{"id":2008,"date":"2023-10-02T10:51:25","date_gmt":"2023-10-02T16:51:25","guid":{"rendered":"https:\/\/estudioscriticosgeopolitica.net\/?page_id=2008"},"modified":"2023-10-02T10:51:25","modified_gmt":"2023-10-02T16:51:25","slug":"maria-fernanda-correa-alejandri","status":"publish","type":"page","link":"https:\/\/estudioscriticosgeopolitica.net\/?page_id=2008","title":{"rendered":"Mar\u00eda Fernanda Correa Alejandri"},"content":{"rendered":"\n<figure class=\"wp-block-image size-full\"><img loading=\"lazy\" decoding=\"async\" width=\"512\" height=\"408\" src=\"https:\/\/estudioscriticosgeopolitica.net\/wp-content\/uploads\/2023\/10\/Imagen-fer.png\" alt=\"\" class=\"wp-image-2009\" srcset=\"https:\/\/estudioscriticosgeopolitica.net\/wp-content\/uploads\/2023\/10\/Imagen-fer.png 512w, https:\/\/estudioscriticosgeopolitica.net\/wp-content\/uploads\/2023\/10\/Imagen-fer-300x239.png 300w\" sizes=\"auto, (max-width: 512px) 100vw, 512px\" \/><\/figure>\n\n\n\n<p class=\"has-ast-global-color-2-color has-text-color\"><strong>Estudios<\/strong><\/p>\n\n\n\n<p>Maestrante en Estudios de Asia y \u00c1frica con especialidad en Medio Oriente por El Colegio de M\u00e9xico<\/p>\n\n\n\n<p>Licenciada en Relaciones Internacionales por la Facultad de Ciencias Pol\u00edticas y Sociales de la Universidad Nacional Aut\u00f3noma de M\u00e9xico  <\/p>\n\n\n\n<p><\/p>\n\n\n\n<p class=\"has-ast-global-color-2-color has-text-color\"><strong>Contacto<\/strong><\/p>\n\n\n\n<p>mfcorrea@colmex.mx <\/p>\n\n\n\n<p>\u00a0<a href=\"mailto:fcorrealejandri@politicas.unam.mx\">fcorrealejandri@politicas.unam.mx<\/a><\/p>\n\n\n\n<p><\/p>\n\n\n\n<p class=\"has-ast-global-color-2-color has-text-color\"><strong>L\u00edneas de investigaci\u00f3n<\/strong><\/p>\n\n\n\n<ul class=\"wp-block-list\">\n<li>Geopol\u00edtica&nbsp;del&nbsp;Medio Oriente<\/li>\n\n\n\n<li>Poder infraestructural: megaproyectos, relaciones de poder y&nbsp;colapso ambiental.<\/li>\n<\/ul>\n\n\n\n<p><\/p>\n\n\n\n<p class=\"has-ast-global-color-2-color has-text-color\"><strong>Cursos impartidos<\/strong><\/p>\n\n\n\n<p><em>\u00a0\u00a0\u00a0\u00a0Profesora adjunta<\/em><\/p>\n\n\n\n<p>&nbsp;&nbsp;&nbsp;&nbsp;&nbsp;&nbsp;&nbsp;&nbsp;&nbsp;&nbsp;&nbsp;&nbsp;&nbsp;&nbsp;&nbsp;&nbsp;&nbsp;&nbsp;&nbsp;&nbsp;&nbsp;&nbsp;&nbsp;&nbsp;&#8211; Medio Oriente<\/p>\n\n\n\n<p>&nbsp;&nbsp;&nbsp;&nbsp;&nbsp;&nbsp;&nbsp;&nbsp;&nbsp;&nbsp;&nbsp;&nbsp;&nbsp;&nbsp;&nbsp;&nbsp;&nbsp;&nbsp;&nbsp;&nbsp;&nbsp;&nbsp;&nbsp;&nbsp;&#8211; Medio Ambiente<\/p>\n\n\n\n<p>&nbsp;&nbsp;&nbsp;&nbsp;&nbsp;&nbsp;&nbsp;&nbsp;&nbsp;&nbsp;&nbsp;&nbsp;&nbsp;&nbsp;&nbsp;&nbsp;&nbsp;&nbsp;&nbsp;&nbsp;&nbsp;&nbsp;&nbsp;&nbsp;&#8211; Comunicaciones Internacionales<\/p>\n\n\n\n<p>&nbsp;&nbsp;&nbsp;&nbsp;&nbsp;&nbsp;&nbsp;&nbsp;&nbsp;&nbsp;&nbsp;&nbsp;&nbsp;&nbsp;&nbsp;&nbsp;&nbsp;&nbsp;&nbsp;&nbsp;&nbsp;&nbsp;&nbsp;&nbsp;&#8211; Paz, Seguridad y Desarrollo<\/p>\n\n\n\n<p>&nbsp;&nbsp;&nbsp;&nbsp;&nbsp;&nbsp;&nbsp;&nbsp;&nbsp;&nbsp;&nbsp;&nbsp;&nbsp;&nbsp;&nbsp;&nbsp;&nbsp;&nbsp;&nbsp;&nbsp;&nbsp;&nbsp;&nbsp;&nbsp;&#8211; Norteam\u00e9rica<\/p>\n\n\n\n<p>&nbsp;&nbsp;&nbsp;&nbsp;&nbsp;&nbsp;&nbsp;&nbsp;&nbsp;&nbsp;&nbsp;&nbsp;&nbsp;&nbsp;&nbsp;&nbsp;&nbsp;&nbsp;&nbsp;&nbsp;&nbsp;&nbsp;&nbsp;&nbsp;&#8211; Pol\u00edtica Econ\u00f3mica II<\/p>\n\n\n\n<p><\/p>\n\n\n\n<p class=\"has-ast-global-color-2-color has-text-color\"><strong>Publicaciones<\/strong><\/p>\n\n\n\n<p>Publicado: \u201cEspacialidad y dominaci\u00f3n del Proyecto Saud\u00ed NEOM: Espejismo de desarrollo y sustentabilidad\u201d Revista Muuch\u2019Ximbal Caminemos Juntos. Universidad La Salle, M\u00e9xico, 2021. En: http:\/\/revistasinvestigacion.lasalle.mx\/index.php\/muxi\/issue\/view\/147<\/p>\n\n\n\n<p>-Publicado: \u201cSeguridad h\u00eddrica y militarizaci\u00f3n en el Tri\u00e1ngulo del \u00c9ufrates: tensiones entre Turqu\u00eda, Siria e Iraq\u201d, Re-pensar la seguridad desde las ciencias sociales, FCPyS- UNAM, M\u00e9xico, 2022. En:&nbsp;<a href=\"http:\/\/www.militarizacionyseguridadhumana.com\/seguridad-%20hidrica-y-militarizacion-en-el-triangulo-del-eufrates-tensiones-entre-turquia-siria-e-iraq\/\">http:\/\/www.militarizacionyseguridadhumana.com\/seguridad- hidrica-y-militarizacion-en-el-triangulo-del-eufrates-tensiones-entre-turquia-siria-e-iraq\/<\/a><\/p>\n\n\n\n<p><\/p>\n\n\n\n<p class=\"has-ast-global-color-2-color has-text-color\"><strong>Proyectos de investigaci\u00f3n<\/strong><\/p>\n\n\n\n<ul class=\"wp-block-list\">\n<li>Colaboradora del Seminario de Estudios Cr\u00edticos en Geopol\u00edtica, FFyL, UNAM<\/li>\n\n\n\n<li>Becaria del Proyecto PAPIIT IN-308621 \u201cResonancias de la militarizaci\u00f3n en la seguridad humana del siglo XXI\u201d, FCPyS, UNAM.<\/li>\n<\/ul>\n","protected":false},"excerpt":{"rendered":"<p>Estudios Maestrante en Estudios de Asia y \u00c1frica con especialidad en Medio Oriente por El Colegio de M\u00e9xico Licenciada en Relaciones Internacionales por la Facultad de Ciencias Pol\u00edticas y Sociales de la Universidad Nacional Aut\u00f3noma de M\u00e9xico Contacto mfcorrea@colmex.mx \u00a0fcorrealejandri@politicas.unam.mx L\u00edneas de investigaci\u00f3n Cursos impartidos \u00a0\u00a0\u00a0\u00a0Profesora adjunta &nbsp;&nbsp;&nbsp;&nbsp;&nbsp;&nbsp;&nbsp;&nbsp;&nbsp;&nbsp;&nbsp;&nbsp;&nbsp;&nbsp;&nbsp;&nbsp;&nbsp;&nbsp;&nbsp;&nbsp;&nbsp;&nbsp;&nbsp;&nbsp;&#8211; Medio Oriente &nbsp;&nbsp;&nbsp;&nbsp;&nbsp;&nbsp;&nbsp;&nbsp;&nbsp;&nbsp;&nbsp;&nbsp;&nbsp;&nbsp;&nbsp;&nbsp;&nbsp;&nbsp;&nbsp;&nbsp;&nbsp;&nbsp;&nbsp;&nbsp;&#8211; Medio Ambiente &nbsp;&nbsp;&nbsp;&nbsp;&nbsp;&nbsp;&nbsp;&nbsp;&nbsp;&nbsp;&nbsp;&nbsp;&nbsp;&nbsp;&nbsp;&nbsp;&nbsp;&nbsp;&nbsp;&nbsp;&nbsp;&nbsp;&nbsp;&nbsp;&#8211; Comunicaciones [&hellip;]<\/p>\n","protected":false},"author":1,"featured_media":0,"parent":0,"menu_order":0,"comment_status":"closed","ping_status":"closed","template":"","meta":{"_monsterinsights_skip_tracking":false,"_monsterinsights_sitenote_active":false,"_monsterinsights_sitenote_note":"","_monsterinsights_sitenote_category":0,"site-sidebar-layout":"default","site-content-layout":"default","ast-site-content-layout":"default","site-content-style":"default","site-sidebar-style":"default","ast-global-header-display":"","ast-banner-title-visibility":"","ast-main-header-display":"","ast-hfb-above-header-display":"","ast-hfb-below-header-display":"","ast-hfb-mobile-header-display":"","site-post-title":"","ast-breadcrumbs-content":"","ast-featured-img":"","footer-sml-layout":"","theme-transparent-header-meta":"default","adv-header-id-meta":"","stick-header-meta":"","header-above-stick-meta":"","header-main-stick-meta":"","header-below-stick-meta":"","astra-migrate-meta-layouts":"default","ast-page-background-enabled":"default","ast-page-background-meta":{"desktop":{"background-color":"","background-image":"","background-repeat":"repeat","background-position":"center center","background-size":"auto","background-attachment":"scroll","background-type":"","background-media":"","overlay-type":"","overlay-color":"","overlay-opacity":"","overlay-gradient":""},"tablet":{"background-color":"","background-image":"","background-repeat":"repeat","background-position":"center center","background-size":"auto","background-attachment":"scroll","background-type":"","background-media":"","overlay-type":"","overlay-color":"","overlay-opacity":"","overlay-gradient":""},"mobile":{"background-color":"","background-image":"","background-repeat":"repeat","background-position":"center center","background-size":"auto","background-attachment":"scroll","background-type":"","background-media":"","overlay-type":"","overlay-color":"","overlay-opacity":"","overlay-gradient":""}},"ast-content-background-meta":{"desktop":{"background-color":"var(--ast-global-color-5)","background-image":"","background-repeat":"repeat","background-position":"center center","background-size":"auto","background-attachment":"scroll","background-type":"","background-media":"","overlay-type":"","overlay-color":"","overlay-opacity":"","overlay-gradient":""},"tablet":{"background-color":"var(--ast-global-color-5)","background-image":"","background-repeat":"repeat","background-position":"center center","background-size":"auto","background-attachment":"scroll","background-type":"","background-media":"","overlay-type":"","overlay-color":"","overlay-opacity":"","overlay-gradient":""},"mobile":{"background-color":"var(--ast-global-color-5)","background-image":"","background-repeat":"repeat","background-position":"center center","background-size":"auto","background-attachment":"scroll","background-type":"","background-media":"","overlay-type":"","overlay-color":"","overlay-opacity":"","overlay-gradient":""}},"footnotes":""},"class_list":["post-2008","page","type-page","status-publish","hentry"],"_links":{"self":[{"href":"https:\/\/estudioscriticosgeopolitica.net\/index.php?rest_route=\/wp\/v2\/pages\/2008","targetHints":{"allow":["GET"]}}],"collection":[{"href":"https:\/\/estudioscriticosgeopolitica.net\/index.php?rest_route=\/wp\/v2\/pages"}],"about":[{"href":"https:\/\/estudioscriticosgeopolitica.net\/index.php?rest_route=\/wp\/v2\/types\/page"}],"author":[{"embeddable":true,"href":"https:\/\/estudioscriticosgeopolitica.net\/index.php?rest_route=\/wp\/v2\/users\/1"}],"replies":[{"embeddable":true,"href":"https:\/\/estudioscriticosgeopolitica.net\/index.php?rest_route=%2Fwp%2Fv2%2Fcomments&post=2008"}],"version-history":[{"count":1,"href":"https:\/\/estudioscriticosgeopolitica.net\/index.php?rest_route=\/wp\/v2\/pages\/2008\/revisions"}],"predecessor-version":[{"id":2010,"href":"https:\/\/estudioscriticosgeopolitica.net\/index.php?rest_route=\/wp\/v2\/pages\/2008\/revisions\/2010"}],"wp:attachment":[{"href":"https:\/\/estudioscriticosgeopolitica.net\/index.php?rest_route=%2Fwp%2Fv2%2Fmedia&parent=2008"}],"curies":[{"name":"wp","href":"https:\/\/api.w.org\/{rel}","templated":true}]}}