{"id":2085,"date":"2025-08-18T17:11:39","date_gmt":"2025-08-18T23:11:39","guid":{"rendered":"https:\/\/estudioscriticosgeopolitica.net\/?page_id=2085"},"modified":"2025-08-18T17:23:36","modified_gmt":"2025-08-18T23:23:36","slug":"una-geopolitica-critica-debates-sobre-el-espacio-las-escalas-y-el-desarrollo-desigual","status":"publish","type":"page","link":"https:\/\/estudioscriticosgeopolitica.net\/?page_id=2085","title":{"rendered":"Una geopol\u00edtica cr\u00edtica: Debates sobre el espacio, las escalas y el desarrollo desigual"},"content":{"rendered":"\n<div class=\"wp-block-group is-layout-constrained wp-block-group-is-layout-constrained\">\n<div class=\"wp-block-group is-layout-constrained wp-block-group-is-layout-constrained\">\n<div class=\"_df_book df-lite\" id=\"df_2077\"  _slug=\"una-geopolitica-critica-debates-sobre-el-espacio-las-escalas-y-el-desarrollo-desigual\" data-title=\"una-geopolitica-critica-debates-sobre-el-espacio-las-escalas-y-el-desarrollo-desigual\" wpoptions=\"true\" thumbtype=\"\" ><\/div><script class=\"df-shortcode-script\" nowprocket type=\"application\/javascript\">window.option_df_2077 = {\"outline\":[],\"autoEnableOutline\":\"false\",\"autoEnableThumbnail\":\"false\",\"overwritePDFOutline\":\"false\",\"enableDownload\":\"false\",\"direction\":\"1\",\"pageSize\":\"0\",\"source\":\"http:\\\/\\\/estudioscriticosgeopolitica.net\\\/wp-content\\\/uploads\\\/2025\\\/08\\\/Geopolitica-Critica.pdf\",\"wpOptions\":\"true\"}; if(window.DFLIP && window.DFLIP.parseBooks){window.DFLIP.parseBooks();}<\/script>\n\n\n\n<p>A finales del siglo XIX y principios del XX, dio inicio una serie de reflexiones en el campo de la Geograf\u00eda, \u00edntimamente ligadas al de la pol\u00edtica y las relaciones internacionales, que en su conjunto ha sido denominado como \u201cgeopol\u00edtica\u201d. Los debates en geopol\u00edtica se han desarrollado, fundamentalmente, sobre la base de la llamada \u201cgeopol\u00edtica cl\u00e1sica\u201d. No obstan- te, lo que se denomina bajo ese nombre no son m\u00e1s que las diversas experiencias, praxis y reflexiones que, en determinadas condiciones hist\u00f3ricas, fueron desarroll\u00e1ndose con el devenir de la estatalidad moderna y de las formas de gobierno, regulaci\u00f3n, administraci\u00f3n, control y vigilancia que se expresaron en la producci\u00f3n de enormes conglomerados territoriales-poblacionales, mismos que han sido el centro del debate y la discusi\u00f3n pol\u00edtica de los \u00faltimos tres siglos. La apuesta colectiva que hacemos en este libro es debatir cr\u00edtica y amplia mente la geopol\u00edtica, desde sus postulados tradicionales, hasta aquellos que nos permitan comprender las din\u00e1micas estrat\u00e9gicas socioespaciales que, en diversas escalas, influyen en la reproducci\u00f3n cotidiana y rutinaria de la vida como centro de las tecnolog\u00edas del poder modernas, con fuertes patrones de desarrollo desigual, que cobran sentido \u00fanicamente en la articulaci\u00f3n mundial total.<\/p>\n<\/div>\n<\/div>\n","protected":false},"excerpt":{"rendered":"<p>A finales del siglo XIX y principios del XX, dio inicio una serie de reflexiones en el campo de la Geograf\u00eda, \u00edntimamente ligadas al de la pol\u00edtica y las relaciones internacionales, que en su conjunto ha sido denominado como \u201cgeopol\u00edtica\u201d. Los debates en geopol\u00edtica se han desarrollado, fundamentalmente, sobre la base de la llamada \u201cgeopol\u00edtica [&hellip;]<\/p>\n","protected":false},"author":1,"featured_media":0,"parent":0,"menu_order":0,"comment_status":"closed","ping_status":"closed","template":"","meta":{"_monsterinsights_skip_tracking":false,"_monsterinsights_sitenote_active":false,"_monsterinsights_sitenote_note":"","_monsterinsights_sitenote_category":0,"site-sidebar-layout":"default","site-content-layout":"default","ast-site-content-layout":"default","site-content-style":"default","site-sidebar-style":"default","ast-global-header-display":"","ast-banner-title-visibility":"","ast-main-header-display":"","ast-hfb-above-header-display":"","ast-hfb-below-header-display":"","ast-hfb-mobile-header-display":"","site-post-title":"","ast-breadcrumbs-content":"","ast-featured-img":"","footer-sml-layout":"","theme-transparent-header-meta":"default","adv-header-id-meta":"","stick-header-meta":"","header-above-stick-meta":"","header-main-stick-meta":"","header-below-stick-meta":"","astra-migrate-meta-layouts":"default","ast-page-background-enabled":"default","ast-page-background-meta":{"desktop":{"background-color":"","background-image":"","background-repeat":"repeat","background-position":"center center","background-size":"auto","background-attachment":"scroll","background-type":"","background-media":"","overlay-type":"","overlay-color":"","overlay-opacity":"","overlay-gradient":""},"tablet":{"background-color":"","background-image":"","background-repeat":"repeat","background-position":"center center","background-size":"auto","background-attachment":"scroll","background-type":"","background-media":"","overlay-type":"","overlay-color":"","overlay-opacity":"","overlay-gradient":""},"mobile":{"background-color":"","background-image":"","background-repeat":"repeat","background-position":"center center","background-size":"auto","background-attachment":"scroll","background-type":"","background-media":"","overlay-type":"","overlay-color":"","overlay-opacity":"","overlay-gradient":""}},"ast-content-background-meta":{"desktop":{"background-color":"var(--ast-global-color-5)","background-image":"","background-repeat":"repeat","background-position":"center center","background-size":"auto","background-attachment":"scroll","background-type":"","background-media":"","overlay-type":"","overlay-color":"","overlay-opacity":"","overlay-gradient":""},"tablet":{"background-color":"var(--ast-global-color-5)","background-image":"","background-repeat":"repeat","background-position":"center center","background-size":"auto","background-attachment":"scroll","background-type":"","background-media":"","overlay-type":"","overlay-color":"","overlay-opacity":"","overlay-gradient":""},"mobile":{"background-color":"var(--ast-global-color-5)","background-image":"","background-repeat":"repeat","background-position":"center center","background-size":"auto","background-attachment":"scroll","background-type":"","background-media":"","overlay-type":"","overlay-color":"","overlay-opacity":"","overlay-gradient":""}},"footnotes":""},"class_list":["post-2085","page","type-page","status-publish","hentry"],"_links":{"self":[{"href":"https:\/\/estudioscriticosgeopolitica.net\/index.php?rest_route=\/wp\/v2\/pages\/2085","targetHints":{"allow":["GET"]}}],"collection":[{"href":"https:\/\/estudioscriticosgeopolitica.net\/index.php?rest_route=\/wp\/v2\/pages"}],"about":[{"href":"https:\/\/estudioscriticosgeopolitica.net\/index.php?rest_route=\/wp\/v2\/types\/page"}],"author":[{"embeddable":true,"href":"https:\/\/estudioscriticosgeopolitica.net\/index.php?rest_route=\/wp\/v2\/users\/1"}],"replies":[{"embeddable":true,"href":"https:\/\/estudioscriticosgeopolitica.net\/index.php?rest_route=%2Fwp%2Fv2%2Fcomments&post=2085"}],"version-history":[{"count":2,"href":"https:\/\/estudioscriticosgeopolitica.net\/index.php?rest_route=\/wp\/v2\/pages\/2085\/revisions"}],"predecessor-version":[{"id":2089,"href":"https:\/\/estudioscriticosgeopolitica.net\/index.php?rest_route=\/wp\/v2\/pages\/2085\/revisions\/2089"}],"wp:attachment":[{"href":"https:\/\/estudioscriticosgeopolitica.net\/index.php?rest_route=%2Fwp%2Fv2%2Fmedia&parent=2085"}],"curies":[{"name":"wp","href":"https:\/\/api.w.org\/{rel}","templated":true}]}}