{"id":2125,"date":"2025-09-26T14:02:41","date_gmt":"2025-09-26T20:02:41","guid":{"rendered":"https:\/\/estudioscriticosgeopolitica.net\/?page_id=2125"},"modified":"2025-09-26T14:03:48","modified_gmt":"2025-09-26T20:03:48","slug":"el-geo-el-bios-y-la-politica-el-regimen-biopolitico-geopolitico-y-la-produccion-del-mundo-moderno","status":"publish","type":"page","link":"https:\/\/estudioscriticosgeopolitica.net\/?page_id=2125","title":{"rendered":"El geo, el b\u00edos y la pol\u00edtica. El r\u00e9gimen biopol\u00edtico\/geopol\u00edtico y la producci\u00f3n del mundo moderno"},"content":{"rendered":"\n<div class=\"_df_book df-lite\" id=\"df_2119\"  _slug=\"2119\" data-title=\"el-geo-el-bios-y-la-politica-el-regimen-biopolitico-geopolitico-y-la-produccion-del-mundo-moderno\" wpoptions=\"true\" thumb=\"http:\/\/estudioscriticosgeopolitica.net\/wp-content\/uploads\/2025\/09\/9786073094009.jpg\" thumbtype=\"\" ><\/div><script class=\"df-shortcode-script\" nowprocket type=\"application\/javascript\">window.option_df_2119 = {\"outline\":[],\"autoEnableOutline\":\"false\",\"autoEnableThumbnail\":\"false\",\"overwritePDFOutline\":\"false\",\"enableDownload\":\"false\",\"direction\":\"1\",\"pageSize\":\"0\",\"source\":\"http:\\\/\\\/estudioscriticosgeopolitica.net\\\/wp-content\\\/uploads\\\/2025\\\/09\\\/2024-El-geo-el-bios-y-la-politica.pdf\",\"wpOptions\":\"true\"}; if(window.DFLIP && window.DFLIP.parseBooks){window.DFLIP.parseBooks();}<\/script>\n\n\n\n<p>La geopol\u00edtica se ha consolidado como un pensamiento instrumental, cuya visi\u00f3n te\u00f3rico-metodol\u00f3gica tan reduccionista ha alimentado al determinismo geogr\u00e1fico para constituir as\u00ed una &#8220;miseria de la geopol\u00edtica&#8221;. Ha provocado, pues, divisiones artificiales y utilitarias de la realidad social que, m\u00e1s que abonar a la comprensi\u00f3n de las din\u00e1micas socioespaciales, producen ordenamientos jer\u00e1rquicos y formas de dominaci\u00f3n en diversas escalas de la acci\u00f3n social. Con ello, se ha naturalizado un ordenamiento del mundo basado en relaciones de poder y dominaci\u00f3n, as\u00ed como en la violencia que le da origen, lo legitima y lo sostiene en una reproducci\u00f3n cotidiana.<br>En este libro, David Herrera Santana parte de estas observaciones para analizar una serie de problem\u00e1ticas interrelacionadas que giran en torno a la geopol\u00edtica, como conocimiento, como tradici\u00f3n de pensamiento y como praxis socioespacial. Y propone una necesaria reflexi\u00f3n critica de la &#8220;miseria de la geopol\u00edtica&#8221;. Por ello, el autor busca acercar, a partir de un an\u00e1lisis te\u00f3rico-hist\u00f3rico, dos trayectorias que, de manera arbitraria y artificial, fueron separadas y encasilladas en campos de saber y conocimiento distintos: la biopol\u00edtica (en el campo de la Filosof\u00eda) y la geopol\u00edtica (en los campos de la Geograf\u00eda y las Relaciones Internacionales). Herrera Santana concibe a \u00e9stas como parte de un r\u00e9gimen hist\u00f3rico de gobierno de la espacialidad social y no solamente como apuestas y discusiones te\u00f3rico-metodol\u00f3gicas.<\/p>\n","protected":false},"excerpt":{"rendered":"<p>La geopol\u00edtica se ha consolidado como un pensamiento instrumental, cuya visi\u00f3n te\u00f3rico-metodol\u00f3gica tan reduccionista ha alimentado al determinismo geogr\u00e1fico para constituir as\u00ed una &#8220;miseria de la geopol\u00edtica&#8221;. Ha provocado, pues, divisiones artificiales y utilitarias de la realidad social que, m\u00e1s que abonar a la comprensi\u00f3n de las din\u00e1micas socioespaciales, producen ordenamientos jer\u00e1rquicos y formas de [&hellip;]<\/p>\n","protected":false},"author":1,"featured_media":0,"parent":0,"menu_order":0,"comment_status":"closed","ping_status":"closed","template":"","meta":{"_monsterinsights_skip_tracking":false,"_monsterinsights_sitenote_active":false,"_monsterinsights_sitenote_note":"","_monsterinsights_sitenote_category":0,"site-sidebar-layout":"default","site-content-layout":"","ast-site-content-layout":"default","site-content-style":"default","site-sidebar-style":"default","ast-global-header-display":"","ast-banner-title-visibility":"","ast-main-header-display":"","ast-hfb-above-header-display":"","ast-hfb-below-header-display":"","ast-hfb-mobile-header-display":"","site-post-title":"","ast-breadcrumbs-content":"","ast-featured-img":"","footer-sml-layout":"","theme-transparent-header-meta":"","adv-header-id-meta":"","stick-header-meta":"","header-above-stick-meta":"","header-main-stick-meta":"","header-below-stick-meta":"","astra-migrate-meta-layouts":"set","ast-page-background-enabled":"default","ast-page-background-meta":{"desktop":{"background-color":"","background-image":"","background-repeat":"repeat","background-position":"center center","background-size":"auto","background-attachment":"scroll","background-type":"","background-media":"","overlay-type":"","overlay-color":"","overlay-opacity":"","overlay-gradient":""},"tablet":{"background-color":"","background-image":"","background-repeat":"repeat","background-position":"center center","background-size":"auto","background-attachment":"scroll","background-type":"","background-media":"","overlay-type":"","overlay-color":"","overlay-opacity":"","overlay-gradient":""},"mobile":{"background-color":"","background-image":"","background-repeat":"repeat","background-position":"center center","background-size":"auto","background-attachment":"scroll","background-type":"","background-media":"","overlay-type":"","overlay-color":"","overlay-opacity":"","overlay-gradient":""}},"ast-content-background-meta":{"desktop":{"background-color":"var(--ast-global-color-5)","background-image":"","background-repeat":"repeat","background-position":"center center","background-size":"auto","background-attachment":"scroll","background-type":"","background-media":"","overlay-type":"","overlay-color":"","overlay-opacity":"","overlay-gradient":""},"tablet":{"background-color":"var(--ast-global-color-5)","background-image":"","background-repeat":"repeat","background-position":"center center","background-size":"auto","background-attachment":"scroll","background-type":"","background-media":"","overlay-type":"","overlay-color":"","overlay-opacity":"","overlay-gradient":""},"mobile":{"background-color":"var(--ast-global-color-5)","background-image":"","background-repeat":"repeat","background-position":"center center","background-size":"auto","background-attachment":"scroll","background-type":"","background-media":"","overlay-type":"","overlay-color":"","overlay-opacity":"","overlay-gradient":""}},"footnotes":""},"class_list":["post-2125","page","type-page","status-publish","hentry"],"_links":{"self":[{"href":"https:\/\/estudioscriticosgeopolitica.net\/index.php?rest_route=\/wp\/v2\/pages\/2125","targetHints":{"allow":["GET"]}}],"collection":[{"href":"https:\/\/estudioscriticosgeopolitica.net\/index.php?rest_route=\/wp\/v2\/pages"}],"about":[{"href":"https:\/\/estudioscriticosgeopolitica.net\/index.php?rest_route=\/wp\/v2\/types\/page"}],"author":[{"embeddable":true,"href":"https:\/\/estudioscriticosgeopolitica.net\/index.php?rest_route=\/wp\/v2\/users\/1"}],"replies":[{"embeddable":true,"href":"https:\/\/estudioscriticosgeopolitica.net\/index.php?rest_route=%2Fwp%2Fv2%2Fcomments&post=2125"}],"version-history":[{"count":1,"href":"https:\/\/estudioscriticosgeopolitica.net\/index.php?rest_route=\/wp\/v2\/pages\/2125\/revisions"}],"predecessor-version":[{"id":2126,"href":"https:\/\/estudioscriticosgeopolitica.net\/index.php?rest_route=\/wp\/v2\/pages\/2125\/revisions\/2126"}],"wp:attachment":[{"href":"https:\/\/estudioscriticosgeopolitica.net\/index.php?rest_route=%2Fwp%2Fv2%2Fmedia&parent=2125"}],"curies":[{"name":"wp","href":"https:\/\/api.w.org\/{rel}","templated":true}]}}