{"id":2131,"date":"2025-09-26T14:08:57","date_gmt":"2025-09-26T20:08:57","guid":{"rendered":"https:\/\/estudioscriticosgeopolitica.net\/?page_id=2131"},"modified":"2025-09-26T14:08:58","modified_gmt":"2025-09-26T20:08:58","slug":"geopolitica-espacio-poder-y-resistencias-en-el-siglo-xxi","status":"publish","type":"page","link":"https:\/\/estudioscriticosgeopolitica.net\/?page_id=2131","title":{"rendered":"Geopol\u00edtica. Espacio, poder y resistencias en el Siglo XXI"},"content":{"rendered":"\n<div class=\"_df_book df-lite\" id=\"df_2129\"  _slug=\"geopolitica-espacio-poder-y-resistencias-en-el-siglo-xxi\" data-title=\"geopolitica-espacio-poder-y-resistencias-en-el-siglo-xxi\" wpoptions=\"true\" thumb=\"http:\/\/estudioscriticosgeopolitica.net\/wp-content\/uploads\/2021\/10\/IMG_20201222_235127-1-2-scaled.jpg\" thumbtype=\"\" ><\/div><script class=\"df-shortcode-script\" nowprocket type=\"application\/javascript\">window.option_df_2129 = {\"outline\":[],\"autoEnableOutline\":\"false\",\"autoEnableThumbnail\":\"false\",\"overwritePDFOutline\":\"false\",\"enableDownload\":\"false\",\"direction\":\"1\",\"pageSize\":\"0\",\"source\":\"http:\\\/\\\/estudioscriticosgeopolitica.net\\\/wp-content\\\/uploads\\\/2025\\\/09\\\/coord-2020-Geopolitica_xxi.pdf\",\"wpOptions\":\"true\"}; if(window.DFLIP && window.DFLIP.parseBooks){window.DFLIP.parseBooks();}<\/script>\n\n\n\n<p>El objetivo que nos hemos planteado en esta obra es reconceptualizar y redirigir la compresi\u00f3n sobre la geopol\u00edtica. Para trascender las visiones deterministas y esencialistas que la han caracterizado hist\u00f3ricamente. Frente a ello, y atendiendo al esp\u00edritu m\u00e1s cr\u00edtico del an\u00e1lisis materialista, hist\u00f30rico y dial\u00e9ctico, nos hemos propuesto comprender a la geopol\u00edtica a partir de alternar la relaci\u00f3n lineal, jer\u00e1rquica, est\u00e1tica y subordinada que contiene un inicio, a partir de subvertir sus propios elementos constitutivos, a saber: pasar del geo que condiciona a la pol\u00edtica hacia lo pol\u00edtico que produce al geo y que es tambi\u00e9n producto del mismo. As\u00ed, la geopol\u00edtica refiere a la forma de inteligibilidad y a la praxis social que produce una espacialidad dial\u00e9ctica y compleja, por lo que al tiempo de la pol\u00edtica deja de estar condicionada por el geo, \u00e9ste deja de ser comprendido como medio f\u00edsico para ser entendido como el espacio de la reproducci\u00f3n social, en donde proyectos de dominaci\u00f3n, relaciones de poder, confrontaciones estrat\u00e9gicas entre grupos y clases, regulaci\u00f3n gen\u00e9rica, producci\u00f3n de etnicidad y de raza, y tantas otras relaciones estrat\u00e9gicas, acontecen, se reproducen y se confrontan ag\u00f3nicamente en un espacio siempre disputado y sumamente din\u00e1mico.<\/p>\n","protected":false},"excerpt":{"rendered":"<p>El objetivo que nos hemos planteado en esta obra es reconceptualizar y redirigir la compresi\u00f3n sobre la geopol\u00edtica. Para trascender las visiones deterministas y esencialistas que la han caracterizado hist\u00f3ricamente. Frente a ello, y atendiendo al esp\u00edritu m\u00e1s cr\u00edtico del an\u00e1lisis materialista, hist\u00f30rico y dial\u00e9ctico, nos hemos propuesto comprender a la geopol\u00edtica a partir de [&hellip;]<\/p>\n","protected":false},"author":1,"featured_media":0,"parent":0,"menu_order":0,"comment_status":"closed","ping_status":"closed","template":"","meta":{"_monsterinsights_skip_tracking":false,"_monsterinsights_sitenote_active":false,"_monsterinsights_sitenote_note":"","_monsterinsights_sitenote_category":0,"site-sidebar-layout":"default","site-content-layout":"","ast-site-content-layout":"default","site-content-style":"default","site-sidebar-style":"default","ast-global-header-display":"","ast-banner-title-visibility":"","ast-main-header-display":"","ast-hfb-above-header-display":"","ast-hfb-below-header-display":"","ast-hfb-mobile-header-display":"","site-post-title":"","ast-breadcrumbs-content":"","ast-featured-img":"","footer-sml-layout":"","theme-transparent-header-meta":"","adv-header-id-meta":"","stick-header-meta":"","header-above-stick-meta":"","header-main-stick-meta":"","header-below-stick-meta":"","astra-migrate-meta-layouts":"set","ast-page-background-enabled":"default","ast-page-background-meta":{"desktop":{"background-color":"","background-image":"","background-repeat":"repeat","background-position":"center center","background-size":"auto","background-attachment":"scroll","background-type":"","background-media":"","overlay-type":"","overlay-color":"","overlay-opacity":"","overlay-gradient":""},"tablet":{"background-color":"","background-image":"","background-repeat":"repeat","background-position":"center center","background-size":"auto","background-attachment":"scroll","background-type":"","background-media":"","overlay-type":"","overlay-color":"","overlay-opacity":"","overlay-gradient":""},"mobile":{"background-color":"","background-image":"","background-repeat":"repeat","background-position":"center center","background-size":"auto","background-attachment":"scroll","background-type":"","background-media":"","overlay-type":"","overlay-color":"","overlay-opacity":"","overlay-gradient":""}},"ast-content-background-meta":{"desktop":{"background-color":"var(--ast-global-color-5)","background-image":"","background-repeat":"repeat","background-position":"center center","background-size":"auto","background-attachment":"scroll","background-type":"","background-media":"","overlay-type":"","overlay-color":"","overlay-opacity":"","overlay-gradient":""},"tablet":{"background-color":"var(--ast-global-color-5)","background-image":"","background-repeat":"repeat","background-position":"center center","background-size":"auto","background-attachment":"scroll","background-type":"","background-media":"","overlay-type":"","overlay-color":"","overlay-opacity":"","overlay-gradient":""},"mobile":{"background-color":"var(--ast-global-color-5)","background-image":"","background-repeat":"repeat","background-position":"center center","background-size":"auto","background-attachment":"scroll","background-type":"","background-media":"","overlay-type":"","overlay-color":"","overlay-opacity":"","overlay-gradient":""}},"footnotes":""},"class_list":["post-2131","page","type-page","status-publish","hentry"],"_links":{"self":[{"href":"https:\/\/estudioscriticosgeopolitica.net\/index.php?rest_route=\/wp\/v2\/pages\/2131","targetHints":{"allow":["GET"]}}],"collection":[{"href":"https:\/\/estudioscriticosgeopolitica.net\/index.php?rest_route=\/wp\/v2\/pages"}],"about":[{"href":"https:\/\/estudioscriticosgeopolitica.net\/index.php?rest_route=\/wp\/v2\/types\/page"}],"author":[{"embeddable":true,"href":"https:\/\/estudioscriticosgeopolitica.net\/index.php?rest_route=\/wp\/v2\/users\/1"}],"replies":[{"embeddable":true,"href":"https:\/\/estudioscriticosgeopolitica.net\/index.php?rest_route=%2Fwp%2Fv2%2Fcomments&post=2131"}],"version-history":[{"count":1,"href":"https:\/\/estudioscriticosgeopolitica.net\/index.php?rest_route=\/wp\/v2\/pages\/2131\/revisions"}],"predecessor-version":[{"id":2132,"href":"https:\/\/estudioscriticosgeopolitica.net\/index.php?rest_route=\/wp\/v2\/pages\/2131\/revisions\/2132"}],"wp:attachment":[{"href":"https:\/\/estudioscriticosgeopolitica.net\/index.php?rest_route=%2Fwp%2Fv2%2Fmedia&parent=2131"}],"curies":[{"name":"wp","href":"https:\/\/api.w.org\/{rel}","templated":true}]}}