{"id":2139,"date":"2025-09-26T14:27:48","date_gmt":"2025-09-26T20:27:48","guid":{"rendered":"https:\/\/estudioscriticosgeopolitica.net\/?page_id=2139"},"modified":"2025-09-26T15:16:11","modified_gmt":"2025-09-26T21:16:11","slug":"hegemonia-poder-y-crisis-bifurcacion-espacialidad-estrategica-y-grandes-transformaciones-globales-en-el-siglo-xxi","status":"publish","type":"page","link":"https:\/\/estudioscriticosgeopolitica.net\/?page_id=2139","title":{"rendered":"Hegemon\u00eda, poder y crisis. Bifurcaci\u00f3n, espacialidad estrat\u00e9gica y grandes transformaciones globales en el siglo XXI"},"content":{"rendered":"\n<div class=\"_df_book df-lite\" id=\"df_2090\"  _slug=\"hegemonia-poder-y-crisis-bifurcacion-espacialidad-estrategica-ygrandes-transformaciones-globales-en-el-siglo-xxi\" data-title=\"hegemonia-poder-y-crisis-bifurcacion-espacialidad-estrategica-y-grandes-transformaciones-globales-en-el-siglo-xxi\" wpoptions=\"true\" thumb=\"http:\/\/estudioscriticosgeopolitica.net\/wp-content\/uploads\/2025\/09\/libro-1.jpg\" thumbtype=\"\" ><\/div><script class=\"df-shortcode-script\" nowprocket type=\"application\/javascript\">window.option_df_2090 = {\"outline\":[],\"viewerType\":\"flipbook\",\"autoEnableOutline\":\"false\",\"autoEnableThumbnail\":\"false\",\"overwritePDFOutline\":\"false\",\"enableDownload\":\"false\",\"direction\":\"1\",\"pageSize\":\"0\",\"source\":\"http:\\\/\\\/estudioscriticosgeopolitica.net\\\/wp-content\\\/uploads\\\/2025\\\/09\\\/2017-autor-Hegemonia-Poder-y-Crisis.pdf\",\"wpOptions\":\"true\"}; if(window.DFLIP && window.DFLIP.parseBooks){window.DFLIP.parseBooks();}<\/script>\n\n\n\n<p>Nos enfrentamos a una crisis radical, m\u00faltiple y global. No No es una crisis econ\u00f3mica, o pol\u00edtica, o social, o de valores, o de formas culturales, o ambiental y dem\u00e1s \u00e1mbitos por separado. Su radicalidad, de hecho, reside en que abarca todos esos \u00e1mbitos, en m\u00faltiples contextos, situaciones y escalas. Tambi\u00e9n radica en la intensidad diferenciada en que se presenta seg\u00fan el escenario del mundo en donde se hace sentir en sus diversas facetas. Por \u00faltimo, es radical porque cuestiona las formas vigentes de reproducci\u00f3n de la vida, as\u00ed como urge a la transfor-maci\u00f3n de las l\u00f3gicas sist\u00e9micas.<\/p>\n\n\n\n<p>En este contexto, la crisis de hegemon\u00eda, configurada en ese \u00e1mbito amplio de crisis radical, pone en duda los par\u00e1metros para comprender la misma hegemon\u00eda, as\u00ed como la realidad que se configura en todas partes y ante la cual se proponen m\u00faltiples interpretaciones. Por una parte, se observa el declive relativo de Estados Unidos como potencia hegem\u00f3ni-ca, al tiempo que surgen nuevos competidores en la escena mundial. Por la otra, m\u00faltiples formas de protesta e inconformidad social surgen por doquier y cuestionan la legitimidad de las formas societales imperantes. El pensamiento social dominante ha desvinculado una de la otra, como si existieran en universos paralelos. Este libro propone observar sus v\u00ednculos, pero sobre todo, busca dejar claro que ante la crisis radical en que vivimos, la verdadera crisis de hegemon\u00eda es la que surge del cuestionamiento social del todo, y no la que se da como pugna entre los grandes intereses globales, que reeditan en cada momento a los mismos horizontes de la dominaci\u00f3n.<\/p>\n","protected":false},"excerpt":{"rendered":"<p>Nos enfrentamos a una crisis radical, m\u00faltiple y global. No No es una crisis econ\u00f3mica, o pol\u00edtica, o social, o de valores, o de formas culturales, o ambiental y dem\u00e1s \u00e1mbitos por separado. Su radicalidad, de hecho, reside en que abarca todos esos \u00e1mbitos, en m\u00faltiples contextos, situaciones y escalas. Tambi\u00e9n radica en la intensidad [&hellip;]<\/p>\n","protected":false},"author":1,"featured_media":0,"parent":0,"menu_order":0,"comment_status":"closed","ping_status":"closed","template":"","meta":{"_monsterinsights_skip_tracking":false,"_monsterinsights_sitenote_active":false,"_monsterinsights_sitenote_note":"","_monsterinsights_sitenote_category":0,"site-sidebar-layout":"default","site-content-layout":"","ast-site-content-layout":"default","site-content-style":"default","site-sidebar-style":"default","ast-global-header-display":"","ast-banner-title-visibility":"","ast-main-header-display":"","ast-hfb-above-header-display":"","ast-hfb-below-header-display":"","ast-hfb-mobile-header-display":"","site-post-title":"","ast-breadcrumbs-content":"","ast-featured-img":"","footer-sml-layout":"","theme-transparent-header-meta":"","adv-header-id-meta":"","stick-header-meta":"","header-above-stick-meta":"","header-main-stick-meta":"","header-below-stick-meta":"","astra-migrate-meta-layouts":"set","ast-page-background-enabled":"default","ast-page-background-meta":{"desktop":{"background-color":"","background-image":"","background-repeat":"repeat","background-position":"center center","background-size":"auto","background-attachment":"scroll","background-type":"","background-media":"","overlay-type":"","overlay-color":"","overlay-opacity":"","overlay-gradient":""},"tablet":{"background-color":"","background-image":"","background-repeat":"repeat","background-position":"center center","background-size":"auto","background-attachment":"scroll","background-type":"","background-media":"","overlay-type":"","overlay-color":"","overlay-opacity":"","overlay-gradient":""},"mobile":{"background-color":"","background-image":"","background-repeat":"repeat","background-position":"center center","background-size":"auto","background-attachment":"scroll","background-type":"","background-media":"","overlay-type":"","overlay-color":"","overlay-opacity":"","overlay-gradient":""}},"ast-content-background-meta":{"desktop":{"background-color":"var(--ast-global-color-5)","background-image":"","background-repeat":"repeat","background-position":"center center","background-size":"auto","background-attachment":"scroll","background-type":"","background-media":"","overlay-type":"","overlay-color":"","overlay-opacity":"","overlay-gradient":""},"tablet":{"background-color":"var(--ast-global-color-5)","background-image":"","background-repeat":"repeat","background-position":"center center","background-size":"auto","background-attachment":"scroll","background-type":"","background-media":"","overlay-type":"","overlay-color":"","overlay-opacity":"","overlay-gradient":""},"mobile":{"background-color":"var(--ast-global-color-5)","background-image":"","background-repeat":"repeat","background-position":"center center","background-size":"auto","background-attachment":"scroll","background-type":"","background-media":"","overlay-type":"","overlay-color":"","overlay-opacity":"","overlay-gradient":""}},"footnotes":""},"class_list":["post-2139","page","type-page","status-publish","hentry"],"_links":{"self":[{"href":"https:\/\/estudioscriticosgeopolitica.net\/index.php?rest_route=\/wp\/v2\/pages\/2139","targetHints":{"allow":["GET"]}}],"collection":[{"href":"https:\/\/estudioscriticosgeopolitica.net\/index.php?rest_route=\/wp\/v2\/pages"}],"about":[{"href":"https:\/\/estudioscriticosgeopolitica.net\/index.php?rest_route=\/wp\/v2\/types\/page"}],"author":[{"embeddable":true,"href":"https:\/\/estudioscriticosgeopolitica.net\/index.php?rest_route=\/wp\/v2\/users\/1"}],"replies":[{"embeddable":true,"href":"https:\/\/estudioscriticosgeopolitica.net\/index.php?rest_route=%2Fwp%2Fv2%2Fcomments&post=2139"}],"version-history":[{"count":1,"href":"https:\/\/estudioscriticosgeopolitica.net\/index.php?rest_route=\/wp\/v2\/pages\/2139\/revisions"}],"predecessor-version":[{"id":2141,"href":"https:\/\/estudioscriticosgeopolitica.net\/index.php?rest_route=\/wp\/v2\/pages\/2139\/revisions\/2141"}],"wp:attachment":[{"href":"https:\/\/estudioscriticosgeopolitica.net\/index.php?rest_route=%2Fwp%2Fv2%2Fmedia&parent=2139"}],"curies":[{"name":"wp","href":"https:\/\/api.w.org\/{rel}","templated":true}]}}