{"id":2148,"date":"2025-09-26T14:38:22","date_gmt":"2025-09-26T20:38:22","guid":{"rendered":"https:\/\/estudioscriticosgeopolitica.net\/?page_id=2148"},"modified":"2025-09-26T14:39:21","modified_gmt":"2025-09-26T20:39:21","slug":"apuntes-teorico-metodologicos-para-el-analisis-de-la-espacialidad-aproximaciones-a-la-dominacion-y-la-violencia-una-perspectiva-multidisciplinaria","status":"publish","type":"page","link":"https:\/\/estudioscriticosgeopolitica.net\/?page_id=2148","title":{"rendered":"Apuntes te\u00f3rico \u2013 metodol\u00f3gicos para el analisis de la espacialidad aproximaciones a la dominaci\u00f3n y la violencia. Una perspectiva multidisciplinaria."},"content":{"rendered":"\n<div class=\"_df_book df-lite\" id=\"df_2145\"  _slug=\"apuntes-teorico-metodologicos-para-el-analisis-de-la-espacialidad-aproximaciones-a-la-dominacion-y-la-violencia-una-perspectiva-multidisciplinaria\" data-title=\"apuntes-teorico-metodologicos-para-el-analisis-de-la-espacialidad-aproximaciones-a-la-dominacion-y-la-violencia-una-perspectiva-multidisciplinaria\" wpoptions=\"true\" thumb=\"http:\/\/estudioscriticosgeopolitica.net\/wp-content\/uploads\/2021\/10\/libro-2-1.jpg\" thumbtype=\"\" ><\/div><script class=\"df-shortcode-script\" nowprocket type=\"application\/javascript\">window.option_df_2145 = {\"outline\":[],\"autoEnableOutline\":\"false\",\"autoEnableThumbnail\":\"false\",\"overwritePDFOutline\":\"false\",\"enableDownload\":\"false\",\"direction\":\"1\",\"pageSize\":\"0\",\"source\":\"http:\\\/\\\/estudioscriticosgeopolitica.net\\\/wp-content\\\/uploads\\\/2025\\\/09\\\/coord-2017-Apuntes_Teor-metodologicos-.pdf\",\"wpOptions\":\"true\"}; if(window.DFLIP && window.DFLIP.parseBooks){window.DFLIP.parseBooks();}<\/script>\n\n\n\n<p>\u00bfC\u00f3mo pensar hoy la violencia? \u00bfC\u00f3mo y para qu\u00e9 pensar la dominaci\u00f3n? \u00bfQu\u00e9 relaciones existen entre ellas y c\u00f3mo se articulan? Son preguntas que dieron vida a esta obra colectiva. En un mundo donde las violencias predominan y en donde la dominaci\u00f3n se ha vuelto m\u00e1s sutil y, como la misma violencia, tambi\u00e9n se ha consolidado en su car\u00e1cter sist\u00e9mico, la reflexi\u00f3n sobre la actualidad, el ejercicio y las caracter\u00edsticas de ambas se vuelven indispensable. Preguntar c\u00f3mo se articulan y c\u00f3mo operan encuentra en esta obra una respuesta: a partir de producir espacio. As\u00ed, espacio, dominaci\u00f3n y violencia se conjugan en un complejo articulado de forma dial\u00e9ctica, contradictoria, estrat\u00e9gica, para producir los contextos de reproducci\u00f3n del capitalismo hist\u00f3rico en su fase actual y las subjetividades que surgen de \u00e9l y le acompa\u00f1an. Como se ve reflejado en los distintos trabajos que lo componen, este libro trata de mostrar la complejidad relativa al espacio, la dominaci\u00f3n y la violencia, los m\u00faltiples escenarios y formas en donde coexisten y se configuran, as\u00ed como propuestas para comprenderles hoy en d\u00eda. Las voces que aqu\u00ed se dan cita, han entablado un di\u00e1logo complejo que, desde diversas disciplinas y provenientes de distintas trayectorias, confluyeron para analizar diversos aspectos del espacio, la dominaci\u00f3n, la violencia y sus entrecruces, contradicciones y diversos modos de articulaci\u00f3n dial\u00e9ctica. En este di\u00e1logo, desde el principio se plante\u00f3 tambi\u00e9n una necesidad estrat\u00e9gica: c\u00f3mo pensar la superaci\u00f3n de la crisis radical actual.<\/p>\n","protected":false},"excerpt":{"rendered":"<p>\u00bfC\u00f3mo pensar hoy la violencia? \u00bfC\u00f3mo y para qu\u00e9 pensar la dominaci\u00f3n? \u00bfQu\u00e9 relaciones existen entre ellas y c\u00f3mo se articulan? Son preguntas que dieron vida a esta obra colectiva. En un mundo donde las violencias predominan y en donde la dominaci\u00f3n se ha vuelto m\u00e1s sutil y, como la misma violencia, tambi\u00e9n se ha [&hellip;]<\/p>\n","protected":false},"author":1,"featured_media":0,"parent":0,"menu_order":0,"comment_status":"closed","ping_status":"closed","template":"","meta":{"_monsterinsights_skip_tracking":false,"_monsterinsights_sitenote_active":false,"_monsterinsights_sitenote_note":"","_monsterinsights_sitenote_category":0,"site-sidebar-layout":"default","site-content-layout":"","ast-site-content-layout":"default","site-content-style":"default","site-sidebar-style":"default","ast-global-header-display":"","ast-banner-title-visibility":"","ast-main-header-display":"","ast-hfb-above-header-display":"","ast-hfb-below-header-display":"","ast-hfb-mobile-header-display":"","site-post-title":"","ast-breadcrumbs-content":"","ast-featured-img":"","footer-sml-layout":"","theme-transparent-header-meta":"","adv-header-id-meta":"","stick-header-meta":"","header-above-stick-meta":"","header-main-stick-meta":"","header-below-stick-meta":"","astra-migrate-meta-layouts":"set","ast-page-background-enabled":"default","ast-page-background-meta":{"desktop":{"background-color":"","background-image":"","background-repeat":"repeat","background-position":"center center","background-size":"auto","background-attachment":"scroll","background-type":"","background-media":"","overlay-type":"","overlay-color":"","overlay-opacity":"","overlay-gradient":""},"tablet":{"background-color":"","background-image":"","background-repeat":"repeat","background-position":"center center","background-size":"auto","background-attachment":"scroll","background-type":"","background-media":"","overlay-type":"","overlay-color":"","overlay-opacity":"","overlay-gradient":""},"mobile":{"background-color":"","background-image":"","background-repeat":"repeat","background-position":"center center","background-size":"auto","background-attachment":"scroll","background-type":"","background-media":"","overlay-type":"","overlay-color":"","overlay-opacity":"","overlay-gradient":""}},"ast-content-background-meta":{"desktop":{"background-color":"var(--ast-global-color-5)","background-image":"","background-repeat":"repeat","background-position":"center center","background-size":"auto","background-attachment":"scroll","background-type":"","background-media":"","overlay-type":"","overlay-color":"","overlay-opacity":"","overlay-gradient":""},"tablet":{"background-color":"var(--ast-global-color-5)","background-image":"","background-repeat":"repeat","background-position":"center center","background-size":"auto","background-attachment":"scroll","background-type":"","background-media":"","overlay-type":"","overlay-color":"","overlay-opacity":"","overlay-gradient":""},"mobile":{"background-color":"var(--ast-global-color-5)","background-image":"","background-repeat":"repeat","background-position":"center center","background-size":"auto","background-attachment":"scroll","background-type":"","background-media":"","overlay-type":"","overlay-color":"","overlay-opacity":"","overlay-gradient":""}},"footnotes":""},"class_list":["post-2148","page","type-page","status-publish","hentry"],"_links":{"self":[{"href":"https:\/\/estudioscriticosgeopolitica.net\/index.php?rest_route=\/wp\/v2\/pages\/2148","targetHints":{"allow":["GET"]}}],"collection":[{"href":"https:\/\/estudioscriticosgeopolitica.net\/index.php?rest_route=\/wp\/v2\/pages"}],"about":[{"href":"https:\/\/estudioscriticosgeopolitica.net\/index.php?rest_route=\/wp\/v2\/types\/page"}],"author":[{"embeddable":true,"href":"https:\/\/estudioscriticosgeopolitica.net\/index.php?rest_route=\/wp\/v2\/users\/1"}],"replies":[{"embeddable":true,"href":"https:\/\/estudioscriticosgeopolitica.net\/index.php?rest_route=%2Fwp%2Fv2%2Fcomments&post=2148"}],"version-history":[{"count":1,"href":"https:\/\/estudioscriticosgeopolitica.net\/index.php?rest_route=\/wp\/v2\/pages\/2148\/revisions"}],"predecessor-version":[{"id":2149,"href":"https:\/\/estudioscriticosgeopolitica.net\/index.php?rest_route=\/wp\/v2\/pages\/2148\/revisions\/2149"}],"wp:attachment":[{"href":"https:\/\/estudioscriticosgeopolitica.net\/index.php?rest_route=%2Fwp%2Fv2%2Fmedia&parent=2148"}],"curies":[{"name":"wp","href":"https:\/\/api.w.org\/{rel}","templated":true}]}}