{"id":2154,"date":"2025-09-26T14:44:22","date_gmt":"2025-09-26T20:44:22","guid":{"rendered":"https:\/\/estudioscriticosgeopolitica.net\/?page_id=2154"},"modified":"2025-09-26T14:44:28","modified_gmt":"2025-09-26T20:44:28","slug":"espacios-de-la-dominacion-debates-sobre-la-espacializacion-de-las-relaciones-de-poder","status":"publish","type":"page","link":"https:\/\/estudioscriticosgeopolitica.net\/?page_id=2154","title":{"rendered":"Espacios de la dominaci\u00f3n. Debates sobre la espacializaci\u00f3n de las relaciones de poder"},"content":{"rendered":"\n<div class=\"_df_book df-lite\" id=\"df_2152\"  _slug=\"espacios-de-la-dominacion-debates-sobre-la-espacializacion-de-las-relaciones-de-poder\" data-title=\"espacios-de-la-dominacion-debates-sobre-la-espacializacion-de-las-relaciones-de-poder\" wpoptions=\"true\" thumb=\"http:\/\/estudioscriticosgeopolitica.net\/wp-content\/uploads\/2021\/10\/libro-4-2.jpg\" thumbtype=\"\" ><\/div><script class=\"df-shortcode-script\" nowprocket type=\"application\/javascript\">window.option_df_2152 = {\"outline\":[],\"autoEnableOutline\":\"false\",\"autoEnableThumbnail\":\"false\",\"overwritePDFOutline\":\"false\",\"direction\":\"1\",\"pageSize\":\"0\",\"source\":\"http:\\\/\\\/estudioscriticosgeopolitica.net\\\/wp-content\\\/uploads\\\/2025\\\/09\\\/coord-2018-Espacios-de-la-dominacion.pdf\",\"wpOptions\":\"true\"}; if(window.DFLIP && window.DFLIP.parseBooks){window.DFLIP.parseBooks();}<\/script>\n\n\n\n<p>Vivimos en tiempos interesantes, La realidad mundial imperante, las diversas escalas que la configuran, la cotidianidad de la reproducci\u00f3n sist\u00e9mica, nos orillan a pensar en nuestro momento hist\u00f3rico. La crisis radical a la que nos enfrentamos acent\u00faa la urgencia de reflexionar te\u00f3rica mundo y sus desigualdades constitutivas, al tiempo que nos llama a mirar e interpretar las realidades concretas, no en un sentido contemplativo, sino con un \u00edmpetu transformador. Pensar las soluciones a las problem\u00e1ticas actuales, atraviesa por observar y comprender las contradicciones gestadas en el momento presente, en las determinaciones materiales y simb\u00f3licas que nos atan y condicionan, pero jam\u00e1s nos determinan de forma absoluta y \u00fanica.<\/p>\n","protected":false},"excerpt":{"rendered":"<p>Vivimos en tiempos interesantes, La realidad mundial imperante, las diversas escalas que la configuran, la cotidianidad de la reproducci\u00f3n sist\u00e9mica, nos orillan a pensar en nuestro momento hist\u00f3rico. La crisis radical a la que nos enfrentamos acent\u00faa la urgencia de reflexionar te\u00f3rica mundo y sus desigualdades constitutivas, al tiempo que nos llama a mirar e [&hellip;]<\/p>\n","protected":false},"author":1,"featured_media":0,"parent":0,"menu_order":0,"comment_status":"closed","ping_status":"closed","template":"","meta":{"_monsterinsights_skip_tracking":false,"_monsterinsights_sitenote_active":false,"_monsterinsights_sitenote_note":"","_monsterinsights_sitenote_category":0,"site-sidebar-layout":"default","site-content-layout":"","ast-site-content-layout":"default","site-content-style":"default","site-sidebar-style":"default","ast-global-header-display":"","ast-banner-title-visibility":"","ast-main-header-display":"","ast-hfb-above-header-display":"","ast-hfb-below-header-display":"","ast-hfb-mobile-header-display":"","site-post-title":"","ast-breadcrumbs-content":"","ast-featured-img":"","footer-sml-layout":"","theme-transparent-header-meta":"","adv-header-id-meta":"","stick-header-meta":"","header-above-stick-meta":"","header-main-stick-meta":"","header-below-stick-meta":"","astra-migrate-meta-layouts":"set","ast-page-background-enabled":"default","ast-page-background-meta":{"desktop":{"background-color":"","background-image":"","background-repeat":"repeat","background-position":"center center","background-size":"auto","background-attachment":"scroll","background-type":"","background-media":"","overlay-type":"","overlay-color":"","overlay-opacity":"","overlay-gradient":""},"tablet":{"background-color":"","background-image":"","background-repeat":"repeat","background-position":"center center","background-size":"auto","background-attachment":"scroll","background-type":"","background-media":"","overlay-type":"","overlay-color":"","overlay-opacity":"","overlay-gradient":""},"mobile":{"background-color":"","background-image":"","background-repeat":"repeat","background-position":"center center","background-size":"auto","background-attachment":"scroll","background-type":"","background-media":"","overlay-type":"","overlay-color":"","overlay-opacity":"","overlay-gradient":""}},"ast-content-background-meta":{"desktop":{"background-color":"var(--ast-global-color-5)","background-image":"","background-repeat":"repeat","background-position":"center center","background-size":"auto","background-attachment":"scroll","background-type":"","background-media":"","overlay-type":"","overlay-color":"","overlay-opacity":"","overlay-gradient":""},"tablet":{"background-color":"var(--ast-global-color-5)","background-image":"","background-repeat":"repeat","background-position":"center center","background-size":"auto","background-attachment":"scroll","background-type":"","background-media":"","overlay-type":"","overlay-color":"","overlay-opacity":"","overlay-gradient":""},"mobile":{"background-color":"var(--ast-global-color-5)","background-image":"","background-repeat":"repeat","background-position":"center center","background-size":"auto","background-attachment":"scroll","background-type":"","background-media":"","overlay-type":"","overlay-color":"","overlay-opacity":"","overlay-gradient":""}},"footnotes":""},"class_list":["post-2154","page","type-page","status-publish","hentry"],"_links":{"self":[{"href":"https:\/\/estudioscriticosgeopolitica.net\/index.php?rest_route=\/wp\/v2\/pages\/2154","targetHints":{"allow":["GET"]}}],"collection":[{"href":"https:\/\/estudioscriticosgeopolitica.net\/index.php?rest_route=\/wp\/v2\/pages"}],"about":[{"href":"https:\/\/estudioscriticosgeopolitica.net\/index.php?rest_route=\/wp\/v2\/types\/page"}],"author":[{"embeddable":true,"href":"https:\/\/estudioscriticosgeopolitica.net\/index.php?rest_route=\/wp\/v2\/users\/1"}],"replies":[{"embeddable":true,"href":"https:\/\/estudioscriticosgeopolitica.net\/index.php?rest_route=%2Fwp%2Fv2%2Fcomments&post=2154"}],"version-history":[{"count":1,"href":"https:\/\/estudioscriticosgeopolitica.net\/index.php?rest_route=\/wp\/v2\/pages\/2154\/revisions"}],"predecessor-version":[{"id":2155,"href":"https:\/\/estudioscriticosgeopolitica.net\/index.php?rest_route=\/wp\/v2\/pages\/2154\/revisions\/2155"}],"wp:attachment":[{"href":"https:\/\/estudioscriticosgeopolitica.net\/index.php?rest_route=%2Fwp%2Fv2%2Fmedia&parent=2154"}],"curies":[{"name":"wp","href":"https:\/\/api.w.org\/{rel}","templated":true}]}}